{"id":2067,"date":"2024-09-17T15:48:53","date_gmt":"2024-09-17T15:48:53","guid":{"rendered":"https:\/\/slagerijhamza.be\/?post_type=product&#038;p=2067"},"modified":"2024-09-25T11:16:26","modified_gmt":"2024-09-25T11:16:26","slug":"kippenbouten","status":"publish","type":"product","link":"https:\/\/slagerijhamza.be\/tr\/urun\/kippenbouten\/","title":{"rendered":"Tavuk but"},"content":{"rendered":"","protected":false},"excerpt":{"rendered":"<p>Taze ve lezzetli tavuk butlar\u0131, y\u00fcksek protein i\u00e7eri\u011fi ve zengin aromas\u0131 ile mutfaklar\u0131n vazge\u00e7ilmezleri aras\u0131nda yer al\u0131r. D\u0131\u015f k\u0131sm\u0131 \u00e7\u0131t\u0131r, i\u00e7 k\u0131sm\u0131 ise yumu\u015fak ve sulu olan bu et, \u00f6zellikle f\u0131r\u0131nda veya \u0131zgarada pi\u015firildi\u011finde muhte\u015fem bir lezzet sunar.\n\nTavuk but, \u00e7e\u015fitli marineler ve baharatlarla tatland\u0131r\u0131larak, zengin ve doyurucu bir yemek olu\u015fturulabilir. Sebzelerle birlikte pi\u015firildi\u011finde, hem besleyici hem de renkli bir yemek ortaya \u00e7\u0131kar. Aile yemeklerinden \u00f6zel davetlere kadar her t\u00fcrl\u00fc sofrada yer alabilen bu \u00fcr\u00fcn, sa\u011fl\u0131kl\u0131 ve lezzetli bir alternatif sunar.\n\nTavuk but, \u00e7ocuklar ve yeti\u015fkinler i\u00e7in keyifli bir lezzet deneyimi sa\u011flarken, pratik kullan\u0131m\u0131 ile de mutfakta zamandan tasarruf etmenizi sa\u011flar.<\/p>","protected":false},"featured_media":2200,"template":"","meta":{"site-sidebar-layout":"default","site-content-layout":"","ast-site-content-layout":"default","site-content-style":"default","site-sidebar-style":"default","ast-global-header-display":"","ast-banner-title-visibility":"","ast-main-header-display":"","ast-hfb-above-header-display":"","ast-hfb-below-header-display":"","ast-hfb-mobile-header-display":"","site-post-title":"","ast-breadcrumbs-content":"","ast-featured-img":"","footer-sml-layout":"","theme-transparent-header-meta":"default","adv-header-id-meta":"","stick-header-meta":"","header-above-stick-meta":"","header-main-stick-meta":"","header-below-stick-meta":"","astra-migrate-meta-layouts":"set","ast-page-background-enabled":"default","ast-page-background-meta":{"desktop":{"background-color":"","background-image":"","background-repeat":"repeat","background-position":"center center","background-size":"auto","background-attachment":"scroll","background-type":"","background-media":"","overlay-type":"","overlay-color":"","overlay-opacity":"","overlay-gradient":""},"tablet":{"background-color":"","background-image":"","background-repeat":"repeat","background-position":"center center","background-size":"auto","background-attachment":"scroll","background-type":"","background-media":"","overlay-type":"","overlay-color":"","overlay-opacity":"","overlay-gradient":""},"mobile":{"background-color":"","background-image":"","background-repeat":"repeat","background-position":"center center","background-size":"auto","background-attachment":"scroll","background-type":"","background-media":"","overlay-type":"","overlay-color":"","overlay-opacity":"","overlay-gradient":""}},"ast-content-background-meta":{"desktop":{"background-color":"var(--ast-global-color-5)","background-image":"","background-repeat":"repeat","background-position":"center center","background-size":"auto","background-attachment":"scroll","background-type":"","background-media":"","overlay-type":"","overlay-color":"","overlay-opacity":"","overlay-gradient":""},"tablet":{"background-color":"var(--ast-global-color-5)","background-image":"","background-repeat":"repeat","background-position":"center center","background-size":"auto","background-attachment":"scroll","background-type":"","background-media":"","overlay-type":"","overlay-color":"","overlay-opacity":"","overlay-gradient":""},"mobile":{"background-color":"var(--ast-global-color-5)","background-image":"","background-repeat":"repeat","background-position":"center center","background-size":"auto","background-attachment":"scroll","background-type":"","background-media":"","overlay-type":"","overlay-color":"","overlay-opacity":"","overlay-gradient":""}}},"product_brand":[],"product_cat":[39],"product_tag":[],"class_list":{"0":"post-2067","1":"product","2":"type-product","3":"status-publish","4":"has-post-thumbnail","6":"product_cat-kip","7":"desktop-align-left","8":"tablet-align-left","9":"mobile-align-left","11":"first","12":"instock","13":"shipping-taxable","14":"product-type-simple"},"yoast_head":"<!-- This site is optimized with the Yoast SEO plugin v23.7 - https:\/\/yoast.com\/wordpress\/plugins\/seo\/ -->\n<title>Kippenbouten - Slagerij Hamza<\/title>\n<meta name=\"robots\" content=\"index, follow, max-snippet:-1, max-image-preview:large, max-video-preview:-1\" \/>\n<link rel=\"canonical\" href=\"https:\/\/slagerijhamza.be\/tr\/urun\/kippenbouten\/\" \/>\n<meta property=\"og:locale\" content=\"tr_TR\" \/>\n<meta property=\"og:type\" content=\"article\" \/>\n<meta property=\"og:title\" content=\"Kippenbouten - Slagerij Hamza\" \/>\n<meta property=\"og:description\" content=\"Kippenbouten zijn een favoriet stuk kipvlees vanwege hun rijke smaak en sappige textuur. Dit deel van de kip bestaat uit de dij en de drumstick, en is ideaal voor een verscheidenheid aan bereidingen zoals bakken, grillen of roosteren. Door het vet en de huid blijven de bouten heerlijk mals en vol van smaak tijdens het koken. Kippenbouten kunnen worden gekruid met een scala aan specerijen of marinades, waardoor ze perfect passen bij zowel alledaagse maaltijden als speciale gelegenheden. Serveer ze met aardappelen, rijst of een frisse salade voor een complete en bevredigende maaltijd.\" \/>\n<meta property=\"og:url\" content=\"https:\/\/slagerijhamza.be\/tr\/urun\/kippenbouten\/\" \/>\n<meta property=\"og:site_name\" content=\"Slagerij Hamza\" \/>\n<meta property=\"article:publisher\" content=\"https:\/\/www.facebook.com\/profile.php?id=61566484065698\" \/>\n<meta property=\"article:modified_time\" content=\"2024-09-25T11:16:26+00:00\" \/>\n<meta property=\"og:image\" content=\"https:\/\/slagerijhamza.be\/wp-content\/uploads\/2024\/09\/kippenbout.jpg\" \/>\n\t<meta property=\"og:image:width\" content=\"1080\" \/>\n\t<meta property=\"og:image:height\" content=\"1080\" \/>\n\t<meta property=\"og:image:type\" content=\"image\/jpeg\" \/>\n<meta name=\"twitter:card\" content=\"summary_large_image\" \/>\n<script type=\"application\/ld+json\" class=\"yoast-schema-graph\">{\"@context\":\"https:\/\/schema.org\",\"@graph\":[{\"@type\":\"WebPage\",\"@id\":\"https:\/\/slagerijhamza.be\/product\/kippenbouten\/\",\"url\":\"https:\/\/slagerijhamza.be\/product\/kippenbouten\/\",\"name\":\"Kippenbouten - Slagerij Hamza\",\"isPartOf\":{\"@id\":\"https:\/\/slagerijhamza.be\/#website\"},\"primaryImageOfPage\":{\"@id\":\"https:\/\/slagerijhamza.be\/product\/kippenbouten\/#primaryimage\"},\"image\":{\"@id\":\"https:\/\/slagerijhamza.be\/product\/kippenbouten\/#primaryimage\"},\"thumbnailUrl\":\"https:\/\/slagerijhamza.be\/wp-content\/uploads\/2024\/09\/kippenbout.jpg\",\"datePublished\":\"2024-09-17T15:48:53+00:00\",\"dateModified\":\"2024-09-25T11:16:26+00:00\",\"breadcrumb\":{\"@id\":\"https:\/\/slagerijhamza.be\/product\/kippenbouten\/#breadcrumb\"},\"inLanguage\":\"tr\",\"potentialAction\":[{\"@type\":\"ReadAction\",\"target\":[\"https:\/\/slagerijhamza.be\/product\/kippenbouten\/\"]}]},{\"@type\":\"ImageObject\",\"inLanguage\":\"tr\",\"@id\":\"https:\/\/slagerijhamza.be\/product\/kippenbouten\/#primaryimage\",\"url\":\"https:\/\/slagerijhamza.be\/wp-content\/uploads\/2024\/09\/kippenbout.jpg\",\"contentUrl\":\"https:\/\/slagerijhamza.be\/wp-content\/uploads\/2024\/09\/kippenbout.jpg\",\"width\":1080,\"height\":1080},{\"@type\":\"BreadcrumbList\",\"@id\":\"https:\/\/slagerijhamza.be\/product\/kippenbouten\/#breadcrumb\",\"itemListElement\":[{\"@type\":\"ListItem\",\"position\":1,\"name\":\"Home\",\"item\":\"https:\/\/slagerijhamza.be\/\"},{\"@type\":\"ListItem\",\"position\":2,\"name\":\"Aanbod\",\"item\":\"https:\/\/slagerijhamza.be\/aanbod\/\"},{\"@type\":\"ListItem\",\"position\":3,\"name\":\"Kippenbouten\"}]},{\"@type\":\"WebSite\",\"@id\":\"https:\/\/slagerijhamza.be\/#website\",\"url\":\"https:\/\/slagerijhamza.be\/\",\"name\":\"Slagerij Hamza\",\"description\":\"Halal vlees\",\"publisher\":{\"@id\":\"https:\/\/slagerijhamza.be\/#organization\"},\"potentialAction\":[{\"@type\":\"SearchAction\",\"target\":{\"@type\":\"EntryPoint\",\"urlTemplate\":\"https:\/\/slagerijhamza.be\/?s={search_term_string}\"},\"query-input\":{\"@type\":\"PropertyValueSpecification\",\"valueRequired\":true,\"valueName\":\"search_term_string\"}}],\"inLanguage\":\"tr\"},{\"@type\":\"Organization\",\"@id\":\"https:\/\/slagerijhamza.be\/#organization\",\"name\":\"Slagerij Hamza\",\"url\":\"https:\/\/slagerijhamza.be\/\",\"logo\":{\"@type\":\"ImageObject\",\"inLanguage\":\"tr\",\"@id\":\"https:\/\/slagerijhamza.be\/#\/schema\/logo\/image\/\",\"url\":\"https:\/\/slagerijhamza.be\/wp-content\/uploads\/2024\/09\/cropped-Ontwerp-zonder-titel-2024-09-18T143535.224-e1726663018490-1.png\",\"contentUrl\":\"https:\/\/slagerijhamza.be\/wp-content\/uploads\/2024\/09\/cropped-Ontwerp-zonder-titel-2024-09-18T143535.224-e1726663018490-1.png\",\"width\":525,\"height\":400,\"caption\":\"Slagerij Hamza\"},\"image\":{\"@id\":\"https:\/\/slagerijhamza.be\/#\/schema\/logo\/image\/\"},\"sameAs\":[\"https:\/\/www.facebook.com\/profile.php?id=61566484065698\",\"https:\/\/www.instagram.com\/slagerijhamza\"]}]}<\/script>\n<!-- \/ Yoast SEO plugin. -->","yoast_head_json":{"title":"Kippenbouten - Slagerij Hamza","robots":{"index":"index","follow":"follow","max-snippet":"max-snippet:-1","max-image-preview":"max-image-preview:large","max-video-preview":"max-video-preview:-1"},"canonical":"https:\/\/slagerijhamza.be\/tr\/urun\/kippenbouten\/","og_locale":"tr_TR","og_type":"article","og_title":"Kippenbouten - Slagerij Hamza","og_description":"Kippenbouten zijn een favoriet stuk kipvlees vanwege hun rijke smaak en sappige textuur. Dit deel van de kip bestaat uit de dij en de drumstick, en is ideaal voor een verscheidenheid aan bereidingen zoals bakken, grillen of roosteren. Door het vet en de huid blijven de bouten heerlijk mals en vol van smaak tijdens het koken. Kippenbouten kunnen worden gekruid met een scala aan specerijen of marinades, waardoor ze perfect passen bij zowel alledaagse maaltijden als speciale gelegenheden. Serveer ze met aardappelen, rijst of een frisse salade voor een complete en bevredigende maaltijd.","og_url":"https:\/\/slagerijhamza.be\/tr\/urun\/kippenbouten\/","og_site_name":"Slagerij Hamza","article_publisher":"https:\/\/www.facebook.com\/profile.php?id=61566484065698","article_modified_time":"2024-09-25T11:16:26+00:00","og_image":[{"width":1080,"height":1080,"url":"https:\/\/slagerijhamza.be\/wp-content\/uploads\/2024\/09\/kippenbout.jpg","type":"image\/jpeg"}],"twitter_card":"summary_large_image","schema":{"@context":"https:\/\/schema.org","@graph":[{"@type":"WebPage","@id":"https:\/\/slagerijhamza.be\/product\/kippenbouten\/","url":"https:\/\/slagerijhamza.be\/product\/kippenbouten\/","name":"Kippenbouten - Slagerij Hamza","isPartOf":{"@id":"https:\/\/slagerijhamza.be\/#website"},"primaryImageOfPage":{"@id":"https:\/\/slagerijhamza.be\/product\/kippenbouten\/#primaryimage"},"image":{"@id":"https:\/\/slagerijhamza.be\/product\/kippenbouten\/#primaryimage"},"thumbnailUrl":"https:\/\/slagerijhamza.be\/wp-content\/uploads\/2024\/09\/kippenbout.jpg","datePublished":"2024-09-17T15:48:53+00:00","dateModified":"2024-09-25T11:16:26+00:00","breadcrumb":{"@id":"https:\/\/slagerijhamza.be\/product\/kippenbouten\/#breadcrumb"},"inLanguage":"tr","potentialAction":[{"@type":"ReadAction","target":["https:\/\/slagerijhamza.be\/product\/kippenbouten\/"]}]},{"@type":"ImageObject","inLanguage":"tr","@id":"https:\/\/slagerijhamza.be\/product\/kippenbouten\/#primaryimage","url":"https:\/\/slagerijhamza.be\/wp-content\/uploads\/2024\/09\/kippenbout.jpg","contentUrl":"https:\/\/slagerijhamza.be\/wp-content\/uploads\/2024\/09\/kippenbout.jpg","width":1080,"height":1080},{"@type":"BreadcrumbList","@id":"https:\/\/slagerijhamza.be\/product\/kippenbouten\/#breadcrumb","itemListElement":[{"@type":"ListItem","position":1,"name":"Home","item":"https:\/\/slagerijhamza.be\/"},{"@type":"ListItem","position":2,"name":"Aanbod","item":"https:\/\/slagerijhamza.be\/aanbod\/"},{"@type":"ListItem","position":3,"name":"Kippenbouten"}]},{"@type":"WebSite","@id":"https:\/\/slagerijhamza.be\/#website","url":"https:\/\/slagerijhamza.be\/","name":"Kasap Hamza'n\u0131n d\u00fckkan\u0131na","description":"Helal kesim","publisher":{"@id":"https:\/\/slagerijhamza.be\/#organization"},"potentialAction":[{"@type":"SearchAction","target":{"@type":"EntryPoint","urlTemplate":"https:\/\/slagerijhamza.be\/?s={search_term_string}"},"query-input":{"@type":"PropertyValueSpecification","valueRequired":true,"valueName":"search_term_string"}}],"inLanguage":"tr"},{"@type":"Organization","@id":"https:\/\/slagerijhamza.be\/#organization","name":"Kasap Hamza'n\u0131n d\u00fckkan\u0131na","url":"https:\/\/slagerijhamza.be\/","logo":{"@type":"ImageObject","inLanguage":"tr","@id":"https:\/\/slagerijhamza.be\/#\/schema\/logo\/image\/","url":"https:\/\/slagerijhamza.be\/wp-content\/uploads\/2024\/09\/cropped-Ontwerp-zonder-titel-2024-09-18T143535.224-e1726663018490-1.png","contentUrl":"https:\/\/slagerijhamza.be\/wp-content\/uploads\/2024\/09\/cropped-Ontwerp-zonder-titel-2024-09-18T143535.224-e1726663018490-1.png","width":525,"height":400,"caption":"Slagerij Hamza"},"image":{"@id":"https:\/\/slagerijhamza.be\/#\/schema\/logo\/image\/"},"sameAs":["https:\/\/www.facebook.com\/profile.php?id=61566484065698","https:\/\/www.instagram.com\/slagerijhamza"]}]}},"_links":{"self":[{"href":"https:\/\/slagerijhamza.be\/tr\/wp-json\/wp\/v2\/product\/2067","targetHints":{"allow":["GET"]}}],"collection":[{"href":"https:\/\/slagerijhamza.be\/tr\/wp-json\/wp\/v2\/product"}],"about":[{"href":"https:\/\/slagerijhamza.be\/tr\/wp-json\/wp\/v2\/types\/product"}],"wp:featuredmedia":[{"embeddable":true,"href":"https:\/\/slagerijhamza.be\/tr\/wp-json\/wp\/v2\/media\/2200"}],"wp:attachment":[{"href":"https:\/\/slagerijhamza.be\/tr\/wp-json\/wp\/v2\/media?parent=2067"}],"wp:term":[{"taxonomy":"product_brand","embeddable":true,"href":"https:\/\/slagerijhamza.be\/tr\/wp-json\/wp\/v2\/product_brand?post=2067"},{"taxonomy":"product_cat","embeddable":true,"href":"https:\/\/slagerijhamza.be\/tr\/wp-json\/wp\/v2\/product_cat?post=2067"},{"taxonomy":"product_tag","embeddable":true,"href":"https:\/\/slagerijhamza.be\/tr\/wp-json\/wp\/v2\/product_tag?post=2067"}],"curies":[{"name":"wp","href":"https:\/\/api.w.org\/{rel}","templated":true}]}}