{"id":2047,"date":"2024-09-17T15:48:17","date_gmt":"2024-09-17T15:48:17","guid":{"rendered":"https:\/\/slagerijhamza.be\/?post_type=product&#038;p=2047"},"modified":"2024-09-25T12:17:41","modified_gmt":"2024-09-25T12:17:41","slug":"lams-pens","status":"publish","type":"product","link":"https:\/\/slagerijhamza.be\/tr\/urun\/lams-pens\/","title":{"rendered":"Kuzu i\u015fkembe"},"content":{"rendered":"","protected":false},"excerpt":{"rendered":"<p>Besleyici ve lezzetli bir se\u00e7enek olan kuzu i\u015fkembe, taze kuzu etinin sindirim sisteminin bir par\u00e7as\u0131d\u0131r. Zengin protein i\u00e7eri\u011fi ile sa\u011fl\u0131kl\u0131 bir alternatif sunar. \u00d6zel soslarla pi\u015firildi\u011finde, yumu\u015fak dokusu ve yo\u011fun lezzeti ile damaklarda unutulmaz bir tat b\u0131rak\u0131r.\n\nKuzu i\u015fkembe, genellikle ha\u015flama veya g\u00fcve\u00e7te pi\u015firilerek haz\u0131rlan\u0131r. Bu y\u00f6ntem, etin do\u011fal tad\u0131n\u0131 ortaya \u00e7\u0131kar\u0131r ve besin de\u011ferlerini korur. Farkl\u0131 baharatlar ve sebzelerle zenginle\u015ftirildi\u011finde, lezzetli bir ana yemek ya da \u00e7orba alternatifi haline gelir.\n\nSofralar\u0131n\u0131za hem \u015f\u0131kl\u0131k hem de zenginlik katacak bu \u00fcr\u00fcn, \u00f6zellikle geleneksel yemeklerde s\u0131k\u00e7a tercih edilen bir malzemedir. Aile yemeklerinde veya \u00f6zel g\u00fcnlerde konuklar\u0131n\u0131z\u0131 etkileyecek harika bir se\u00e7enektir.<\/p>","protected":false},"featured_media":2231,"template":"","meta":{"site-sidebar-layout":"default","site-content-layout":"","ast-site-content-layout":"default","site-content-style":"default","site-sidebar-style":"default","ast-global-header-display":"","ast-banner-title-visibility":"","ast-main-header-display":"","ast-hfb-above-header-display":"","ast-hfb-below-header-display":"","ast-hfb-mobile-header-display":"","site-post-title":"","ast-breadcrumbs-content":"","ast-featured-img":"","footer-sml-layout":"","theme-transparent-header-meta":"default","adv-header-id-meta":"","stick-header-meta":"","header-above-stick-meta":"","header-main-stick-meta":"","header-below-stick-meta":"","astra-migrate-meta-layouts":"set","ast-page-background-enabled":"default","ast-page-background-meta":{"desktop":{"background-color":"","background-image":"","background-repeat":"repeat","background-position":"center center","background-size":"auto","background-attachment":"scroll","background-type":"","background-media":"","overlay-type":"","overlay-color":"","overlay-opacity":"","overlay-gradient":""},"tablet":{"background-color":"","background-image":"","background-repeat":"repeat","background-position":"center center","background-size":"auto","background-attachment":"scroll","background-type":"","background-media":"","overlay-type":"","overlay-color":"","overlay-opacity":"","overlay-gradient":""},"mobile":{"background-color":"","background-image":"","background-repeat":"repeat","background-position":"center center","background-size":"auto","background-attachment":"scroll","background-type":"","background-media":"","overlay-type":"","overlay-color":"","overlay-opacity":"","overlay-gradient":""}},"ast-content-background-meta":{"desktop":{"background-color":"var(--ast-global-color-5)","background-image":"","background-repeat":"repeat","background-position":"center center","background-size":"auto","background-attachment":"scroll","background-type":"","background-media":"","overlay-type":"","overlay-color":"","overlay-opacity":"","overlay-gradient":""},"tablet":{"background-color":"var(--ast-global-color-5)","background-image":"","background-repeat":"repeat","background-position":"center center","background-size":"auto","background-attachment":"scroll","background-type":"","background-media":"","overlay-type":"","overlay-color":"","overlay-opacity":"","overlay-gradient":""},"mobile":{"background-color":"var(--ast-global-color-5)","background-image":"","background-repeat":"repeat","background-position":"center center","background-size":"auto","background-attachment":"scroll","background-type":"","background-media":"","overlay-type":"","overlay-color":"","overlay-opacity":"","overlay-gradient":""}}},"product_brand":[],"product_cat":[36],"product_tag":[],"class_list":{"0":"post-2047","1":"product","2":"type-product","3":"status-publish","4":"has-post-thumbnail","6":"product_cat-lamsvlees","7":"desktop-align-left","8":"tablet-align-left","9":"mobile-align-left","11":"first","12":"instock","13":"shipping-taxable","14":"product-type-simple"},"yoast_head":"<!-- This site is optimized with the Yoast SEO plugin v23.7 - https:\/\/yoast.com\/wordpress\/plugins\/seo\/ -->\n<title>Lams pens - Slagerij Hamza<\/title>\n<meta name=\"robots\" content=\"index, follow, max-snippet:-1, max-image-preview:large, max-video-preview:-1\" \/>\n<link rel=\"canonical\" href=\"https:\/\/slagerijhamza.be\/tr\/urun\/lams-pens\/\" \/>\n<meta property=\"og:locale\" content=\"tr_TR\" \/>\n<meta property=\"og:type\" content=\"article\" \/>\n<meta property=\"og:title\" content=\"Lams pens - Slagerij Hamza\" \/>\n<meta property=\"og:description\" content=\"Lams pens, ook wel lamsmaag genoemd, is een geliefd ingredi\u00ebnt in verschillende keukens vanwege zijn unieke textuur en smaak. Dit orgaanvlees wordt vaak gebruikt in traditionele stoofschotels en soepen, waar het langzaam wordt gekookt om de zachte structuur en rijke smaak naar voren te brengen. Lams pens neemt goed de smaken van kruiden en specerijen op, waardoor het een perfect ingredi\u00ebnt is voor gerechten zoals haggis of pensstoofpotten. Dit voedzame orgaanvlees biedt een bijzondere smaakervaring voor avontuurlijke fijnproevers.\" \/>\n<meta property=\"og:url\" content=\"https:\/\/slagerijhamza.be\/tr\/urun\/lams-pens\/\" \/>\n<meta property=\"og:site_name\" content=\"Slagerij Hamza\" \/>\n<meta property=\"article:publisher\" content=\"https:\/\/www.facebook.com\/profile.php?id=61566484065698\" \/>\n<meta property=\"article:modified_time\" content=\"2024-09-25T12:17:41+00:00\" \/>\n<meta property=\"og:image\" content=\"https:\/\/slagerijhamza.be\/wp-content\/uploads\/2024\/09\/lams-pens.png\" \/>\n\t<meta property=\"og:image:width\" content=\"500\" \/>\n\t<meta property=\"og:image:height\" content=\"500\" \/>\n\t<meta property=\"og:image:type\" content=\"image\/png\" \/>\n<meta name=\"twitter:card\" content=\"summary_large_image\" \/>\n<script type=\"application\/ld+json\" class=\"yoast-schema-graph\">{\"@context\":\"https:\/\/schema.org\",\"@graph\":[{\"@type\":\"WebPage\",\"@id\":\"https:\/\/slagerijhamza.be\/product\/lams-pens\/\",\"url\":\"https:\/\/slagerijhamza.be\/product\/lams-pens\/\",\"name\":\"Lams pens - Slagerij Hamza\",\"isPartOf\":{\"@id\":\"https:\/\/slagerijhamza.be\/#website\"},\"primaryImageOfPage\":{\"@id\":\"https:\/\/slagerijhamza.be\/product\/lams-pens\/#primaryimage\"},\"image\":{\"@id\":\"https:\/\/slagerijhamza.be\/product\/lams-pens\/#primaryimage\"},\"thumbnailUrl\":\"https:\/\/slagerijhamza.be\/wp-content\/uploads\/2024\/09\/lams-pens.png\",\"datePublished\":\"2024-09-17T15:48:17+00:00\",\"dateModified\":\"2024-09-25T12:17:41+00:00\",\"breadcrumb\":{\"@id\":\"https:\/\/slagerijhamza.be\/product\/lams-pens\/#breadcrumb\"},\"inLanguage\":\"tr\",\"potentialAction\":[{\"@type\":\"ReadAction\",\"target\":[\"https:\/\/slagerijhamza.be\/product\/lams-pens\/\"]}]},{\"@type\":\"ImageObject\",\"inLanguage\":\"tr\",\"@id\":\"https:\/\/slagerijhamza.be\/product\/lams-pens\/#primaryimage\",\"url\":\"https:\/\/slagerijhamza.be\/wp-content\/uploads\/2024\/09\/lams-pens.png\",\"contentUrl\":\"https:\/\/slagerijhamza.be\/wp-content\/uploads\/2024\/09\/lams-pens.png\",\"width\":500,\"height\":500},{\"@type\":\"BreadcrumbList\",\"@id\":\"https:\/\/slagerijhamza.be\/product\/lams-pens\/#breadcrumb\",\"itemListElement\":[{\"@type\":\"ListItem\",\"position\":1,\"name\":\"Home\",\"item\":\"https:\/\/slagerijhamza.be\/\"},{\"@type\":\"ListItem\",\"position\":2,\"name\":\"Aanbod\",\"item\":\"https:\/\/slagerijhamza.be\/aanbod\/\"},{\"@type\":\"ListItem\",\"position\":3,\"name\":\"Lams pens\"}]},{\"@type\":\"WebSite\",\"@id\":\"https:\/\/slagerijhamza.be\/#website\",\"url\":\"https:\/\/slagerijhamza.be\/\",\"name\":\"Slagerij Hamza\",\"description\":\"Halal vlees\",\"publisher\":{\"@id\":\"https:\/\/slagerijhamza.be\/#organization\"},\"potentialAction\":[{\"@type\":\"SearchAction\",\"target\":{\"@type\":\"EntryPoint\",\"urlTemplate\":\"https:\/\/slagerijhamza.be\/?s={search_term_string}\"},\"query-input\":{\"@type\":\"PropertyValueSpecification\",\"valueRequired\":true,\"valueName\":\"search_term_string\"}}],\"inLanguage\":\"tr\"},{\"@type\":\"Organization\",\"@id\":\"https:\/\/slagerijhamza.be\/#organization\",\"name\":\"Slagerij Hamza\",\"url\":\"https:\/\/slagerijhamza.be\/\",\"logo\":{\"@type\":\"ImageObject\",\"inLanguage\":\"tr\",\"@id\":\"https:\/\/slagerijhamza.be\/#\/schema\/logo\/image\/\",\"url\":\"https:\/\/slagerijhamza.be\/wp-content\/uploads\/2024\/09\/cropped-Ontwerp-zonder-titel-2024-09-18T143535.224-e1726663018490-1.png\",\"contentUrl\":\"https:\/\/slagerijhamza.be\/wp-content\/uploads\/2024\/09\/cropped-Ontwerp-zonder-titel-2024-09-18T143535.224-e1726663018490-1.png\",\"width\":525,\"height\":400,\"caption\":\"Slagerij Hamza\"},\"image\":{\"@id\":\"https:\/\/slagerijhamza.be\/#\/schema\/logo\/image\/\"},\"sameAs\":[\"https:\/\/www.facebook.com\/profile.php?id=61566484065698\",\"https:\/\/www.instagram.com\/slagerijhamza\"]}]}<\/script>\n<!-- \/ Yoast SEO plugin. -->","yoast_head_json":{"title":"Lams pens - Slagerij Hamza","robots":{"index":"index","follow":"follow","max-snippet":"max-snippet:-1","max-image-preview":"max-image-preview:large","max-video-preview":"max-video-preview:-1"},"canonical":"https:\/\/slagerijhamza.be\/tr\/urun\/lams-pens\/","og_locale":"tr_TR","og_type":"article","og_title":"Lams pens - Slagerij Hamza","og_description":"Lams pens, ook wel lamsmaag genoemd, is een geliefd ingredi\u00ebnt in verschillende keukens vanwege zijn unieke textuur en smaak. Dit orgaanvlees wordt vaak gebruikt in traditionele stoofschotels en soepen, waar het langzaam wordt gekookt om de zachte structuur en rijke smaak naar voren te brengen. Lams pens neemt goed de smaken van kruiden en specerijen op, waardoor het een perfect ingredi\u00ebnt is voor gerechten zoals haggis of pensstoofpotten. Dit voedzame orgaanvlees biedt een bijzondere smaakervaring voor avontuurlijke fijnproevers.","og_url":"https:\/\/slagerijhamza.be\/tr\/urun\/lams-pens\/","og_site_name":"Slagerij Hamza","article_publisher":"https:\/\/www.facebook.com\/profile.php?id=61566484065698","article_modified_time":"2024-09-25T12:17:41+00:00","og_image":[{"width":500,"height":500,"url":"https:\/\/slagerijhamza.be\/wp-content\/uploads\/2024\/09\/lams-pens.png","type":"image\/png"}],"twitter_card":"summary_large_image","schema":{"@context":"https:\/\/schema.org","@graph":[{"@type":"WebPage","@id":"https:\/\/slagerijhamza.be\/product\/lams-pens\/","url":"https:\/\/slagerijhamza.be\/product\/lams-pens\/","name":"Lams pens - Slagerij Hamza","isPartOf":{"@id":"https:\/\/slagerijhamza.be\/#website"},"primaryImageOfPage":{"@id":"https:\/\/slagerijhamza.be\/product\/lams-pens\/#primaryimage"},"image":{"@id":"https:\/\/slagerijhamza.be\/product\/lams-pens\/#primaryimage"},"thumbnailUrl":"https:\/\/slagerijhamza.be\/wp-content\/uploads\/2024\/09\/lams-pens.png","datePublished":"2024-09-17T15:48:17+00:00","dateModified":"2024-09-25T12:17:41+00:00","breadcrumb":{"@id":"https:\/\/slagerijhamza.be\/product\/lams-pens\/#breadcrumb"},"inLanguage":"tr","potentialAction":[{"@type":"ReadAction","target":["https:\/\/slagerijhamza.be\/product\/lams-pens\/"]}]},{"@type":"ImageObject","inLanguage":"tr","@id":"https:\/\/slagerijhamza.be\/product\/lams-pens\/#primaryimage","url":"https:\/\/slagerijhamza.be\/wp-content\/uploads\/2024\/09\/lams-pens.png","contentUrl":"https:\/\/slagerijhamza.be\/wp-content\/uploads\/2024\/09\/lams-pens.png","width":500,"height":500},{"@type":"BreadcrumbList","@id":"https:\/\/slagerijhamza.be\/product\/lams-pens\/#breadcrumb","itemListElement":[{"@type":"ListItem","position":1,"name":"Home","item":"https:\/\/slagerijhamza.be\/"},{"@type":"ListItem","position":2,"name":"Aanbod","item":"https:\/\/slagerijhamza.be\/aanbod\/"},{"@type":"ListItem","position":3,"name":"Lams pens"}]},{"@type":"WebSite","@id":"https:\/\/slagerijhamza.be\/#website","url":"https:\/\/slagerijhamza.be\/","name":"Kasap Hamza'n\u0131n d\u00fckkan\u0131na","description":"Helal kesim","publisher":{"@id":"https:\/\/slagerijhamza.be\/#organization"},"potentialAction":[{"@type":"SearchAction","target":{"@type":"EntryPoint","urlTemplate":"https:\/\/slagerijhamza.be\/?s={search_term_string}"},"query-input":{"@type":"PropertyValueSpecification","valueRequired":true,"valueName":"search_term_string"}}],"inLanguage":"tr"},{"@type":"Organization","@id":"https:\/\/slagerijhamza.be\/#organization","name":"Kasap Hamza'n\u0131n d\u00fckkan\u0131na","url":"https:\/\/slagerijhamza.be\/","logo":{"@type":"ImageObject","inLanguage":"tr","@id":"https:\/\/slagerijhamza.be\/#\/schema\/logo\/image\/","url":"https:\/\/slagerijhamza.be\/wp-content\/uploads\/2024\/09\/cropped-Ontwerp-zonder-titel-2024-09-18T143535.224-e1726663018490-1.png","contentUrl":"https:\/\/slagerijhamza.be\/wp-content\/uploads\/2024\/09\/cropped-Ontwerp-zonder-titel-2024-09-18T143535.224-e1726663018490-1.png","width":525,"height":400,"caption":"Slagerij Hamza"},"image":{"@id":"https:\/\/slagerijhamza.be\/#\/schema\/logo\/image\/"},"sameAs":["https:\/\/www.facebook.com\/profile.php?id=61566484065698","https:\/\/www.instagram.com\/slagerijhamza"]}]}},"_links":{"self":[{"href":"https:\/\/slagerijhamza.be\/tr\/wp-json\/wp\/v2\/product\/2047","targetHints":{"allow":["GET"]}}],"collection":[{"href":"https:\/\/slagerijhamza.be\/tr\/wp-json\/wp\/v2\/product"}],"about":[{"href":"https:\/\/slagerijhamza.be\/tr\/wp-json\/wp\/v2\/types\/product"}],"wp:featuredmedia":[{"embeddable":true,"href":"https:\/\/slagerijhamza.be\/tr\/wp-json\/wp\/v2\/media\/2231"}],"wp:attachment":[{"href":"https:\/\/slagerijhamza.be\/tr\/wp-json\/wp\/v2\/media?parent=2047"}],"wp:term":[{"taxonomy":"product_brand","embeddable":true,"href":"https:\/\/slagerijhamza.be\/tr\/wp-json\/wp\/v2\/product_brand?post=2047"},{"taxonomy":"product_cat","embeddable":true,"href":"https:\/\/slagerijhamza.be\/tr\/wp-json\/wp\/v2\/product_cat?post=2047"},{"taxonomy":"product_tag","embeddable":true,"href":"https:\/\/slagerijhamza.be\/tr\/wp-json\/wp\/v2\/product_tag?post=2047"}],"curies":[{"name":"wp","href":"https:\/\/api.w.org\/{rel}","templated":true}]}}