{"id":2030,"date":"2024-09-17T15:47:47","date_gmt":"2024-09-17T15:47:47","guid":{"rendered":"https:\/\/slagerijhamza.be\/?post_type=product&#038;p=2030"},"modified":"2024-10-03T06:25:46","modified_gmt":"2024-10-03T06:25:46","slug":"lamsbout-met-been-gemarineerd","status":"publish","type":"product","link":"https:\/\/slagerijhamza.be\/tr\/urun\/lamsbout-met-been-gemarineerd\/","title":{"rendered":"Kemikle marine edilmi\u015f kuzu budu"},"content":{"rendered":"","protected":false},"excerpt":{"rendered":"<p>Zengin lezzeti ve besleyici yap\u0131s\u0131yla kemikle marine edilmi\u015f kuzu budu, taze kuzu etinin \u00f6zenle se\u00e7ilmi\u015f bir par\u00e7as\u0131d\u0131r. Kemik ile marine i\u015flemi, etin do\u011fal tad\u0131n\u0131 zenginle\u015ftirirken, yumu\u015fak ve sulu bir doku kazand\u0131r\u0131r.\n\nBu \u00fcr\u00fcn, yava\u015f pi\u015firme y\u00f6ntemleriyle haz\u0131rlanmak \u00fczere idealdir; f\u0131r\u0131nda veya g\u00fcve\u00e7te pi\u015firildi\u011finde m\u00fckemmel bir sonu\u00e7 elde edilir. Baharatlar ve sebzelerle zenginle\u015ftirildi\u011finde, \u00f6zellikle \u00f6zel g\u00fcnlerde ve aile yemeklerinde g\u00f6z al\u0131c\u0131 bir ana yemek sunar.\n\nY\u00fcksek protein i\u00e7eri\u011fiyle sa\u011fl\u0131kl\u0131 beslenme al\u0131\u015fkanl\u0131klar\u0131n\u0131za katk\u0131da bulunurken, lezzeti ile damak zevkinizi de tatmin eder. Sofralar\u0131n\u0131za hem zenginlik hem de \u015f\u0131kl\u0131k katacak bu \u00fcr\u00fcn, misafirlerinizi etkilemek i\u00e7in harika bir se\u00e7enektir.<\/p>","protected":false},"featured_media":0,"template":"","meta":{"site-sidebar-layout":"default","site-content-layout":"","ast-site-content-layout":"","site-content-style":"default","site-sidebar-style":"default","ast-global-header-display":"","ast-banner-title-visibility":"","ast-main-header-display":"","ast-hfb-above-header-display":"","ast-hfb-below-header-display":"","ast-hfb-mobile-header-display":"","site-post-title":"","ast-breadcrumbs-content":"","ast-featured-img":"","footer-sml-layout":"","theme-transparent-header-meta":"","adv-header-id-meta":"","stick-header-meta":"","header-above-stick-meta":"","header-main-stick-meta":"","header-below-stick-meta":"","astra-migrate-meta-layouts":"default","ast-page-background-enabled":"default","ast-page-background-meta":{"desktop":{"background-color":"","background-image":"","background-repeat":"repeat","background-position":"center center","background-size":"auto","background-attachment":"scroll","background-type":"","background-media":"","overlay-type":"","overlay-color":"","overlay-opacity":"","overlay-gradient":""},"tablet":{"background-color":"","background-image":"","background-repeat":"repeat","background-position":"center center","background-size":"auto","background-attachment":"scroll","background-type":"","background-media":"","overlay-type":"","overlay-color":"","overlay-opacity":"","overlay-gradient":""},"mobile":{"background-color":"","background-image":"","background-repeat":"repeat","background-position":"center center","background-size":"auto","background-attachment":"scroll","background-type":"","background-media":"","overlay-type":"","overlay-color":"","overlay-opacity":"","overlay-gradient":""}},"ast-content-background-meta":{"desktop":{"background-color":"var(--ast-global-color-5)","background-image":"","background-repeat":"repeat","background-position":"center center","background-size":"auto","background-attachment":"scroll","background-type":"","background-media":"","overlay-type":"","overlay-color":"","overlay-opacity":"","overlay-gradient":""},"tablet":{"background-color":"var(--ast-global-color-5)","background-image":"","background-repeat":"repeat","background-position":"center center","background-size":"auto","background-attachment":"scroll","background-type":"","background-media":"","overlay-type":"","overlay-color":"","overlay-opacity":"","overlay-gradient":""},"mobile":{"background-color":"var(--ast-global-color-5)","background-image":"","background-repeat":"repeat","background-position":"center center","background-size":"auto","background-attachment":"scroll","background-type":"","background-media":"","overlay-type":"","overlay-color":"","overlay-opacity":"","overlay-gradient":""}}},"product_brand":[],"product_cat":[36],"product_tag":[],"class_list":{"0":"post-2030","1":"product","2":"type-product","3":"status-publish","5":"product_cat-lamsvlees","6":"desktop-align-left","7":"tablet-align-left","8":"mobile-align-left","10":"first","11":"instock","12":"shipping-taxable","13":"product-type-simple"},"yoast_head":"<!-- This site is optimized with the Yoast SEO plugin v23.7 - https:\/\/yoast.com\/wordpress\/plugins\/seo\/ -->\n<title>Lamsbout met been gemarineerd - Slagerij Hamza<\/title>\n<meta name=\"robots\" content=\"index, follow, max-snippet:-1, max-image-preview:large, max-video-preview:-1\" \/>\n<link rel=\"canonical\" href=\"https:\/\/slagerijhamza.be\/tr\/urun\/lamsbout-met-been-gemarineerd\/\" \/>\n<meta property=\"og:locale\" content=\"tr_TR\" \/>\n<meta property=\"og:type\" content=\"article\" \/>\n<meta property=\"og:title\" content=\"Lamsbout met been gemarineerd - Slagerij Hamza\" \/>\n<meta property=\"og:description\" content=\"Onze gemarineerde lamsbout met been is een feestelijk stuk vlees dat perfect is voor speciale gelegenheden. De marinade, gemaakt van kruiden en specerijen, dringt diep door in het vlees en zorgt voor een rijke smaak. Wanneer het langzaam wordt geroosterd, blijft de lamsbout sappig en vol van smaak, met een knapperige buitenkant. Het been zorgt voor extra smaak en helpt het vlees vochtig te houden tijdens het koken. Serveer deze lamsbout met aardappelen en gegrilde groenten voor een indrukwekkend diner.\" \/>\n<meta property=\"og:url\" content=\"https:\/\/slagerijhamza.be\/tr\/urun\/lamsbout-met-been-gemarineerd\/\" \/>\n<meta property=\"og:site_name\" content=\"Slagerij Hamza\" \/>\n<meta property=\"article:publisher\" content=\"https:\/\/www.facebook.com\/profile.php?id=61566484065698\" \/>\n<meta property=\"article:modified_time\" content=\"2024-10-03T06:25:46+00:00\" \/>\n<meta name=\"twitter:card\" content=\"summary_large_image\" \/>\n<script type=\"application\/ld+json\" class=\"yoast-schema-graph\">{\"@context\":\"https:\/\/schema.org\",\"@graph\":[{\"@type\":\"WebPage\",\"@id\":\"https:\/\/slagerijhamza.be\/product\/lamsbout-met-been-gemarineerd\/\",\"url\":\"https:\/\/slagerijhamza.be\/product\/lamsbout-met-been-gemarineerd\/\",\"name\":\"Lamsbout met been gemarineerd - Slagerij Hamza\",\"isPartOf\":{\"@id\":\"https:\/\/slagerijhamza.be\/#website\"},\"datePublished\":\"2024-09-17T15:47:47+00:00\",\"dateModified\":\"2024-10-03T06:25:46+00:00\",\"breadcrumb\":{\"@id\":\"https:\/\/slagerijhamza.be\/product\/lamsbout-met-been-gemarineerd\/#breadcrumb\"},\"inLanguage\":\"tr\",\"potentialAction\":[{\"@type\":\"ReadAction\",\"target\":[\"https:\/\/slagerijhamza.be\/product\/lamsbout-met-been-gemarineerd\/\"]}]},{\"@type\":\"BreadcrumbList\",\"@id\":\"https:\/\/slagerijhamza.be\/product\/lamsbout-met-been-gemarineerd\/#breadcrumb\",\"itemListElement\":[{\"@type\":\"ListItem\",\"position\":1,\"name\":\"Home\",\"item\":\"https:\/\/slagerijhamza.be\/\"},{\"@type\":\"ListItem\",\"position\":2,\"name\":\"Aanbod\",\"item\":\"https:\/\/slagerijhamza.be\/aanbod\/\"},{\"@type\":\"ListItem\",\"position\":3,\"name\":\"Lamsbout met been gemarineerd\"}]},{\"@type\":\"WebSite\",\"@id\":\"https:\/\/slagerijhamza.be\/#website\",\"url\":\"https:\/\/slagerijhamza.be\/\",\"name\":\"Slagerij Hamza\",\"description\":\"Halal vlees\",\"publisher\":{\"@id\":\"https:\/\/slagerijhamza.be\/#organization\"},\"potentialAction\":[{\"@type\":\"SearchAction\",\"target\":{\"@type\":\"EntryPoint\",\"urlTemplate\":\"https:\/\/slagerijhamza.be\/?s={search_term_string}\"},\"query-input\":{\"@type\":\"PropertyValueSpecification\",\"valueRequired\":true,\"valueName\":\"search_term_string\"}}],\"inLanguage\":\"tr\"},{\"@type\":\"Organization\",\"@id\":\"https:\/\/slagerijhamza.be\/#organization\",\"name\":\"Slagerij Hamza\",\"url\":\"https:\/\/slagerijhamza.be\/\",\"logo\":{\"@type\":\"ImageObject\",\"inLanguage\":\"tr\",\"@id\":\"https:\/\/slagerijhamza.be\/#\/schema\/logo\/image\/\",\"url\":\"https:\/\/slagerijhamza.be\/wp-content\/uploads\/2024\/09\/cropped-Ontwerp-zonder-titel-2024-09-18T143535.224-e1726663018490-1.png\",\"contentUrl\":\"https:\/\/slagerijhamza.be\/wp-content\/uploads\/2024\/09\/cropped-Ontwerp-zonder-titel-2024-09-18T143535.224-e1726663018490-1.png\",\"width\":525,\"height\":400,\"caption\":\"Slagerij Hamza\"},\"image\":{\"@id\":\"https:\/\/slagerijhamza.be\/#\/schema\/logo\/image\/\"},\"sameAs\":[\"https:\/\/www.facebook.com\/profile.php?id=61566484065698\",\"https:\/\/www.instagram.com\/slagerijhamza\"]}]}<\/script>\n<!-- \/ Yoast SEO plugin. -->","yoast_head_json":{"title":"Lamsbout met been gemarineerd - Slagerij Hamza","robots":{"index":"index","follow":"follow","max-snippet":"max-snippet:-1","max-image-preview":"max-image-preview:large","max-video-preview":"max-video-preview:-1"},"canonical":"https:\/\/slagerijhamza.be\/tr\/urun\/lamsbout-met-been-gemarineerd\/","og_locale":"tr_TR","og_type":"article","og_title":"Lamsbout met been gemarineerd - Slagerij Hamza","og_description":"Onze gemarineerde lamsbout met been is een feestelijk stuk vlees dat perfect is voor speciale gelegenheden. De marinade, gemaakt van kruiden en specerijen, dringt diep door in het vlees en zorgt voor een rijke smaak. Wanneer het langzaam wordt geroosterd, blijft de lamsbout sappig en vol van smaak, met een knapperige buitenkant. Het been zorgt voor extra smaak en helpt het vlees vochtig te houden tijdens het koken. Serveer deze lamsbout met aardappelen en gegrilde groenten voor een indrukwekkend diner.","og_url":"https:\/\/slagerijhamza.be\/tr\/urun\/lamsbout-met-been-gemarineerd\/","og_site_name":"Slagerij Hamza","article_publisher":"https:\/\/www.facebook.com\/profile.php?id=61566484065698","article_modified_time":"2024-10-03T06:25:46+00:00","twitter_card":"summary_large_image","schema":{"@context":"https:\/\/schema.org","@graph":[{"@type":"WebPage","@id":"https:\/\/slagerijhamza.be\/product\/lamsbout-met-been-gemarineerd\/","url":"https:\/\/slagerijhamza.be\/product\/lamsbout-met-been-gemarineerd\/","name":"Lamsbout met been gemarineerd - Slagerij Hamza","isPartOf":{"@id":"https:\/\/slagerijhamza.be\/#website"},"datePublished":"2024-09-17T15:47:47+00:00","dateModified":"2024-10-03T06:25:46+00:00","breadcrumb":{"@id":"https:\/\/slagerijhamza.be\/product\/lamsbout-met-been-gemarineerd\/#breadcrumb"},"inLanguage":"tr","potentialAction":[{"@type":"ReadAction","target":["https:\/\/slagerijhamza.be\/product\/lamsbout-met-been-gemarineerd\/"]}]},{"@type":"BreadcrumbList","@id":"https:\/\/slagerijhamza.be\/product\/lamsbout-met-been-gemarineerd\/#breadcrumb","itemListElement":[{"@type":"ListItem","position":1,"name":"Home","item":"https:\/\/slagerijhamza.be\/"},{"@type":"ListItem","position":2,"name":"Aanbod","item":"https:\/\/slagerijhamza.be\/aanbod\/"},{"@type":"ListItem","position":3,"name":"Lamsbout met been gemarineerd"}]},{"@type":"WebSite","@id":"https:\/\/slagerijhamza.be\/#website","url":"https:\/\/slagerijhamza.be\/","name":"Kasap Hamza'n\u0131n d\u00fckkan\u0131na","description":"Helal kesim","publisher":{"@id":"https:\/\/slagerijhamza.be\/#organization"},"potentialAction":[{"@type":"SearchAction","target":{"@type":"EntryPoint","urlTemplate":"https:\/\/slagerijhamza.be\/?s={search_term_string}"},"query-input":{"@type":"PropertyValueSpecification","valueRequired":true,"valueName":"search_term_string"}}],"inLanguage":"tr"},{"@type":"Organization","@id":"https:\/\/slagerijhamza.be\/#organization","name":"Kasap Hamza'n\u0131n d\u00fckkan\u0131na","url":"https:\/\/slagerijhamza.be\/","logo":{"@type":"ImageObject","inLanguage":"tr","@id":"https:\/\/slagerijhamza.be\/#\/schema\/logo\/image\/","url":"https:\/\/slagerijhamza.be\/wp-content\/uploads\/2024\/09\/cropped-Ontwerp-zonder-titel-2024-09-18T143535.224-e1726663018490-1.png","contentUrl":"https:\/\/slagerijhamza.be\/wp-content\/uploads\/2024\/09\/cropped-Ontwerp-zonder-titel-2024-09-18T143535.224-e1726663018490-1.png","width":525,"height":400,"caption":"Slagerij Hamza"},"image":{"@id":"https:\/\/slagerijhamza.be\/#\/schema\/logo\/image\/"},"sameAs":["https:\/\/www.facebook.com\/profile.php?id=61566484065698","https:\/\/www.instagram.com\/slagerijhamza"]}]}},"_links":{"self":[{"href":"https:\/\/slagerijhamza.be\/tr\/wp-json\/wp\/v2\/product\/2030","targetHints":{"allow":["GET"]}}],"collection":[{"href":"https:\/\/slagerijhamza.be\/tr\/wp-json\/wp\/v2\/product"}],"about":[{"href":"https:\/\/slagerijhamza.be\/tr\/wp-json\/wp\/v2\/types\/product"}],"wp:attachment":[{"href":"https:\/\/slagerijhamza.be\/tr\/wp-json\/wp\/v2\/media?parent=2030"}],"wp:term":[{"taxonomy":"product_brand","embeddable":true,"href":"https:\/\/slagerijhamza.be\/tr\/wp-json\/wp\/v2\/product_brand?post=2030"},{"taxonomy":"product_cat","embeddable":true,"href":"https:\/\/slagerijhamza.be\/tr\/wp-json\/wp\/v2\/product_cat?post=2030"},{"taxonomy":"product_tag","embeddable":true,"href":"https:\/\/slagerijhamza.be\/tr\/wp-json\/wp\/v2\/product_tag?post=2030"}],"curies":[{"name":"wp","href":"https:\/\/api.w.org\/{rel}","templated":true}]}}