{"id":2024,"date":"2024-09-17T15:47:36","date_gmt":"2024-09-17T15:47:36","guid":{"rendered":"https:\/\/slagerijhamza.be\/?post_type=product&#038;p=2024"},"modified":"2024-09-25T10:42:24","modified_gmt":"2024-09-25T10:42:24","slug":"kalkoen-dijvlees-zonder-vel-en-been","status":"publish","type":"product","link":"https:\/\/slagerijhamza.be\/tr\/urun\/kalkoen-dijvlees-zonder-vel-en-been\/","title":{"rendered":"Hindi but file derisiz kemiksiz"},"content":{"rendered":"","protected":false},"excerpt":{"rendered":"<p>Lezzet dolu ve sa\u011fl\u0131kl\u0131 bir alternatif arayanlar i\u00e7in m\u00fckemmel bir se\u00e7im: derisiz kemiksiz hindi but! Taze ve kaliteli hindi etinden elde edilen bu \u00f6zel par\u00e7a, yumu\u015fak dokusu ve zengin aromas\u0131yla damaklarda unutulmaz bir tat b\u0131rak\u0131r.\n\nDerisiz ve kemiksiz olmas\u0131n\u0131n avantaj\u0131yla, pratik pi\u015firme imkan\u0131 sunar. F\u0131r\u0131nda, \u0131zgarada veya tavada kolayca pi\u015firilebilir, etin do\u011fal lezzeti her lokmada hissedilir. Aromatik baharatlar ve marinelerle haz\u0131rland\u0131\u011f\u0131nda, lezzeti daha da derinle\u015fir ve sa\u011fl\u0131kl\u0131 bir \u00f6\u011f\u00fcn i\u00e7in m\u00fckemmel bir se\u00e7enek haline gelir.\n\nD\u00fc\u015f\u00fck ya\u011f i\u00e7eri\u011fi ve y\u00fcksek protein de\u011feri ile diyetlerde tercih edilen bir et se\u00e7ene\u011fi olan derisiz kemiksiz hindi but, \u00f6zel ak\u015fam yemeklerinizde veya g\u00fcnl\u00fck \u00f6\u011f\u00fcnlerinizde \u015f\u0131kl\u0131\u011f\u0131 ve lezzeti bir arada sunar. Kendinize ve sevdiklerinize bu e\u015fsiz tatla unutulmaz bir deneyim ya\u015fat\u0131n!<\/p>","protected":false},"featured_media":2193,"template":"","meta":{"site-sidebar-layout":"default","site-content-layout":"","ast-site-content-layout":"default","site-content-style":"default","site-sidebar-style":"default","ast-global-header-display":"","ast-banner-title-visibility":"","ast-main-header-display":"","ast-hfb-above-header-display":"","ast-hfb-below-header-display":"","ast-hfb-mobile-header-display":"","site-post-title":"","ast-breadcrumbs-content":"","ast-featured-img":"","footer-sml-layout":"","theme-transparent-header-meta":"default","adv-header-id-meta":"","stick-header-meta":"","header-above-stick-meta":"","header-main-stick-meta":"","header-below-stick-meta":"","astra-migrate-meta-layouts":"set","ast-page-background-enabled":"default","ast-page-background-meta":{"desktop":{"background-color":"","background-image":"","background-repeat":"repeat","background-position":"center center","background-size":"auto","background-attachment":"scroll","background-type":"","background-media":"","overlay-type":"","overlay-color":"","overlay-opacity":"","overlay-gradient":""},"tablet":{"background-color":"","background-image":"","background-repeat":"repeat","background-position":"center center","background-size":"auto","background-attachment":"scroll","background-type":"","background-media":"","overlay-type":"","overlay-color":"","overlay-opacity":"","overlay-gradient":""},"mobile":{"background-color":"","background-image":"","background-repeat":"repeat","background-position":"center center","background-size":"auto","background-attachment":"scroll","background-type":"","background-media":"","overlay-type":"","overlay-color":"","overlay-opacity":"","overlay-gradient":""}},"ast-content-background-meta":{"desktop":{"background-color":"var(--ast-global-color-5)","background-image":"","background-repeat":"repeat","background-position":"center center","background-size":"auto","background-attachment":"scroll","background-type":"","background-media":"","overlay-type":"","overlay-color":"","overlay-opacity":"","overlay-gradient":""},"tablet":{"background-color":"var(--ast-global-color-5)","background-image":"","background-repeat":"repeat","background-position":"center center","background-size":"auto","background-attachment":"scroll","background-type":"","background-media":"","overlay-type":"","overlay-color":"","overlay-opacity":"","overlay-gradient":""},"mobile":{"background-color":"var(--ast-global-color-5)","background-image":"","background-repeat":"repeat","background-position":"center center","background-size":"auto","background-attachment":"scroll","background-type":"","background-media":"","overlay-type":"","overlay-color":"","overlay-opacity":"","overlay-gradient":""}}},"product_brand":[],"product_cat":[34],"product_tag":[],"class_list":{"0":"post-2024","1":"product","2":"type-product","3":"status-publish","4":"has-post-thumbnail","6":"product_cat-kalkoen","7":"desktop-align-left","8":"tablet-align-left","9":"mobile-align-left","11":"first","12":"instock","13":"shipping-taxable","14":"product-type-simple"},"yoast_head":"<!-- This site is optimized with the Yoast SEO plugin v23.7 - https:\/\/yoast.com\/wordpress\/plugins\/seo\/ -->\n<title>Kalkoen dijvlees zonder vel en been - Slagerij Hamza<\/title>\n<meta name=\"robots\" content=\"index, follow, max-snippet:-1, max-image-preview:large, max-video-preview:-1\" \/>\n<link rel=\"canonical\" href=\"https:\/\/slagerijhamza.be\/tr\/urun\/kalkoen-dijvlees-zonder-vel-en-been\/\" \/>\n<meta property=\"og:locale\" content=\"tr_TR\" \/>\n<meta property=\"og:type\" content=\"article\" \/>\n<meta property=\"og:title\" content=\"Kalkoen dijvlees zonder vel en been - Slagerij Hamza\" \/>\n<meta property=\"og:description\" content=\"Kalkoen dijvlees zonder vel en been is een smaakvolle keuze voor wie van sappig gevogelte houdt. Dit malse vlees heeft een rijke smaak en een zachte textuur, waardoor het perfect is voor stoofschotels, curry\u2019s of roerbakgerechten. Het vlees is veelzijdig en kan op verschillende manieren worden gekruid en bereid. Zonder vel en been is het makkelijk te verwerken en snel klaar voor gebruik in diverse recepten, zoals taco&#039;s, wraps of zelfs in een oven- of panbereiding.\" \/>\n<meta property=\"og:url\" content=\"https:\/\/slagerijhamza.be\/tr\/urun\/kalkoen-dijvlees-zonder-vel-en-been\/\" \/>\n<meta property=\"og:site_name\" content=\"Slagerij Hamza\" \/>\n<meta property=\"article:publisher\" content=\"https:\/\/www.facebook.com\/profile.php?id=61566484065698\" \/>\n<meta property=\"article:modified_time\" content=\"2024-09-25T10:42:24+00:00\" \/>\n<meta property=\"og:image\" content=\"https:\/\/slagerijhamza.be\/wp-content\/uploads\/2024\/09\/kalkoen-zonder-vel-zonder-been.jpg\" \/>\n\t<meta property=\"og:image:width\" content=\"600\" \/>\n\t<meta property=\"og:image:height\" content=\"337\" \/>\n\t<meta property=\"og:image:type\" content=\"image\/jpeg\" \/>\n<meta name=\"twitter:card\" content=\"summary_large_image\" \/>\n<script type=\"application\/ld+json\" class=\"yoast-schema-graph\">{\"@context\":\"https:\/\/schema.org\",\"@graph\":[{\"@type\":\"WebPage\",\"@id\":\"https:\/\/slagerijhamza.be\/product\/kalkoen-dijvlees-zonder-vel-en-been\/\",\"url\":\"https:\/\/slagerijhamza.be\/product\/kalkoen-dijvlees-zonder-vel-en-been\/\",\"name\":\"Kalkoen dijvlees zonder vel en been - Slagerij Hamza\",\"isPartOf\":{\"@id\":\"https:\/\/slagerijhamza.be\/#website\"},\"primaryImageOfPage\":{\"@id\":\"https:\/\/slagerijhamza.be\/product\/kalkoen-dijvlees-zonder-vel-en-been\/#primaryimage\"},\"image\":{\"@id\":\"https:\/\/slagerijhamza.be\/product\/kalkoen-dijvlees-zonder-vel-en-been\/#primaryimage\"},\"thumbnailUrl\":\"https:\/\/slagerijhamza.be\/wp-content\/uploads\/2024\/09\/kalkoen-zonder-vel-zonder-been.jpg\",\"datePublished\":\"2024-09-17T15:47:36+00:00\",\"dateModified\":\"2024-09-25T10:42:24+00:00\",\"breadcrumb\":{\"@id\":\"https:\/\/slagerijhamza.be\/product\/kalkoen-dijvlees-zonder-vel-en-been\/#breadcrumb\"},\"inLanguage\":\"tr\",\"potentialAction\":[{\"@type\":\"ReadAction\",\"target\":[\"https:\/\/slagerijhamza.be\/product\/kalkoen-dijvlees-zonder-vel-en-been\/\"]}]},{\"@type\":\"ImageObject\",\"inLanguage\":\"tr\",\"@id\":\"https:\/\/slagerijhamza.be\/product\/kalkoen-dijvlees-zonder-vel-en-been\/#primaryimage\",\"url\":\"https:\/\/slagerijhamza.be\/wp-content\/uploads\/2024\/09\/kalkoen-zonder-vel-zonder-been.jpg\",\"contentUrl\":\"https:\/\/slagerijhamza.be\/wp-content\/uploads\/2024\/09\/kalkoen-zonder-vel-zonder-been.jpg\",\"width\":600,\"height\":337},{\"@type\":\"BreadcrumbList\",\"@id\":\"https:\/\/slagerijhamza.be\/product\/kalkoen-dijvlees-zonder-vel-en-been\/#breadcrumb\",\"itemListElement\":[{\"@type\":\"ListItem\",\"position\":1,\"name\":\"Home\",\"item\":\"https:\/\/slagerijhamza.be\/\"},{\"@type\":\"ListItem\",\"position\":2,\"name\":\"Aanbod\",\"item\":\"https:\/\/slagerijhamza.be\/aanbod\/\"},{\"@type\":\"ListItem\",\"position\":3,\"name\":\"Kalkoen dijvlees zonder vel en been\"}]},{\"@type\":\"WebSite\",\"@id\":\"https:\/\/slagerijhamza.be\/#website\",\"url\":\"https:\/\/slagerijhamza.be\/\",\"name\":\"Slagerij Hamza\",\"description\":\"Halal vlees\",\"publisher\":{\"@id\":\"https:\/\/slagerijhamza.be\/#organization\"},\"potentialAction\":[{\"@type\":\"SearchAction\",\"target\":{\"@type\":\"EntryPoint\",\"urlTemplate\":\"https:\/\/slagerijhamza.be\/?s={search_term_string}\"},\"query-input\":{\"@type\":\"PropertyValueSpecification\",\"valueRequired\":true,\"valueName\":\"search_term_string\"}}],\"inLanguage\":\"tr\"},{\"@type\":\"Organization\",\"@id\":\"https:\/\/slagerijhamza.be\/#organization\",\"name\":\"Slagerij Hamza\",\"url\":\"https:\/\/slagerijhamza.be\/\",\"logo\":{\"@type\":\"ImageObject\",\"inLanguage\":\"tr\",\"@id\":\"https:\/\/slagerijhamza.be\/#\/schema\/logo\/image\/\",\"url\":\"https:\/\/slagerijhamza.be\/wp-content\/uploads\/2024\/09\/cropped-Ontwerp-zonder-titel-2024-09-18T143535.224-e1726663018490-1.png\",\"contentUrl\":\"https:\/\/slagerijhamza.be\/wp-content\/uploads\/2024\/09\/cropped-Ontwerp-zonder-titel-2024-09-18T143535.224-e1726663018490-1.png\",\"width\":525,\"height\":400,\"caption\":\"Slagerij Hamza\"},\"image\":{\"@id\":\"https:\/\/slagerijhamza.be\/#\/schema\/logo\/image\/\"},\"sameAs\":[\"https:\/\/www.facebook.com\/profile.php?id=61566484065698\",\"https:\/\/www.instagram.com\/slagerijhamza\"]}]}<\/script>\n<!-- \/ Yoast SEO plugin. -->","yoast_head_json":{"title":"Kalkoen dijvlees zonder vel en been - Slagerij Hamza","robots":{"index":"index","follow":"follow","max-snippet":"max-snippet:-1","max-image-preview":"max-image-preview:large","max-video-preview":"max-video-preview:-1"},"canonical":"https:\/\/slagerijhamza.be\/tr\/urun\/kalkoen-dijvlees-zonder-vel-en-been\/","og_locale":"tr_TR","og_type":"article","og_title":"Kalkoen dijvlees zonder vel en been - Slagerij Hamza","og_description":"Kalkoen dijvlees zonder vel en been is een smaakvolle keuze voor wie van sappig gevogelte houdt. Dit malse vlees heeft een rijke smaak en een zachte textuur, waardoor het perfect is voor stoofschotels, curry\u2019s of roerbakgerechten. Het vlees is veelzijdig en kan op verschillende manieren worden gekruid en bereid. Zonder vel en been is het makkelijk te verwerken en snel klaar voor gebruik in diverse recepten, zoals taco's, wraps of zelfs in een oven- of panbereiding.","og_url":"https:\/\/slagerijhamza.be\/tr\/urun\/kalkoen-dijvlees-zonder-vel-en-been\/","og_site_name":"Slagerij Hamza","article_publisher":"https:\/\/www.facebook.com\/profile.php?id=61566484065698","article_modified_time":"2024-09-25T10:42:24+00:00","og_image":[{"width":600,"height":337,"url":"https:\/\/slagerijhamza.be\/wp-content\/uploads\/2024\/09\/kalkoen-zonder-vel-zonder-been.jpg","type":"image\/jpeg"}],"twitter_card":"summary_large_image","schema":{"@context":"https:\/\/schema.org","@graph":[{"@type":"WebPage","@id":"https:\/\/slagerijhamza.be\/product\/kalkoen-dijvlees-zonder-vel-en-been\/","url":"https:\/\/slagerijhamza.be\/product\/kalkoen-dijvlees-zonder-vel-en-been\/","name":"Kalkoen dijvlees zonder vel en been - Slagerij Hamza","isPartOf":{"@id":"https:\/\/slagerijhamza.be\/#website"},"primaryImageOfPage":{"@id":"https:\/\/slagerijhamza.be\/product\/kalkoen-dijvlees-zonder-vel-en-been\/#primaryimage"},"image":{"@id":"https:\/\/slagerijhamza.be\/product\/kalkoen-dijvlees-zonder-vel-en-been\/#primaryimage"},"thumbnailUrl":"https:\/\/slagerijhamza.be\/wp-content\/uploads\/2024\/09\/kalkoen-zonder-vel-zonder-been.jpg","datePublished":"2024-09-17T15:47:36+00:00","dateModified":"2024-09-25T10:42:24+00:00","breadcrumb":{"@id":"https:\/\/slagerijhamza.be\/product\/kalkoen-dijvlees-zonder-vel-en-been\/#breadcrumb"},"inLanguage":"tr","potentialAction":[{"@type":"ReadAction","target":["https:\/\/slagerijhamza.be\/product\/kalkoen-dijvlees-zonder-vel-en-been\/"]}]},{"@type":"ImageObject","inLanguage":"tr","@id":"https:\/\/slagerijhamza.be\/product\/kalkoen-dijvlees-zonder-vel-en-been\/#primaryimage","url":"https:\/\/slagerijhamza.be\/wp-content\/uploads\/2024\/09\/kalkoen-zonder-vel-zonder-been.jpg","contentUrl":"https:\/\/slagerijhamza.be\/wp-content\/uploads\/2024\/09\/kalkoen-zonder-vel-zonder-been.jpg","width":600,"height":337},{"@type":"BreadcrumbList","@id":"https:\/\/slagerijhamza.be\/product\/kalkoen-dijvlees-zonder-vel-en-been\/#breadcrumb","itemListElement":[{"@type":"ListItem","position":1,"name":"Home","item":"https:\/\/slagerijhamza.be\/"},{"@type":"ListItem","position":2,"name":"Aanbod","item":"https:\/\/slagerijhamza.be\/aanbod\/"},{"@type":"ListItem","position":3,"name":"Kalkoen dijvlees zonder vel en been"}]},{"@type":"WebSite","@id":"https:\/\/slagerijhamza.be\/#website","url":"https:\/\/slagerijhamza.be\/","name":"Kasap Hamza'n\u0131n d\u00fckkan\u0131na","description":"Helal kesim","publisher":{"@id":"https:\/\/slagerijhamza.be\/#organization"},"potentialAction":[{"@type":"SearchAction","target":{"@type":"EntryPoint","urlTemplate":"https:\/\/slagerijhamza.be\/?s={search_term_string}"},"query-input":{"@type":"PropertyValueSpecification","valueRequired":true,"valueName":"search_term_string"}}],"inLanguage":"tr"},{"@type":"Organization","@id":"https:\/\/slagerijhamza.be\/#organization","name":"Kasap Hamza'n\u0131n d\u00fckkan\u0131na","url":"https:\/\/slagerijhamza.be\/","logo":{"@type":"ImageObject","inLanguage":"tr","@id":"https:\/\/slagerijhamza.be\/#\/schema\/logo\/image\/","url":"https:\/\/slagerijhamza.be\/wp-content\/uploads\/2024\/09\/cropped-Ontwerp-zonder-titel-2024-09-18T143535.224-e1726663018490-1.png","contentUrl":"https:\/\/slagerijhamza.be\/wp-content\/uploads\/2024\/09\/cropped-Ontwerp-zonder-titel-2024-09-18T143535.224-e1726663018490-1.png","width":525,"height":400,"caption":"Slagerij Hamza"},"image":{"@id":"https:\/\/slagerijhamza.be\/#\/schema\/logo\/image\/"},"sameAs":["https:\/\/www.facebook.com\/profile.php?id=61566484065698","https:\/\/www.instagram.com\/slagerijhamza"]}]}},"_links":{"self":[{"href":"https:\/\/slagerijhamza.be\/tr\/wp-json\/wp\/v2\/product\/2024","targetHints":{"allow":["GET"]}}],"collection":[{"href":"https:\/\/slagerijhamza.be\/tr\/wp-json\/wp\/v2\/product"}],"about":[{"href":"https:\/\/slagerijhamza.be\/tr\/wp-json\/wp\/v2\/types\/product"}],"wp:featuredmedia":[{"embeddable":true,"href":"https:\/\/slagerijhamza.be\/tr\/wp-json\/wp\/v2\/media\/2193"}],"wp:attachment":[{"href":"https:\/\/slagerijhamza.be\/tr\/wp-json\/wp\/v2\/media?parent=2024"}],"wp:term":[{"taxonomy":"product_brand","embeddable":true,"href":"https:\/\/slagerijhamza.be\/tr\/wp-json\/wp\/v2\/product_brand?post=2024"},{"taxonomy":"product_cat","embeddable":true,"href":"https:\/\/slagerijhamza.be\/tr\/wp-json\/wp\/v2\/product_cat?post=2024"},{"taxonomy":"product_tag","embeddable":true,"href":"https:\/\/slagerijhamza.be\/tr\/wp-json\/wp\/v2\/product_tag?post=2024"}],"curies":[{"name":"wp","href":"https:\/\/api.w.org\/{rel}","templated":true}]}}