{"id":2021,"date":"2024-09-17T15:47:31","date_gmt":"2024-09-17T15:47:31","guid":{"rendered":"https:\/\/slagerijhamza.be\/?post_type=product&#038;p=2021"},"modified":"2024-09-25T10:42:40","modified_gmt":"2024-09-25T10:42:40","slug":"kalkoen-drumsticks","status":"publish","type":"product","link":"https:\/\/slagerijhamza.be\/tr\/urun\/kalkoen-drumsticks\/","title":{"rendered":"Hindi incik"},"content":{"rendered":"","protected":false},"excerpt":{"rendered":"<p>Lezzet dolu yemekler arayanlar i\u00e7in m\u00fckemmel bir se\u00e7enek: hindi incik! Taze ve kaliteli hindi etinden \u00f6zenle haz\u0131rlanm\u0131\u015f bu \u00f6zel par\u00e7a, zengin aromas\u0131 ve yumu\u015fak dokusuyla damaklarda unutulmaz bir tat b\u0131rak\u0131r.\n\nHindi incik, yava\u015f pi\u015firme y\u00f6ntemleriyle m\u00fckemmel bir \u015fekilde haz\u0131rlanarak, etin do\u011fal lezzetini a\u00e7\u0131\u011fa \u00e7\u0131kar\u0131r. G\u00fcve\u00e7te, f\u0131r\u0131nda veya ha\u015flama \u015feklinde pi\u015firildi\u011finde, ba\u011f dokusu yumu\u015far ve her lokmada a\u011f\u0131zda eriyen bir tat deneyimi sunar. Baharatlarla zenginle\u015ftirildi\u011finde, ortaya \u00e7\u0131kan yemek hem doyurucu hem de zengin bir lezzet sunar.\n\nD\u00fc\u015f\u00fck ya\u011f i\u00e7eri\u011fi ve y\u00fcksek protein de\u011feri ile sa\u011fl\u0131kl\u0131 bir besin kayna\u011f\u0131 olan hindi incik, diyet programlar\u0131n\u0131zda ve sa\u011fl\u0131kl\u0131 beslenme se\u00e7eneklerinizde m\u00fckemmel bir tercih olacakt\u0131r. \u00d6zel ak\u015fam yemeklerinizde veya aile toplant\u0131lar\u0131nda \u015f\u0131kl\u0131\u011f\u0131 ve lezzeti bir arada sunarak sofralar\u0131n\u0131z\u0131 zenginle\u015ftirin. Hindi incik ile kendinize ve sevdiklerinize unutulmaz bir gastronomik deneyim ya\u015fat\u0131n!<\/p>","protected":false},"featured_media":2194,"template":"","meta":{"site-sidebar-layout":"default","site-content-layout":"","ast-site-content-layout":"default","site-content-style":"default","site-sidebar-style":"default","ast-global-header-display":"","ast-banner-title-visibility":"","ast-main-header-display":"","ast-hfb-above-header-display":"","ast-hfb-below-header-display":"","ast-hfb-mobile-header-display":"","site-post-title":"","ast-breadcrumbs-content":"","ast-featured-img":"","footer-sml-layout":"","theme-transparent-header-meta":"default","adv-header-id-meta":"","stick-header-meta":"","header-above-stick-meta":"","header-main-stick-meta":"","header-below-stick-meta":"","astra-migrate-meta-layouts":"set","ast-page-background-enabled":"default","ast-page-background-meta":{"desktop":{"background-color":"","background-image":"","background-repeat":"repeat","background-position":"center center","background-size":"auto","background-attachment":"scroll","background-type":"","background-media":"","overlay-type":"","overlay-color":"","overlay-opacity":"","overlay-gradient":""},"tablet":{"background-color":"","background-image":"","background-repeat":"repeat","background-position":"center center","background-size":"auto","background-attachment":"scroll","background-type":"","background-media":"","overlay-type":"","overlay-color":"","overlay-opacity":"","overlay-gradient":""},"mobile":{"background-color":"","background-image":"","background-repeat":"repeat","background-position":"center center","background-size":"auto","background-attachment":"scroll","background-type":"","background-media":"","overlay-type":"","overlay-color":"","overlay-opacity":"","overlay-gradient":""}},"ast-content-background-meta":{"desktop":{"background-color":"var(--ast-global-color-5)","background-image":"","background-repeat":"repeat","background-position":"center center","background-size":"auto","background-attachment":"scroll","background-type":"","background-media":"","overlay-type":"","overlay-color":"","overlay-opacity":"","overlay-gradient":""},"tablet":{"background-color":"var(--ast-global-color-5)","background-image":"","background-repeat":"repeat","background-position":"center center","background-size":"auto","background-attachment":"scroll","background-type":"","background-media":"","overlay-type":"","overlay-color":"","overlay-opacity":"","overlay-gradient":""},"mobile":{"background-color":"var(--ast-global-color-5)","background-image":"","background-repeat":"repeat","background-position":"center center","background-size":"auto","background-attachment":"scroll","background-type":"","background-media":"","overlay-type":"","overlay-color":"","overlay-opacity":"","overlay-gradient":""}}},"product_brand":[],"product_cat":[34],"product_tag":[],"class_list":{"0":"post-2021","1":"product","2":"type-product","3":"status-publish","4":"has-post-thumbnail","6":"product_cat-kalkoen","7":"desktop-align-left","8":"tablet-align-left","9":"mobile-align-left","11":"first","12":"instock","13":"shipping-taxable","14":"product-type-simple"},"yoast_head":"<!-- This site is optimized with the Yoast SEO plugin v23.7 - https:\/\/yoast.com\/wordpress\/plugins\/seo\/ -->\n<title>Kalkoen drumsticks - Slagerij Hamza<\/title>\n<meta name=\"robots\" content=\"index, follow, max-snippet:-1, max-image-preview:large, max-video-preview:-1\" \/>\n<link rel=\"canonical\" href=\"https:\/\/slagerijhamza.be\/tr\/urun\/kalkoen-drumsticks\/\" \/>\n<meta property=\"og:locale\" content=\"tr_TR\" \/>\n<meta property=\"og:type\" content=\"article\" \/>\n<meta property=\"og:title\" content=\"Kalkoen drumsticks - Slagerij Hamza\" \/>\n<meta property=\"og:description\" content=\"Kalkoen drumsticks zijn een heerlijke keuze voor liefhebbers van sappig en smaakvol gevogelte. Deze grotere drumsticks hebben een stevige textuur en zijn perfect om te roosteren, grillen of te stoven. Ze blijven sappig door hun vetgehalte en ontwikkelen een rijke smaak tijdens het koken. Kalkoen drumsticks zijn veelzijdig en kunnen zowel met een eenvoudige marinade als met een uitgebreide kruidenmix worden bereid. Ideaal voor zomerse barbecues, stoofschotels of gewoon als een smakelijke en voedzame maaltijd.\" \/>\n<meta property=\"og:url\" content=\"https:\/\/slagerijhamza.be\/tr\/urun\/kalkoen-drumsticks\/\" \/>\n<meta property=\"og:site_name\" content=\"Slagerij Hamza\" \/>\n<meta property=\"article:publisher\" content=\"https:\/\/www.facebook.com\/profile.php?id=61566484065698\" \/>\n<meta property=\"article:modified_time\" content=\"2024-09-25T10:42:40+00:00\" \/>\n<meta property=\"og:image\" content=\"https:\/\/slagerijhamza.be\/wp-content\/uploads\/2024\/09\/kalkoendrumstick.jpeg\" \/>\n\t<meta property=\"og:image:width\" content=\"1280\" \/>\n\t<meta property=\"og:image:height\" content=\"671\" \/>\n\t<meta property=\"og:image:type\" content=\"image\/jpeg\" \/>\n<meta name=\"twitter:card\" content=\"summary_large_image\" \/>\n<script type=\"application\/ld+json\" class=\"yoast-schema-graph\">{\"@context\":\"https:\/\/schema.org\",\"@graph\":[{\"@type\":\"WebPage\",\"@id\":\"https:\/\/slagerijhamza.be\/product\/kalkoen-drumsticks\/\",\"url\":\"https:\/\/slagerijhamza.be\/product\/kalkoen-drumsticks\/\",\"name\":\"Kalkoen drumsticks - Slagerij Hamza\",\"isPartOf\":{\"@id\":\"https:\/\/slagerijhamza.be\/#website\"},\"primaryImageOfPage\":{\"@id\":\"https:\/\/slagerijhamza.be\/product\/kalkoen-drumsticks\/#primaryimage\"},\"image\":{\"@id\":\"https:\/\/slagerijhamza.be\/product\/kalkoen-drumsticks\/#primaryimage\"},\"thumbnailUrl\":\"https:\/\/slagerijhamza.be\/wp-content\/uploads\/2024\/09\/kalkoendrumstick.jpeg\",\"datePublished\":\"2024-09-17T15:47:31+00:00\",\"dateModified\":\"2024-09-25T10:42:40+00:00\",\"breadcrumb\":{\"@id\":\"https:\/\/slagerijhamza.be\/product\/kalkoen-drumsticks\/#breadcrumb\"},\"inLanguage\":\"tr\",\"potentialAction\":[{\"@type\":\"ReadAction\",\"target\":[\"https:\/\/slagerijhamza.be\/product\/kalkoen-drumsticks\/\"]}]},{\"@type\":\"ImageObject\",\"inLanguage\":\"tr\",\"@id\":\"https:\/\/slagerijhamza.be\/product\/kalkoen-drumsticks\/#primaryimage\",\"url\":\"https:\/\/slagerijhamza.be\/wp-content\/uploads\/2024\/09\/kalkoendrumstick.jpeg\",\"contentUrl\":\"https:\/\/slagerijhamza.be\/wp-content\/uploads\/2024\/09\/kalkoendrumstick.jpeg\",\"width\":1280,\"height\":671},{\"@type\":\"BreadcrumbList\",\"@id\":\"https:\/\/slagerijhamza.be\/product\/kalkoen-drumsticks\/#breadcrumb\",\"itemListElement\":[{\"@type\":\"ListItem\",\"position\":1,\"name\":\"Home\",\"item\":\"https:\/\/slagerijhamza.be\/\"},{\"@type\":\"ListItem\",\"position\":2,\"name\":\"Aanbod\",\"item\":\"https:\/\/slagerijhamza.be\/aanbod\/\"},{\"@type\":\"ListItem\",\"position\":3,\"name\":\"Kalkoen drumsticks\"}]},{\"@type\":\"WebSite\",\"@id\":\"https:\/\/slagerijhamza.be\/#website\",\"url\":\"https:\/\/slagerijhamza.be\/\",\"name\":\"Slagerij Hamza\",\"description\":\"Halal vlees\",\"publisher\":{\"@id\":\"https:\/\/slagerijhamza.be\/#organization\"},\"potentialAction\":[{\"@type\":\"SearchAction\",\"target\":{\"@type\":\"EntryPoint\",\"urlTemplate\":\"https:\/\/slagerijhamza.be\/?s={search_term_string}\"},\"query-input\":{\"@type\":\"PropertyValueSpecification\",\"valueRequired\":true,\"valueName\":\"search_term_string\"}}],\"inLanguage\":\"tr\"},{\"@type\":\"Organization\",\"@id\":\"https:\/\/slagerijhamza.be\/#organization\",\"name\":\"Slagerij Hamza\",\"url\":\"https:\/\/slagerijhamza.be\/\",\"logo\":{\"@type\":\"ImageObject\",\"inLanguage\":\"tr\",\"@id\":\"https:\/\/slagerijhamza.be\/#\/schema\/logo\/image\/\",\"url\":\"https:\/\/slagerijhamza.be\/wp-content\/uploads\/2024\/09\/cropped-Ontwerp-zonder-titel-2024-09-18T143535.224-e1726663018490-1.png\",\"contentUrl\":\"https:\/\/slagerijhamza.be\/wp-content\/uploads\/2024\/09\/cropped-Ontwerp-zonder-titel-2024-09-18T143535.224-e1726663018490-1.png\",\"width\":525,\"height\":400,\"caption\":\"Slagerij Hamza\"},\"image\":{\"@id\":\"https:\/\/slagerijhamza.be\/#\/schema\/logo\/image\/\"},\"sameAs\":[\"https:\/\/www.facebook.com\/profile.php?id=61566484065698\",\"https:\/\/www.instagram.com\/slagerijhamza\"]}]}<\/script>\n<!-- \/ Yoast SEO plugin. -->","yoast_head_json":{"title":"Kalkoen drumsticks - Slagerij Hamza","robots":{"index":"index","follow":"follow","max-snippet":"max-snippet:-1","max-image-preview":"max-image-preview:large","max-video-preview":"max-video-preview:-1"},"canonical":"https:\/\/slagerijhamza.be\/tr\/urun\/kalkoen-drumsticks\/","og_locale":"tr_TR","og_type":"article","og_title":"Kalkoen drumsticks - Slagerij Hamza","og_description":"Kalkoen drumsticks zijn een heerlijke keuze voor liefhebbers van sappig en smaakvol gevogelte. Deze grotere drumsticks hebben een stevige textuur en zijn perfect om te roosteren, grillen of te stoven. Ze blijven sappig door hun vetgehalte en ontwikkelen een rijke smaak tijdens het koken. Kalkoen drumsticks zijn veelzijdig en kunnen zowel met een eenvoudige marinade als met een uitgebreide kruidenmix worden bereid. Ideaal voor zomerse barbecues, stoofschotels of gewoon als een smakelijke en voedzame maaltijd.","og_url":"https:\/\/slagerijhamza.be\/tr\/urun\/kalkoen-drumsticks\/","og_site_name":"Slagerij Hamza","article_publisher":"https:\/\/www.facebook.com\/profile.php?id=61566484065698","article_modified_time":"2024-09-25T10:42:40+00:00","og_image":[{"width":1280,"height":671,"url":"https:\/\/slagerijhamza.be\/wp-content\/uploads\/2024\/09\/kalkoendrumstick.jpeg","type":"image\/jpeg"}],"twitter_card":"summary_large_image","schema":{"@context":"https:\/\/schema.org","@graph":[{"@type":"WebPage","@id":"https:\/\/slagerijhamza.be\/product\/kalkoen-drumsticks\/","url":"https:\/\/slagerijhamza.be\/product\/kalkoen-drumsticks\/","name":"Kalkoen drumsticks - Slagerij Hamza","isPartOf":{"@id":"https:\/\/slagerijhamza.be\/#website"},"primaryImageOfPage":{"@id":"https:\/\/slagerijhamza.be\/product\/kalkoen-drumsticks\/#primaryimage"},"image":{"@id":"https:\/\/slagerijhamza.be\/product\/kalkoen-drumsticks\/#primaryimage"},"thumbnailUrl":"https:\/\/slagerijhamza.be\/wp-content\/uploads\/2024\/09\/kalkoendrumstick.jpeg","datePublished":"2024-09-17T15:47:31+00:00","dateModified":"2024-09-25T10:42:40+00:00","breadcrumb":{"@id":"https:\/\/slagerijhamza.be\/product\/kalkoen-drumsticks\/#breadcrumb"},"inLanguage":"tr","potentialAction":[{"@type":"ReadAction","target":["https:\/\/slagerijhamza.be\/product\/kalkoen-drumsticks\/"]}]},{"@type":"ImageObject","inLanguage":"tr","@id":"https:\/\/slagerijhamza.be\/product\/kalkoen-drumsticks\/#primaryimage","url":"https:\/\/slagerijhamza.be\/wp-content\/uploads\/2024\/09\/kalkoendrumstick.jpeg","contentUrl":"https:\/\/slagerijhamza.be\/wp-content\/uploads\/2024\/09\/kalkoendrumstick.jpeg","width":1280,"height":671},{"@type":"BreadcrumbList","@id":"https:\/\/slagerijhamza.be\/product\/kalkoen-drumsticks\/#breadcrumb","itemListElement":[{"@type":"ListItem","position":1,"name":"Home","item":"https:\/\/slagerijhamza.be\/"},{"@type":"ListItem","position":2,"name":"Aanbod","item":"https:\/\/slagerijhamza.be\/aanbod\/"},{"@type":"ListItem","position":3,"name":"Kalkoen drumsticks"}]},{"@type":"WebSite","@id":"https:\/\/slagerijhamza.be\/#website","url":"https:\/\/slagerijhamza.be\/","name":"Kasap Hamza'n\u0131n d\u00fckkan\u0131na","description":"Helal kesim","publisher":{"@id":"https:\/\/slagerijhamza.be\/#organization"},"potentialAction":[{"@type":"SearchAction","target":{"@type":"EntryPoint","urlTemplate":"https:\/\/slagerijhamza.be\/?s={search_term_string}"},"query-input":{"@type":"PropertyValueSpecification","valueRequired":true,"valueName":"search_term_string"}}],"inLanguage":"tr"},{"@type":"Organization","@id":"https:\/\/slagerijhamza.be\/#organization","name":"Kasap Hamza'n\u0131n d\u00fckkan\u0131na","url":"https:\/\/slagerijhamza.be\/","logo":{"@type":"ImageObject","inLanguage":"tr","@id":"https:\/\/slagerijhamza.be\/#\/schema\/logo\/image\/","url":"https:\/\/slagerijhamza.be\/wp-content\/uploads\/2024\/09\/cropped-Ontwerp-zonder-titel-2024-09-18T143535.224-e1726663018490-1.png","contentUrl":"https:\/\/slagerijhamza.be\/wp-content\/uploads\/2024\/09\/cropped-Ontwerp-zonder-titel-2024-09-18T143535.224-e1726663018490-1.png","width":525,"height":400,"caption":"Slagerij Hamza"},"image":{"@id":"https:\/\/slagerijhamza.be\/#\/schema\/logo\/image\/"},"sameAs":["https:\/\/www.facebook.com\/profile.php?id=61566484065698","https:\/\/www.instagram.com\/slagerijhamza"]}]}},"_links":{"self":[{"href":"https:\/\/slagerijhamza.be\/tr\/wp-json\/wp\/v2\/product\/2021","targetHints":{"allow":["GET"]}}],"collection":[{"href":"https:\/\/slagerijhamza.be\/tr\/wp-json\/wp\/v2\/product"}],"about":[{"href":"https:\/\/slagerijhamza.be\/tr\/wp-json\/wp\/v2\/types\/product"}],"wp:featuredmedia":[{"embeddable":true,"href":"https:\/\/slagerijhamza.be\/tr\/wp-json\/wp\/v2\/media\/2194"}],"wp:attachment":[{"href":"https:\/\/slagerijhamza.be\/tr\/wp-json\/wp\/v2\/media?parent=2021"}],"wp:term":[{"taxonomy":"product_brand","embeddable":true,"href":"https:\/\/slagerijhamza.be\/tr\/wp-json\/wp\/v2\/product_brand?post=2021"},{"taxonomy":"product_cat","embeddable":true,"href":"https:\/\/slagerijhamza.be\/tr\/wp-json\/wp\/v2\/product_cat?post=2021"},{"taxonomy":"product_tag","embeddable":true,"href":"https:\/\/slagerijhamza.be\/tr\/wp-json\/wp\/v2\/product_tag?post=2021"}],"curies":[{"name":"wp","href":"https:\/\/api.w.org\/{rel}","templated":true}]}}