{"id":2018,"date":"2024-09-17T15:47:26","date_gmt":"2024-09-17T15:47:26","guid":{"rendered":"https:\/\/slagerijhamza.be\/?post_type=product&#038;p=2018"},"modified":"2024-09-25T09:56:33","modified_gmt":"2024-09-25T09:56:33","slug":"kalfsvleesblokjes","status":"publish","type":"product","link":"https:\/\/slagerijhamza.be\/tr\/urun\/kalfsvleesblokjes\/","title":{"rendered":"S\u00fct dana ku\u015fba\u015f\u0131"},"content":{"rendered":"","protected":false},"excerpt":{"rendered":"<p>Taze ve lezzetli yemeklerin vazge\u00e7ilmezi olan s\u00fct dana ku\u015fba\u015f\u0131, kaliteli s\u00fct dana etinden \u00f6zenle haz\u0131rlanm\u0131\u015ft\u0131r. Yumu\u015fak dokusu ve zengin aromas\u0131 ile her t\u00fcrl\u00fc tarifte m\u00fckemmel bir se\u00e7enek sunar.\n\nKu\u015fba\u015f\u0131 \u015feklinde kesilmi\u015f bu et par\u00e7alar\u0131, \u00f6zellikle g\u00fcve\u00e7, \u00e7orba, sebzeli yemekler ve kavurma gibi bir\u00e7ok tarifte kolayl\u0131kla kullan\u0131labilir. Yava\u015f pi\u015firildi\u011finde, etin do\u011fal lezzeti ortaya \u00e7\u0131kar ve her lokma a\u011f\u0131zda eriyen bir tat deneyimi sunar. Marine edildi\u011finde ve baharatlarla zenginle\u015ftirildi\u011finde, damaklarda unutulmaz bir tat b\u0131rak\u0131r.\n\nS\u00fct dana ku\u015fba\u015f\u0131, sa\u011fl\u0131kl\u0131 bir protein kayna\u011f\u0131d\u0131r ve mutfakta pratik kullan\u0131m \u00f6zelli\u011fi ile zaman kazand\u0131r\u0131r. Ailenize ve sevdiklerinize sa\u011fl\u0131kl\u0131 ve lezzetli yemekler sunmak i\u00e7in bu \u00f6zel \u00fcr\u00fcn\u00fc tercih edin. S\u00fct dana ku\u015fba\u015f\u0131 ile yarat\u0131c\u0131 tariflerinizi hayata ge\u00e7irin ve sofralar\u0131n\u0131z\u0131 zenginle\u015ftirin!<\/p>","protected":false},"featured_media":2177,"template":"","meta":{"site-sidebar-layout":"default","site-content-layout":"","ast-site-content-layout":"default","site-content-style":"default","site-sidebar-style":"default","ast-global-header-display":"","ast-banner-title-visibility":"","ast-main-header-display":"","ast-hfb-above-header-display":"","ast-hfb-below-header-display":"","ast-hfb-mobile-header-display":"","site-post-title":"","ast-breadcrumbs-content":"","ast-featured-img":"","footer-sml-layout":"","theme-transparent-header-meta":"default","adv-header-id-meta":"","stick-header-meta":"","header-above-stick-meta":"","header-main-stick-meta":"","header-below-stick-meta":"","astra-migrate-meta-layouts":"set","ast-page-background-enabled":"default","ast-page-background-meta":{"desktop":{"background-color":"","background-image":"","background-repeat":"repeat","background-position":"center center","background-size":"auto","background-attachment":"scroll","background-type":"","background-media":"","overlay-type":"","overlay-color":"","overlay-opacity":"","overlay-gradient":""},"tablet":{"background-color":"","background-image":"","background-repeat":"repeat","background-position":"center center","background-size":"auto","background-attachment":"scroll","background-type":"","background-media":"","overlay-type":"","overlay-color":"","overlay-opacity":"","overlay-gradient":""},"mobile":{"background-color":"","background-image":"","background-repeat":"repeat","background-position":"center center","background-size":"auto","background-attachment":"scroll","background-type":"","background-media":"","overlay-type":"","overlay-color":"","overlay-opacity":"","overlay-gradient":""}},"ast-content-background-meta":{"desktop":{"background-color":"var(--ast-global-color-5)","background-image":"","background-repeat":"repeat","background-position":"center center","background-size":"auto","background-attachment":"scroll","background-type":"","background-media":"","overlay-type":"","overlay-color":"","overlay-opacity":"","overlay-gradient":""},"tablet":{"background-color":"var(--ast-global-color-5)","background-image":"","background-repeat":"repeat","background-position":"center center","background-size":"auto","background-attachment":"scroll","background-type":"","background-media":"","overlay-type":"","overlay-color":"","overlay-opacity":"","overlay-gradient":""},"mobile":{"background-color":"var(--ast-global-color-5)","background-image":"","background-repeat":"repeat","background-position":"center center","background-size":"auto","background-attachment":"scroll","background-type":"","background-media":"","overlay-type":"","overlay-color":"","overlay-opacity":"","overlay-gradient":""}}},"product_brand":[],"product_cat":[33],"product_tag":[],"class_list":{"0":"post-2018","1":"product","2":"type-product","3":"status-publish","4":"has-post-thumbnail","6":"product_cat-kalfsvlees","7":"desktop-align-left","8":"tablet-align-left","9":"mobile-align-left","11":"first","12":"instock","13":"shipping-taxable","14":"product-type-simple"},"yoast_head":"<!-- This site is optimized with the Yoast SEO plugin v23.7 - https:\/\/yoast.com\/wordpress\/plugins\/seo\/ -->\n<title>Kalfsvleesblokjes - Slagerij Hamza<\/title>\n<meta name=\"robots\" content=\"index, follow, max-snippet:-1, max-image-preview:large, max-video-preview:-1\" \/>\n<link rel=\"canonical\" href=\"https:\/\/slagerijhamza.be\/tr\/urun\/kalfsvleesblokjes\/\" \/>\n<meta property=\"og:locale\" content=\"tr_TR\" \/>\n<meta property=\"og:type\" content=\"article\" \/>\n<meta property=\"og:title\" content=\"Kalfsvleesblokjes - Slagerij Hamza\" \/>\n<meta property=\"og:description\" content=\"Onze kalfsvleesblokjes zijn perfect voor stoofgerechten, curry\u2019s of wokmaaltijden. Deze zorgvuldig gesneden blokjes zijn afkomstig van malse delen van het kalf, waardoor ze bij elke bereiding sappig en smaakvol blijven. De blokjes zijn ideaal voor langzaam garen, zodat het vlees de tijd krijgt om alle smaken op te nemen en heerlijk mals te worden. Of je nu een klassieke kalfsstoofpot maakt of een snel wokgerecht, deze kalfsvleesblokjes bieden een verfijnde en zachte smaak die iedereen zal aanspreken.\" \/>\n<meta property=\"og:url\" content=\"https:\/\/slagerijhamza.be\/tr\/urun\/kalfsvleesblokjes\/\" \/>\n<meta property=\"og:site_name\" content=\"Slagerij Hamza\" \/>\n<meta property=\"article:publisher\" content=\"https:\/\/www.facebook.com\/profile.php?id=61566484065698\" \/>\n<meta property=\"article:modified_time\" content=\"2024-09-25T09:56:33+00:00\" \/>\n<meta property=\"og:image\" content=\"https:\/\/slagerijhamza.be\/wp-content\/uploads\/2024\/09\/kalfsvleesblokjes.webp\" \/>\n\t<meta property=\"og:image:width\" content=\"751\" \/>\n\t<meta property=\"og:image:height\" content=\"499\" \/>\n\t<meta property=\"og:image:type\" content=\"image\/webp\" \/>\n<meta name=\"twitter:card\" content=\"summary_large_image\" \/>\n<script type=\"application\/ld+json\" class=\"yoast-schema-graph\">{\"@context\":\"https:\/\/schema.org\",\"@graph\":[{\"@type\":\"WebPage\",\"@id\":\"https:\/\/slagerijhamza.be\/product\/kalfsvleesblokjes\/\",\"url\":\"https:\/\/slagerijhamza.be\/product\/kalfsvleesblokjes\/\",\"name\":\"Kalfsvleesblokjes - Slagerij Hamza\",\"isPartOf\":{\"@id\":\"https:\/\/slagerijhamza.be\/#website\"},\"primaryImageOfPage\":{\"@id\":\"https:\/\/slagerijhamza.be\/product\/kalfsvleesblokjes\/#primaryimage\"},\"image\":{\"@id\":\"https:\/\/slagerijhamza.be\/product\/kalfsvleesblokjes\/#primaryimage\"},\"thumbnailUrl\":\"https:\/\/slagerijhamza.be\/wp-content\/uploads\/2024\/09\/kalfsvleesblokjes.webp\",\"datePublished\":\"2024-09-17T15:47:26+00:00\",\"dateModified\":\"2024-09-25T09:56:33+00:00\",\"breadcrumb\":{\"@id\":\"https:\/\/slagerijhamza.be\/product\/kalfsvleesblokjes\/#breadcrumb\"},\"inLanguage\":\"tr\",\"potentialAction\":[{\"@type\":\"ReadAction\",\"target\":[\"https:\/\/slagerijhamza.be\/product\/kalfsvleesblokjes\/\"]}]},{\"@type\":\"ImageObject\",\"inLanguage\":\"tr\",\"@id\":\"https:\/\/slagerijhamza.be\/product\/kalfsvleesblokjes\/#primaryimage\",\"url\":\"https:\/\/slagerijhamza.be\/wp-content\/uploads\/2024\/09\/kalfsvleesblokjes.webp\",\"contentUrl\":\"https:\/\/slagerijhamza.be\/wp-content\/uploads\/2024\/09\/kalfsvleesblokjes.webp\",\"width\":751,\"height\":499},{\"@type\":\"BreadcrumbList\",\"@id\":\"https:\/\/slagerijhamza.be\/product\/kalfsvleesblokjes\/#breadcrumb\",\"itemListElement\":[{\"@type\":\"ListItem\",\"position\":1,\"name\":\"Home\",\"item\":\"https:\/\/slagerijhamza.be\/\"},{\"@type\":\"ListItem\",\"position\":2,\"name\":\"Aanbod\",\"item\":\"https:\/\/slagerijhamza.be\/aanbod\/\"},{\"@type\":\"ListItem\",\"position\":3,\"name\":\"Kalfsvleesblokjes\"}]},{\"@type\":\"WebSite\",\"@id\":\"https:\/\/slagerijhamza.be\/#website\",\"url\":\"https:\/\/slagerijhamza.be\/\",\"name\":\"Slagerij Hamza\",\"description\":\"Halal vlees\",\"publisher\":{\"@id\":\"https:\/\/slagerijhamza.be\/#organization\"},\"potentialAction\":[{\"@type\":\"SearchAction\",\"target\":{\"@type\":\"EntryPoint\",\"urlTemplate\":\"https:\/\/slagerijhamza.be\/?s={search_term_string}\"},\"query-input\":{\"@type\":\"PropertyValueSpecification\",\"valueRequired\":true,\"valueName\":\"search_term_string\"}}],\"inLanguage\":\"tr\"},{\"@type\":\"Organization\",\"@id\":\"https:\/\/slagerijhamza.be\/#organization\",\"name\":\"Slagerij Hamza\",\"url\":\"https:\/\/slagerijhamza.be\/\",\"logo\":{\"@type\":\"ImageObject\",\"inLanguage\":\"tr\",\"@id\":\"https:\/\/slagerijhamza.be\/#\/schema\/logo\/image\/\",\"url\":\"https:\/\/slagerijhamza.be\/wp-content\/uploads\/2024\/09\/cropped-Ontwerp-zonder-titel-2024-09-18T143535.224-e1726663018490-1.png\",\"contentUrl\":\"https:\/\/slagerijhamza.be\/wp-content\/uploads\/2024\/09\/cropped-Ontwerp-zonder-titel-2024-09-18T143535.224-e1726663018490-1.png\",\"width\":525,\"height\":400,\"caption\":\"Slagerij Hamza\"},\"image\":{\"@id\":\"https:\/\/slagerijhamza.be\/#\/schema\/logo\/image\/\"},\"sameAs\":[\"https:\/\/www.facebook.com\/profile.php?id=61566484065698\",\"https:\/\/www.instagram.com\/slagerijhamza\"]}]}<\/script>\n<!-- \/ Yoast SEO plugin. -->","yoast_head_json":{"title":"Kalfsvleesblokjes - Slagerij Hamza","robots":{"index":"index","follow":"follow","max-snippet":"max-snippet:-1","max-image-preview":"max-image-preview:large","max-video-preview":"max-video-preview:-1"},"canonical":"https:\/\/slagerijhamza.be\/tr\/urun\/kalfsvleesblokjes\/","og_locale":"tr_TR","og_type":"article","og_title":"Kalfsvleesblokjes - Slagerij Hamza","og_description":"Onze kalfsvleesblokjes zijn perfect voor stoofgerechten, curry\u2019s of wokmaaltijden. Deze zorgvuldig gesneden blokjes zijn afkomstig van malse delen van het kalf, waardoor ze bij elke bereiding sappig en smaakvol blijven. De blokjes zijn ideaal voor langzaam garen, zodat het vlees de tijd krijgt om alle smaken op te nemen en heerlijk mals te worden. Of je nu een klassieke kalfsstoofpot maakt of een snel wokgerecht, deze kalfsvleesblokjes bieden een verfijnde en zachte smaak die iedereen zal aanspreken.","og_url":"https:\/\/slagerijhamza.be\/tr\/urun\/kalfsvleesblokjes\/","og_site_name":"Slagerij Hamza","article_publisher":"https:\/\/www.facebook.com\/profile.php?id=61566484065698","article_modified_time":"2024-09-25T09:56:33+00:00","og_image":[{"width":751,"height":499,"url":"https:\/\/slagerijhamza.be\/wp-content\/uploads\/2024\/09\/kalfsvleesblokjes.webp","type":"image\/webp"}],"twitter_card":"summary_large_image","schema":{"@context":"https:\/\/schema.org","@graph":[{"@type":"WebPage","@id":"https:\/\/slagerijhamza.be\/product\/kalfsvleesblokjes\/","url":"https:\/\/slagerijhamza.be\/product\/kalfsvleesblokjes\/","name":"Kalfsvleesblokjes - Slagerij Hamza","isPartOf":{"@id":"https:\/\/slagerijhamza.be\/#website"},"primaryImageOfPage":{"@id":"https:\/\/slagerijhamza.be\/product\/kalfsvleesblokjes\/#primaryimage"},"image":{"@id":"https:\/\/slagerijhamza.be\/product\/kalfsvleesblokjes\/#primaryimage"},"thumbnailUrl":"https:\/\/slagerijhamza.be\/wp-content\/uploads\/2024\/09\/kalfsvleesblokjes.webp","datePublished":"2024-09-17T15:47:26+00:00","dateModified":"2024-09-25T09:56:33+00:00","breadcrumb":{"@id":"https:\/\/slagerijhamza.be\/product\/kalfsvleesblokjes\/#breadcrumb"},"inLanguage":"tr","potentialAction":[{"@type":"ReadAction","target":["https:\/\/slagerijhamza.be\/product\/kalfsvleesblokjes\/"]}]},{"@type":"ImageObject","inLanguage":"tr","@id":"https:\/\/slagerijhamza.be\/product\/kalfsvleesblokjes\/#primaryimage","url":"https:\/\/slagerijhamza.be\/wp-content\/uploads\/2024\/09\/kalfsvleesblokjes.webp","contentUrl":"https:\/\/slagerijhamza.be\/wp-content\/uploads\/2024\/09\/kalfsvleesblokjes.webp","width":751,"height":499},{"@type":"BreadcrumbList","@id":"https:\/\/slagerijhamza.be\/product\/kalfsvleesblokjes\/#breadcrumb","itemListElement":[{"@type":"ListItem","position":1,"name":"Home","item":"https:\/\/slagerijhamza.be\/"},{"@type":"ListItem","position":2,"name":"Aanbod","item":"https:\/\/slagerijhamza.be\/aanbod\/"},{"@type":"ListItem","position":3,"name":"Kalfsvleesblokjes"}]},{"@type":"WebSite","@id":"https:\/\/slagerijhamza.be\/#website","url":"https:\/\/slagerijhamza.be\/","name":"Kasap Hamza'n\u0131n d\u00fckkan\u0131na","description":"Helal kesim","publisher":{"@id":"https:\/\/slagerijhamza.be\/#organization"},"potentialAction":[{"@type":"SearchAction","target":{"@type":"EntryPoint","urlTemplate":"https:\/\/slagerijhamza.be\/?s={search_term_string}"},"query-input":{"@type":"PropertyValueSpecification","valueRequired":true,"valueName":"search_term_string"}}],"inLanguage":"tr"},{"@type":"Organization","@id":"https:\/\/slagerijhamza.be\/#organization","name":"Kasap Hamza'n\u0131n d\u00fckkan\u0131na","url":"https:\/\/slagerijhamza.be\/","logo":{"@type":"ImageObject","inLanguage":"tr","@id":"https:\/\/slagerijhamza.be\/#\/schema\/logo\/image\/","url":"https:\/\/slagerijhamza.be\/wp-content\/uploads\/2024\/09\/cropped-Ontwerp-zonder-titel-2024-09-18T143535.224-e1726663018490-1.png","contentUrl":"https:\/\/slagerijhamza.be\/wp-content\/uploads\/2024\/09\/cropped-Ontwerp-zonder-titel-2024-09-18T143535.224-e1726663018490-1.png","width":525,"height":400,"caption":"Slagerij Hamza"},"image":{"@id":"https:\/\/slagerijhamza.be\/#\/schema\/logo\/image\/"},"sameAs":["https:\/\/www.facebook.com\/profile.php?id=61566484065698","https:\/\/www.instagram.com\/slagerijhamza"]}]}},"_links":{"self":[{"href":"https:\/\/slagerijhamza.be\/tr\/wp-json\/wp\/v2\/product\/2018","targetHints":{"allow":["GET"]}}],"collection":[{"href":"https:\/\/slagerijhamza.be\/tr\/wp-json\/wp\/v2\/product"}],"about":[{"href":"https:\/\/slagerijhamza.be\/tr\/wp-json\/wp\/v2\/types\/product"}],"wp:featuredmedia":[{"embeddable":true,"href":"https:\/\/slagerijhamza.be\/tr\/wp-json\/wp\/v2\/media\/2177"}],"wp:attachment":[{"href":"https:\/\/slagerijhamza.be\/tr\/wp-json\/wp\/v2\/media?parent=2018"}],"wp:term":[{"taxonomy":"product_brand","embeddable":true,"href":"https:\/\/slagerijhamza.be\/tr\/wp-json\/wp\/v2\/product_brand?post=2018"},{"taxonomy":"product_cat","embeddable":true,"href":"https:\/\/slagerijhamza.be\/tr\/wp-json\/wp\/v2\/product_cat?post=2018"},{"taxonomy":"product_tag","embeddable":true,"href":"https:\/\/slagerijhamza.be\/tr\/wp-json\/wp\/v2\/product_tag?post=2018"}],"curies":[{"name":"wp","href":"https:\/\/api.w.org\/{rel}","templated":true}]}}