{"id":2000,"date":"2024-09-17T15:46:54","date_gmt":"2024-09-17T15:46:54","guid":{"rendered":"https:\/\/slagerijhamza.be\/?post_type=product&#038;p=2000"},"modified":"2024-09-25T12:59:43","modified_gmt":"2024-09-25T12:59:43","slug":"runderlever","status":"publish","type":"product","link":"https:\/\/slagerijhamza.be\/tr\/urun\/runderlever\/","title":{"rendered":"Dana Ci\u011fer"},"content":{"rendered":"","protected":false},"excerpt":{"rendered":"<p>Dana ci\u011fer, yo\u011fun ve zengin bir lezzete sahip olan bir organ etidir. Y\u00fcksek demir, vitamin A ve B vitaminleri a\u00e7\u0131s\u0131ndan zengin olmas\u0131yla bilinir. Ci\u011fer genellikle sotelenerek, \u0131zgarada veya f\u0131r\u0131nda pi\u015firilerek haz\u0131rlan\u0131r. Baharatlar ve so\u011fan ile tatland\u0131r\u0131ld\u0131\u011f\u0131nda, yemeklere zengin bir aroma katar. Ayr\u0131ca, \u00e7e\u015fitli soslarla birlikte sunulabilir. Dana ci\u011feri, genellikle sa\u011fl\u0131kl\u0131 bir protein kayna\u011f\u0131 olarak diyetlerde yer al\u0131r ve \u00f6zellikle farkl\u0131 mutfaklarda pop\u00fcler bir malzeme haline gelir.<\/p>","protected":false},"featured_media":2253,"template":"","meta":{"site-sidebar-layout":"default","site-content-layout":"","ast-site-content-layout":"default","site-content-style":"default","site-sidebar-style":"default","ast-global-header-display":"","ast-banner-title-visibility":"","ast-main-header-display":"","ast-hfb-above-header-display":"","ast-hfb-below-header-display":"","ast-hfb-mobile-header-display":"","site-post-title":"","ast-breadcrumbs-content":"","ast-featured-img":"","footer-sml-layout":"","theme-transparent-header-meta":"default","adv-header-id-meta":"","stick-header-meta":"","header-above-stick-meta":"","header-main-stick-meta":"","header-below-stick-meta":"","astra-migrate-meta-layouts":"set","ast-page-background-enabled":"default","ast-page-background-meta":{"desktop":{"background-color":"","background-image":"","background-repeat":"repeat","background-position":"center center","background-size":"auto","background-attachment":"scroll","background-type":"","background-media":"","overlay-type":"","overlay-color":"","overlay-opacity":"","overlay-gradient":""},"tablet":{"background-color":"","background-image":"","background-repeat":"repeat","background-position":"center center","background-size":"auto","background-attachment":"scroll","background-type":"","background-media":"","overlay-type":"","overlay-color":"","overlay-opacity":"","overlay-gradient":""},"mobile":{"background-color":"","background-image":"","background-repeat":"repeat","background-position":"center center","background-size":"auto","background-attachment":"scroll","background-type":"","background-media":"","overlay-type":"","overlay-color":"","overlay-opacity":"","overlay-gradient":""}},"ast-content-background-meta":{"desktop":{"background-color":"var(--ast-global-color-5)","background-image":"","background-repeat":"repeat","background-position":"center center","background-size":"auto","background-attachment":"scroll","background-type":"","background-media":"","overlay-type":"","overlay-color":"","overlay-opacity":"","overlay-gradient":""},"tablet":{"background-color":"var(--ast-global-color-5)","background-image":"","background-repeat":"repeat","background-position":"center center","background-size":"auto","background-attachment":"scroll","background-type":"","background-media":"","overlay-type":"","overlay-color":"","overlay-opacity":"","overlay-gradient":""},"mobile":{"background-color":"var(--ast-global-color-5)","background-image":"","background-repeat":"repeat","background-position":"center center","background-size":"auto","background-attachment":"scroll","background-type":"","background-media":"","overlay-type":"","overlay-color":"","overlay-opacity":"","overlay-gradient":""}}},"product_brand":[],"product_cat":[32],"product_tag":[],"class_list":{"0":"post-2000","1":"product","2":"type-product","3":"status-publish","4":"has-post-thumbnail","6":"product_cat-rundvlees","7":"desktop-align-left","8":"tablet-align-left","9":"mobile-align-left","11":"first","12":"instock","13":"shipping-taxable","14":"product-type-simple"},"yoast_head":"<!-- This site is optimized with the Yoast SEO plugin v23.7 - https:\/\/yoast.com\/wordpress\/plugins\/seo\/ -->\n<title>Runderlever - Slagerij Hamza<\/title>\n<meta name=\"robots\" content=\"index, follow, max-snippet:-1, max-image-preview:large, max-video-preview:-1\" \/>\n<link rel=\"canonical\" href=\"https:\/\/slagerijhamza.be\/tr\/urun\/runderlever\/\" \/>\n<meta property=\"og:locale\" content=\"tr_TR\" \/>\n<meta property=\"og:type\" content=\"article\" \/>\n<meta property=\"og:title\" content=\"Runderlever - Slagerij Hamza\" \/>\n<meta property=\"og:description\" content=\"Runderlever is een krachtig en voedzaam stuk orgaanvlees, rijk aan ijzer en vitamines. De volle smaak en zachte textuur maken het een geliefde keuze in veel traditionele gerechten. Dit vlees kan eenvoudig worden gebakken met ui, knoflook en kruiden voor een eenvoudige, voedzame maaltijd. Runderlever combineert goed met hartige sauzen, zoals jus of een wijnsaus, en kan ook worden gebruikt in pat\u00e9s of stoofschotels. Voor de liefhebbers van intensere smaken biedt dit stuk vlees een unieke culinaire ervaring.\" \/>\n<meta property=\"og:url\" content=\"https:\/\/slagerijhamza.be\/tr\/urun\/runderlever\/\" \/>\n<meta property=\"og:site_name\" content=\"Slagerij Hamza\" \/>\n<meta property=\"article:publisher\" content=\"https:\/\/www.facebook.com\/profile.php?id=61566484065698\" \/>\n<meta property=\"article:modified_time\" content=\"2024-09-25T12:59:43+00:00\" \/>\n<meta property=\"og:image\" content=\"https:\/\/slagerijhamza.be\/wp-content\/uploads\/2024\/09\/runderlever.jpg\" \/>\n\t<meta property=\"og:image:width\" content=\"800\" \/>\n\t<meta property=\"og:image:height\" content=\"800\" \/>\n\t<meta property=\"og:image:type\" content=\"image\/jpeg\" \/>\n<meta name=\"twitter:card\" content=\"summary_large_image\" \/>\n<script type=\"application\/ld+json\" class=\"yoast-schema-graph\">{\"@context\":\"https:\/\/schema.org\",\"@graph\":[{\"@type\":\"WebPage\",\"@id\":\"https:\/\/slagerijhamza.be\/product\/runderlever\/\",\"url\":\"https:\/\/slagerijhamza.be\/product\/runderlever\/\",\"name\":\"Runderlever - Slagerij Hamza\",\"isPartOf\":{\"@id\":\"https:\/\/slagerijhamza.be\/#website\"},\"primaryImageOfPage\":{\"@id\":\"https:\/\/slagerijhamza.be\/product\/runderlever\/#primaryimage\"},\"image\":{\"@id\":\"https:\/\/slagerijhamza.be\/product\/runderlever\/#primaryimage\"},\"thumbnailUrl\":\"https:\/\/slagerijhamza.be\/wp-content\/uploads\/2024\/09\/runderlever.jpg\",\"datePublished\":\"2024-09-17T15:46:54+00:00\",\"dateModified\":\"2024-09-25T12:59:43+00:00\",\"breadcrumb\":{\"@id\":\"https:\/\/slagerijhamza.be\/product\/runderlever\/#breadcrumb\"},\"inLanguage\":\"tr\",\"potentialAction\":[{\"@type\":\"ReadAction\",\"target\":[\"https:\/\/slagerijhamza.be\/product\/runderlever\/\"]}]},{\"@type\":\"ImageObject\",\"inLanguage\":\"tr\",\"@id\":\"https:\/\/slagerijhamza.be\/product\/runderlever\/#primaryimage\",\"url\":\"https:\/\/slagerijhamza.be\/wp-content\/uploads\/2024\/09\/runderlever.jpg\",\"contentUrl\":\"https:\/\/slagerijhamza.be\/wp-content\/uploads\/2024\/09\/runderlever.jpg\",\"width\":800,\"height\":800},{\"@type\":\"BreadcrumbList\",\"@id\":\"https:\/\/slagerijhamza.be\/product\/runderlever\/#breadcrumb\",\"itemListElement\":[{\"@type\":\"ListItem\",\"position\":1,\"name\":\"Home\",\"item\":\"https:\/\/slagerijhamza.be\/\"},{\"@type\":\"ListItem\",\"position\":2,\"name\":\"Aanbod\",\"item\":\"https:\/\/slagerijhamza.be\/aanbod\/\"},{\"@type\":\"ListItem\",\"position\":3,\"name\":\"Runderlever\"}]},{\"@type\":\"WebSite\",\"@id\":\"https:\/\/slagerijhamza.be\/#website\",\"url\":\"https:\/\/slagerijhamza.be\/\",\"name\":\"Slagerij Hamza\",\"description\":\"Halal vlees\",\"publisher\":{\"@id\":\"https:\/\/slagerijhamza.be\/#organization\"},\"potentialAction\":[{\"@type\":\"SearchAction\",\"target\":{\"@type\":\"EntryPoint\",\"urlTemplate\":\"https:\/\/slagerijhamza.be\/?s={search_term_string}\"},\"query-input\":{\"@type\":\"PropertyValueSpecification\",\"valueRequired\":true,\"valueName\":\"search_term_string\"}}],\"inLanguage\":\"tr\"},{\"@type\":\"Organization\",\"@id\":\"https:\/\/slagerijhamza.be\/#organization\",\"name\":\"Slagerij Hamza\",\"url\":\"https:\/\/slagerijhamza.be\/\",\"logo\":{\"@type\":\"ImageObject\",\"inLanguage\":\"tr\",\"@id\":\"https:\/\/slagerijhamza.be\/#\/schema\/logo\/image\/\",\"url\":\"https:\/\/slagerijhamza.be\/wp-content\/uploads\/2024\/09\/cropped-Ontwerp-zonder-titel-2024-09-18T143535.224-e1726663018490-1.png\",\"contentUrl\":\"https:\/\/slagerijhamza.be\/wp-content\/uploads\/2024\/09\/cropped-Ontwerp-zonder-titel-2024-09-18T143535.224-e1726663018490-1.png\",\"width\":525,\"height\":400,\"caption\":\"Slagerij Hamza\"},\"image\":{\"@id\":\"https:\/\/slagerijhamza.be\/#\/schema\/logo\/image\/\"},\"sameAs\":[\"https:\/\/www.facebook.com\/profile.php?id=61566484065698\",\"https:\/\/www.instagram.com\/slagerijhamza\"]}]}<\/script>\n<!-- \/ Yoast SEO plugin. -->","yoast_head_json":{"title":"Runderlever - Slagerij Hamza","robots":{"index":"index","follow":"follow","max-snippet":"max-snippet:-1","max-image-preview":"max-image-preview:large","max-video-preview":"max-video-preview:-1"},"canonical":"https:\/\/slagerijhamza.be\/tr\/urun\/runderlever\/","og_locale":"tr_TR","og_type":"article","og_title":"Runderlever - Slagerij Hamza","og_description":"Runderlever is een krachtig en voedzaam stuk orgaanvlees, rijk aan ijzer en vitamines. De volle smaak en zachte textuur maken het een geliefde keuze in veel traditionele gerechten. Dit vlees kan eenvoudig worden gebakken met ui, knoflook en kruiden voor een eenvoudige, voedzame maaltijd. Runderlever combineert goed met hartige sauzen, zoals jus of een wijnsaus, en kan ook worden gebruikt in pat\u00e9s of stoofschotels. Voor de liefhebbers van intensere smaken biedt dit stuk vlees een unieke culinaire ervaring.","og_url":"https:\/\/slagerijhamza.be\/tr\/urun\/runderlever\/","og_site_name":"Slagerij Hamza","article_publisher":"https:\/\/www.facebook.com\/profile.php?id=61566484065698","article_modified_time":"2024-09-25T12:59:43+00:00","og_image":[{"width":800,"height":800,"url":"https:\/\/slagerijhamza.be\/wp-content\/uploads\/2024\/09\/runderlever.jpg","type":"image\/jpeg"}],"twitter_card":"summary_large_image","schema":{"@context":"https:\/\/schema.org","@graph":[{"@type":"WebPage","@id":"https:\/\/slagerijhamza.be\/product\/runderlever\/","url":"https:\/\/slagerijhamza.be\/product\/runderlever\/","name":"Runderlever - Slagerij Hamza","isPartOf":{"@id":"https:\/\/slagerijhamza.be\/#website"},"primaryImageOfPage":{"@id":"https:\/\/slagerijhamza.be\/product\/runderlever\/#primaryimage"},"image":{"@id":"https:\/\/slagerijhamza.be\/product\/runderlever\/#primaryimage"},"thumbnailUrl":"https:\/\/slagerijhamza.be\/wp-content\/uploads\/2024\/09\/runderlever.jpg","datePublished":"2024-09-17T15:46:54+00:00","dateModified":"2024-09-25T12:59:43+00:00","breadcrumb":{"@id":"https:\/\/slagerijhamza.be\/product\/runderlever\/#breadcrumb"},"inLanguage":"tr","potentialAction":[{"@type":"ReadAction","target":["https:\/\/slagerijhamza.be\/product\/runderlever\/"]}]},{"@type":"ImageObject","inLanguage":"tr","@id":"https:\/\/slagerijhamza.be\/product\/runderlever\/#primaryimage","url":"https:\/\/slagerijhamza.be\/wp-content\/uploads\/2024\/09\/runderlever.jpg","contentUrl":"https:\/\/slagerijhamza.be\/wp-content\/uploads\/2024\/09\/runderlever.jpg","width":800,"height":800},{"@type":"BreadcrumbList","@id":"https:\/\/slagerijhamza.be\/product\/runderlever\/#breadcrumb","itemListElement":[{"@type":"ListItem","position":1,"name":"Home","item":"https:\/\/slagerijhamza.be\/"},{"@type":"ListItem","position":2,"name":"Aanbod","item":"https:\/\/slagerijhamza.be\/aanbod\/"},{"@type":"ListItem","position":3,"name":"Runderlever"}]},{"@type":"WebSite","@id":"https:\/\/slagerijhamza.be\/#website","url":"https:\/\/slagerijhamza.be\/","name":"Kasap Hamza'n\u0131n d\u00fckkan\u0131na","description":"Helal kesim","publisher":{"@id":"https:\/\/slagerijhamza.be\/#organization"},"potentialAction":[{"@type":"SearchAction","target":{"@type":"EntryPoint","urlTemplate":"https:\/\/slagerijhamza.be\/?s={search_term_string}"},"query-input":{"@type":"PropertyValueSpecification","valueRequired":true,"valueName":"search_term_string"}}],"inLanguage":"tr"},{"@type":"Organization","@id":"https:\/\/slagerijhamza.be\/#organization","name":"Kasap Hamza'n\u0131n d\u00fckkan\u0131na","url":"https:\/\/slagerijhamza.be\/","logo":{"@type":"ImageObject","inLanguage":"tr","@id":"https:\/\/slagerijhamza.be\/#\/schema\/logo\/image\/","url":"https:\/\/slagerijhamza.be\/wp-content\/uploads\/2024\/09\/cropped-Ontwerp-zonder-titel-2024-09-18T143535.224-e1726663018490-1.png","contentUrl":"https:\/\/slagerijhamza.be\/wp-content\/uploads\/2024\/09\/cropped-Ontwerp-zonder-titel-2024-09-18T143535.224-e1726663018490-1.png","width":525,"height":400,"caption":"Slagerij Hamza"},"image":{"@id":"https:\/\/slagerijhamza.be\/#\/schema\/logo\/image\/"},"sameAs":["https:\/\/www.facebook.com\/profile.php?id=61566484065698","https:\/\/www.instagram.com\/slagerijhamza"]}]}},"_links":{"self":[{"href":"https:\/\/slagerijhamza.be\/tr\/wp-json\/wp\/v2\/product\/2000","targetHints":{"allow":["GET"]}}],"collection":[{"href":"https:\/\/slagerijhamza.be\/tr\/wp-json\/wp\/v2\/product"}],"about":[{"href":"https:\/\/slagerijhamza.be\/tr\/wp-json\/wp\/v2\/types\/product"}],"wp:featuredmedia":[{"embeddable":true,"href":"https:\/\/slagerijhamza.be\/tr\/wp-json\/wp\/v2\/media\/2253"}],"wp:attachment":[{"href":"https:\/\/slagerijhamza.be\/tr\/wp-json\/wp\/v2\/media?parent=2000"}],"wp:term":[{"taxonomy":"product_brand","embeddable":true,"href":"https:\/\/slagerijhamza.be\/tr\/wp-json\/wp\/v2\/product_brand?post=2000"},{"taxonomy":"product_cat","embeddable":true,"href":"https:\/\/slagerijhamza.be\/tr\/wp-json\/wp\/v2\/product_cat?post=2000"},{"taxonomy":"product_tag","embeddable":true,"href":"https:\/\/slagerijhamza.be\/tr\/wp-json\/wp\/v2\/product_tag?post=2000"}],"curies":[{"name":"wp","href":"https:\/\/api.w.org\/{rel}","templated":true}]}}