{"id":1991,"date":"2024-09-17T15:46:37","date_gmt":"2024-09-17T15:46:37","guid":{"rendered":"https:\/\/slagerijhamza.be\/?post_type=product&#038;p=1991"},"modified":"2024-09-25T12:57:53","modified_gmt":"2024-09-25T12:57:53","slug":"rundergehakt-zonder-vet","status":"publish","type":"product","link":"https:\/\/slagerijhamza.be\/tr\/urun\/rundergehakt-zonder-vet\/","title":{"rendered":"Dana k\u0131yma ya\u011fs\u0131z"},"content":{"rendered":"","protected":false},"excerpt":{"rendered":"<p>Ya\u011fs\u0131z dana k\u0131yma, taze ve se\u00e7kin dana etinin i\u015flenmesiyle elde edilen, d\u00fc\u015f\u00fck ya\u011f oran\u0131na sahip bir \u00fcr\u00fcnd\u00fcr. Sa\u011fl\u0131kl\u0131 beslenmek isteyenler i\u00e7in m\u00fckemmel bir protein kayna\u011f\u0131d\u0131r ve \u00e7e\u015fitli yemeklerde kullan\u0131labilir. Bu k\u0131yma, k\u00f6fte, hamburger, spagetti sosu veya dolma gibi bir\u00e7ok farkl\u0131 tarifte lezzet katmak i\u00e7in idealdir.\n\nYa\u011fs\u0131z dana k\u0131yma, sa\u011fl\u0131kl\u0131 ve dengeli bir diyetin par\u00e7as\u0131 olarak tercih edilirken, ayn\u0131 zamanda sebzelerle birlikte pi\u015firilerek sa\u011fl\u0131kl\u0131 yemekler haz\u0131rlamak i\u00e7in de m\u00fckemmel bir se\u00e7imdir. Her lokmada yo\u011fun et tad\u0131 sunan bu k\u0131yma, damak zevkinize hitap eder.<\/p>","protected":false},"featured_media":2250,"template":"","meta":{"site-sidebar-layout":"default","site-content-layout":"","ast-site-content-layout":"default","site-content-style":"default","site-sidebar-style":"default","ast-global-header-display":"","ast-banner-title-visibility":"","ast-main-header-display":"","ast-hfb-above-header-display":"","ast-hfb-below-header-display":"","ast-hfb-mobile-header-display":"","site-post-title":"","ast-breadcrumbs-content":"","ast-featured-img":"","footer-sml-layout":"","theme-transparent-header-meta":"default","adv-header-id-meta":"","stick-header-meta":"","header-above-stick-meta":"","header-main-stick-meta":"","header-below-stick-meta":"","astra-migrate-meta-layouts":"set","ast-page-background-enabled":"default","ast-page-background-meta":{"desktop":{"background-color":"","background-image":"","background-repeat":"repeat","background-position":"center center","background-size":"auto","background-attachment":"scroll","background-type":"","background-media":"","overlay-type":"","overlay-color":"","overlay-opacity":"","overlay-gradient":""},"tablet":{"background-color":"","background-image":"","background-repeat":"repeat","background-position":"center center","background-size":"auto","background-attachment":"scroll","background-type":"","background-media":"","overlay-type":"","overlay-color":"","overlay-opacity":"","overlay-gradient":""},"mobile":{"background-color":"","background-image":"","background-repeat":"repeat","background-position":"center center","background-size":"auto","background-attachment":"scroll","background-type":"","background-media":"","overlay-type":"","overlay-color":"","overlay-opacity":"","overlay-gradient":""}},"ast-content-background-meta":{"desktop":{"background-color":"var(--ast-global-color-5)","background-image":"","background-repeat":"repeat","background-position":"center center","background-size":"auto","background-attachment":"scroll","background-type":"","background-media":"","overlay-type":"","overlay-color":"","overlay-opacity":"","overlay-gradient":""},"tablet":{"background-color":"var(--ast-global-color-5)","background-image":"","background-repeat":"repeat","background-position":"center center","background-size":"auto","background-attachment":"scroll","background-type":"","background-media":"","overlay-type":"","overlay-color":"","overlay-opacity":"","overlay-gradient":""},"mobile":{"background-color":"var(--ast-global-color-5)","background-image":"","background-repeat":"repeat","background-position":"center center","background-size":"auto","background-attachment":"scroll","background-type":"","background-media":"","overlay-type":"","overlay-color":"","overlay-opacity":"","overlay-gradient":""}}},"product_brand":[],"product_cat":[32],"product_tag":[],"class_list":{"0":"post-1991","1":"product","2":"type-product","3":"status-publish","4":"has-post-thumbnail","6":"product_cat-rundvlees","7":"desktop-align-left","8":"tablet-align-left","9":"mobile-align-left","11":"first","12":"instock","13":"shipping-taxable","14":"product-type-simple"},"yoast_head":"<!-- This site is optimized with the Yoast SEO plugin v23.7 - https:\/\/yoast.com\/wordpress\/plugins\/seo\/ -->\n<title>Rundergehakt zonder vet - Slagerij Hamza<\/title>\n<meta name=\"robots\" content=\"index, follow, max-snippet:-1, max-image-preview:large, max-video-preview:-1\" \/>\n<link rel=\"canonical\" href=\"https:\/\/slagerijhamza.be\/tr\/urun\/rundergehakt-zonder-vet\/\" \/>\n<meta property=\"og:locale\" content=\"tr_TR\" \/>\n<meta property=\"og:type\" content=\"article\" \/>\n<meta property=\"og:title\" content=\"Rundergehakt zonder vet - Slagerij Hamza\" \/>\n<meta property=\"og:description\" content=\"Voor wie de voorkeur geeft aan een magerder alternatief, is ons rundergehakt zonder vet de ideale keuze. Gemaakt van puur mager rundvlees, biedt dit gehakt een gezonde en smaakvolle optie voor talloze gerechten. Of je nu gehaktballen, vulling voor groenten of een lichte pastasaus wilt maken, dit magere gehakt behoudt zijn smaak zonder de toevoeging van overtollig vet.\" \/>\n<meta property=\"og:url\" content=\"https:\/\/slagerijhamza.be\/tr\/urun\/rundergehakt-zonder-vet\/\" \/>\n<meta property=\"og:site_name\" content=\"Slagerij Hamza\" \/>\n<meta property=\"article:publisher\" content=\"https:\/\/www.facebook.com\/profile.php?id=61566484065698\" \/>\n<meta property=\"article:modified_time\" content=\"2024-09-25T12:57:53+00:00\" \/>\n<meta property=\"og:image\" content=\"https:\/\/slagerijhamza.be\/wp-content\/uploads\/2024\/09\/rundsgehakt-met-vet-1.webp\" \/>\n\t<meta property=\"og:image:width\" content=\"1000\" \/>\n\t<meta property=\"og:image:height\" content=\"1000\" \/>\n\t<meta property=\"og:image:type\" content=\"image\/webp\" \/>\n<meta name=\"twitter:card\" content=\"summary_large_image\" \/>\n<script type=\"application\/ld+json\" class=\"yoast-schema-graph\">{\"@context\":\"https:\/\/schema.org\",\"@graph\":[{\"@type\":\"WebPage\",\"@id\":\"https:\/\/slagerijhamza.be\/product\/rundergehakt-zonder-vet\/\",\"url\":\"https:\/\/slagerijhamza.be\/product\/rundergehakt-zonder-vet\/\",\"name\":\"Rundergehakt zonder vet - Slagerij Hamza\",\"isPartOf\":{\"@id\":\"https:\/\/slagerijhamza.be\/#website\"},\"primaryImageOfPage\":{\"@id\":\"https:\/\/slagerijhamza.be\/product\/rundergehakt-zonder-vet\/#primaryimage\"},\"image\":{\"@id\":\"https:\/\/slagerijhamza.be\/product\/rundergehakt-zonder-vet\/#primaryimage\"},\"thumbnailUrl\":\"https:\/\/slagerijhamza.be\/wp-content\/uploads\/2024\/09\/rundsgehakt-met-vet-1.webp\",\"datePublished\":\"2024-09-17T15:46:37+00:00\",\"dateModified\":\"2024-09-25T12:57:53+00:00\",\"breadcrumb\":{\"@id\":\"https:\/\/slagerijhamza.be\/product\/rundergehakt-zonder-vet\/#breadcrumb\"},\"inLanguage\":\"tr\",\"potentialAction\":[{\"@type\":\"ReadAction\",\"target\":[\"https:\/\/slagerijhamza.be\/product\/rundergehakt-zonder-vet\/\"]}]},{\"@type\":\"ImageObject\",\"inLanguage\":\"tr\",\"@id\":\"https:\/\/slagerijhamza.be\/product\/rundergehakt-zonder-vet\/#primaryimage\",\"url\":\"https:\/\/slagerijhamza.be\/wp-content\/uploads\/2024\/09\/rundsgehakt-met-vet-1.webp\",\"contentUrl\":\"https:\/\/slagerijhamza.be\/wp-content\/uploads\/2024\/09\/rundsgehakt-met-vet-1.webp\",\"width\":1000,\"height\":1000},{\"@type\":\"BreadcrumbList\",\"@id\":\"https:\/\/slagerijhamza.be\/product\/rundergehakt-zonder-vet\/#breadcrumb\",\"itemListElement\":[{\"@type\":\"ListItem\",\"position\":1,\"name\":\"Home\",\"item\":\"https:\/\/slagerijhamza.be\/\"},{\"@type\":\"ListItem\",\"position\":2,\"name\":\"Aanbod\",\"item\":\"https:\/\/slagerijhamza.be\/aanbod\/\"},{\"@type\":\"ListItem\",\"position\":3,\"name\":\"Rundergehakt zonder vet\"}]},{\"@type\":\"WebSite\",\"@id\":\"https:\/\/slagerijhamza.be\/#website\",\"url\":\"https:\/\/slagerijhamza.be\/\",\"name\":\"Slagerij Hamza\",\"description\":\"Halal vlees\",\"publisher\":{\"@id\":\"https:\/\/slagerijhamza.be\/#organization\"},\"potentialAction\":[{\"@type\":\"SearchAction\",\"target\":{\"@type\":\"EntryPoint\",\"urlTemplate\":\"https:\/\/slagerijhamza.be\/?s={search_term_string}\"},\"query-input\":{\"@type\":\"PropertyValueSpecification\",\"valueRequired\":true,\"valueName\":\"search_term_string\"}}],\"inLanguage\":\"tr\"},{\"@type\":\"Organization\",\"@id\":\"https:\/\/slagerijhamza.be\/#organization\",\"name\":\"Slagerij Hamza\",\"url\":\"https:\/\/slagerijhamza.be\/\",\"logo\":{\"@type\":\"ImageObject\",\"inLanguage\":\"tr\",\"@id\":\"https:\/\/slagerijhamza.be\/#\/schema\/logo\/image\/\",\"url\":\"https:\/\/slagerijhamza.be\/wp-content\/uploads\/2024\/09\/cropped-Ontwerp-zonder-titel-2024-09-18T143535.224-e1726663018490-1.png\",\"contentUrl\":\"https:\/\/slagerijhamza.be\/wp-content\/uploads\/2024\/09\/cropped-Ontwerp-zonder-titel-2024-09-18T143535.224-e1726663018490-1.png\",\"width\":525,\"height\":400,\"caption\":\"Slagerij Hamza\"},\"image\":{\"@id\":\"https:\/\/slagerijhamza.be\/#\/schema\/logo\/image\/\"},\"sameAs\":[\"https:\/\/www.facebook.com\/profile.php?id=61566484065698\",\"https:\/\/www.instagram.com\/slagerijhamza\"]}]}<\/script>\n<!-- \/ Yoast SEO plugin. -->","yoast_head_json":{"title":"Rundergehakt zonder vet - Slagerij Hamza","robots":{"index":"index","follow":"follow","max-snippet":"max-snippet:-1","max-image-preview":"max-image-preview:large","max-video-preview":"max-video-preview:-1"},"canonical":"https:\/\/slagerijhamza.be\/tr\/urun\/rundergehakt-zonder-vet\/","og_locale":"tr_TR","og_type":"article","og_title":"Rundergehakt zonder vet - Slagerij Hamza","og_description":"Voor wie de voorkeur geeft aan een magerder alternatief, is ons rundergehakt zonder vet de ideale keuze. Gemaakt van puur mager rundvlees, biedt dit gehakt een gezonde en smaakvolle optie voor talloze gerechten. Of je nu gehaktballen, vulling voor groenten of een lichte pastasaus wilt maken, dit magere gehakt behoudt zijn smaak zonder de toevoeging van overtollig vet.","og_url":"https:\/\/slagerijhamza.be\/tr\/urun\/rundergehakt-zonder-vet\/","og_site_name":"Slagerij Hamza","article_publisher":"https:\/\/www.facebook.com\/profile.php?id=61566484065698","article_modified_time":"2024-09-25T12:57:53+00:00","og_image":[{"width":1000,"height":1000,"url":"https:\/\/slagerijhamza.be\/wp-content\/uploads\/2024\/09\/rundsgehakt-met-vet-1.webp","type":"image\/webp"}],"twitter_card":"summary_large_image","schema":{"@context":"https:\/\/schema.org","@graph":[{"@type":"WebPage","@id":"https:\/\/slagerijhamza.be\/product\/rundergehakt-zonder-vet\/","url":"https:\/\/slagerijhamza.be\/product\/rundergehakt-zonder-vet\/","name":"Rundergehakt zonder vet - Slagerij Hamza","isPartOf":{"@id":"https:\/\/slagerijhamza.be\/#website"},"primaryImageOfPage":{"@id":"https:\/\/slagerijhamza.be\/product\/rundergehakt-zonder-vet\/#primaryimage"},"image":{"@id":"https:\/\/slagerijhamza.be\/product\/rundergehakt-zonder-vet\/#primaryimage"},"thumbnailUrl":"https:\/\/slagerijhamza.be\/wp-content\/uploads\/2024\/09\/rundsgehakt-met-vet-1.webp","datePublished":"2024-09-17T15:46:37+00:00","dateModified":"2024-09-25T12:57:53+00:00","breadcrumb":{"@id":"https:\/\/slagerijhamza.be\/product\/rundergehakt-zonder-vet\/#breadcrumb"},"inLanguage":"tr","potentialAction":[{"@type":"ReadAction","target":["https:\/\/slagerijhamza.be\/product\/rundergehakt-zonder-vet\/"]}]},{"@type":"ImageObject","inLanguage":"tr","@id":"https:\/\/slagerijhamza.be\/product\/rundergehakt-zonder-vet\/#primaryimage","url":"https:\/\/slagerijhamza.be\/wp-content\/uploads\/2024\/09\/rundsgehakt-met-vet-1.webp","contentUrl":"https:\/\/slagerijhamza.be\/wp-content\/uploads\/2024\/09\/rundsgehakt-met-vet-1.webp","width":1000,"height":1000},{"@type":"BreadcrumbList","@id":"https:\/\/slagerijhamza.be\/product\/rundergehakt-zonder-vet\/#breadcrumb","itemListElement":[{"@type":"ListItem","position":1,"name":"Home","item":"https:\/\/slagerijhamza.be\/"},{"@type":"ListItem","position":2,"name":"Aanbod","item":"https:\/\/slagerijhamza.be\/aanbod\/"},{"@type":"ListItem","position":3,"name":"Rundergehakt zonder vet"}]},{"@type":"WebSite","@id":"https:\/\/slagerijhamza.be\/#website","url":"https:\/\/slagerijhamza.be\/","name":"Kasap Hamza'n\u0131n d\u00fckkan\u0131na","description":"Helal kesim","publisher":{"@id":"https:\/\/slagerijhamza.be\/#organization"},"potentialAction":[{"@type":"SearchAction","target":{"@type":"EntryPoint","urlTemplate":"https:\/\/slagerijhamza.be\/?s={search_term_string}"},"query-input":{"@type":"PropertyValueSpecification","valueRequired":true,"valueName":"search_term_string"}}],"inLanguage":"tr"},{"@type":"Organization","@id":"https:\/\/slagerijhamza.be\/#organization","name":"Kasap Hamza'n\u0131n d\u00fckkan\u0131na","url":"https:\/\/slagerijhamza.be\/","logo":{"@type":"ImageObject","inLanguage":"tr","@id":"https:\/\/slagerijhamza.be\/#\/schema\/logo\/image\/","url":"https:\/\/slagerijhamza.be\/wp-content\/uploads\/2024\/09\/cropped-Ontwerp-zonder-titel-2024-09-18T143535.224-e1726663018490-1.png","contentUrl":"https:\/\/slagerijhamza.be\/wp-content\/uploads\/2024\/09\/cropped-Ontwerp-zonder-titel-2024-09-18T143535.224-e1726663018490-1.png","width":525,"height":400,"caption":"Slagerij Hamza"},"image":{"@id":"https:\/\/slagerijhamza.be\/#\/schema\/logo\/image\/"},"sameAs":["https:\/\/www.facebook.com\/profile.php?id=61566484065698","https:\/\/www.instagram.com\/slagerijhamza"]}]}},"_links":{"self":[{"href":"https:\/\/slagerijhamza.be\/tr\/wp-json\/wp\/v2\/product\/1991","targetHints":{"allow":["GET"]}}],"collection":[{"href":"https:\/\/slagerijhamza.be\/tr\/wp-json\/wp\/v2\/product"}],"about":[{"href":"https:\/\/slagerijhamza.be\/tr\/wp-json\/wp\/v2\/types\/product"}],"wp:featuredmedia":[{"embeddable":true,"href":"https:\/\/slagerijhamza.be\/tr\/wp-json\/wp\/v2\/media\/2250"}],"wp:attachment":[{"href":"https:\/\/slagerijhamza.be\/tr\/wp-json\/wp\/v2\/media?parent=1991"}],"wp:term":[{"taxonomy":"product_brand","embeddable":true,"href":"https:\/\/slagerijhamza.be\/tr\/wp-json\/wp\/v2\/product_brand?post=1991"},{"taxonomy":"product_cat","embeddable":true,"href":"https:\/\/slagerijhamza.be\/tr\/wp-json\/wp\/v2\/product_cat?post=1991"},{"taxonomy":"product_tag","embeddable":true,"href":"https:\/\/slagerijhamza.be\/tr\/wp-json\/wp\/v2\/product_tag?post=1991"}],"curies":[{"name":"wp","href":"https:\/\/api.w.org\/{rel}","templated":true}]}}