{"id":1990,"date":"2024-09-17T15:46:35","date_gmt":"2024-09-17T15:46:35","guid":{"rendered":"https:\/\/slagerijhamza.be\/?post_type=product&#038;p=1990"},"modified":"2024-09-25T12:57:37","modified_gmt":"2024-09-25T12:57:37","slug":"rundergehakt-met-vet","status":"publish","type":"product","link":"https:\/\/slagerijhamza.be\/tr\/urun\/rundergehakt-met-vet\/","title":{"rendered":"Dana k\u0131yma ya\u011fl\u0131"},"content":{"rendered":"","protected":false},"excerpt":{"rendered":"<p>Ya\u011fl\u0131 dana k\u0131yma, taze dana etinin \u00f6zel bir kar\u0131\u015f\u0131m\u0131ndan elde edilen lezzetli bir \u00fcr\u00fcnd\u00fcr. Ya\u011f oran\u0131, etin yumu\u015fakl\u0131\u011f\u0131n\u0131 ve lezzetini art\u0131rarak \u00e7e\u015fitli yemeklerde m\u00fckemmel bir tat sa\u011flar. Genellikle k\u00f6fte, k\u00f6fte, lahmacun ve hamburger gibi bir\u00e7ok tarifte kullan\u0131labilir.\n\nYa\u011fl\u0131 dana k\u0131yma, sulu ve aromatik yemekler haz\u0131rlamak isteyenler i\u00e7in ideal bir se\u00e7enektir. \u00dcr\u00fcn, taze baharatlarla harmanlanarak \u00e7e\u015fitli tariflerde lezzetini art\u0131r\u0131r. Ayr\u0131ca, sa\u011fl\u0131kl\u0131 bir protein kayna\u011f\u0131d\u0131r ve dengeli bir diyetin par\u00e7as\u0131 olarak t\u00fcketilebilir.<\/p>","protected":false},"featured_media":2249,"template":"","meta":{"site-sidebar-layout":"default","site-content-layout":"","ast-site-content-layout":"default","site-content-style":"default","site-sidebar-style":"default","ast-global-header-display":"","ast-banner-title-visibility":"","ast-main-header-display":"","ast-hfb-above-header-display":"","ast-hfb-below-header-display":"","ast-hfb-mobile-header-display":"","site-post-title":"","ast-breadcrumbs-content":"","ast-featured-img":"","footer-sml-layout":"","theme-transparent-header-meta":"default","adv-header-id-meta":"","stick-header-meta":"","header-above-stick-meta":"","header-main-stick-meta":"","header-below-stick-meta":"","astra-migrate-meta-layouts":"set","ast-page-background-enabled":"default","ast-page-background-meta":{"desktop":{"background-color":"","background-image":"","background-repeat":"repeat","background-position":"center center","background-size":"auto","background-attachment":"scroll","background-type":"","background-media":"","overlay-type":"","overlay-color":"","overlay-opacity":"","overlay-gradient":""},"tablet":{"background-color":"","background-image":"","background-repeat":"repeat","background-position":"center center","background-size":"auto","background-attachment":"scroll","background-type":"","background-media":"","overlay-type":"","overlay-color":"","overlay-opacity":"","overlay-gradient":""},"mobile":{"background-color":"","background-image":"","background-repeat":"repeat","background-position":"center center","background-size":"auto","background-attachment":"scroll","background-type":"","background-media":"","overlay-type":"","overlay-color":"","overlay-opacity":"","overlay-gradient":""}},"ast-content-background-meta":{"desktop":{"background-color":"var(--ast-global-color-5)","background-image":"","background-repeat":"repeat","background-position":"center center","background-size":"auto","background-attachment":"scroll","background-type":"","background-media":"","overlay-type":"","overlay-color":"","overlay-opacity":"","overlay-gradient":""},"tablet":{"background-color":"var(--ast-global-color-5)","background-image":"","background-repeat":"repeat","background-position":"center center","background-size":"auto","background-attachment":"scroll","background-type":"","background-media":"","overlay-type":"","overlay-color":"","overlay-opacity":"","overlay-gradient":""},"mobile":{"background-color":"var(--ast-global-color-5)","background-image":"","background-repeat":"repeat","background-position":"center center","background-size":"auto","background-attachment":"scroll","background-type":"","background-media":"","overlay-type":"","overlay-color":"","overlay-opacity":"","overlay-gradient":""}}},"product_brand":[],"product_cat":[32],"product_tag":[],"class_list":{"0":"post-1990","1":"product","2":"type-product","3":"status-publish","4":"has-post-thumbnail","6":"product_cat-rundvlees","7":"desktop-align-left","8":"tablet-align-left","9":"mobile-align-left","11":"first","12":"instock","13":"shipping-taxable","14":"product-type-simple"},"yoast_head":"<!-- This site is optimized with the Yoast SEO plugin v23.7 - https:\/\/yoast.com\/wordpress\/plugins\/seo\/ -->\n<title>Rundergehakt met vet - Slagerij Hamza<\/title>\n<meta name=\"robots\" content=\"index, follow, max-snippet:-1, max-image-preview:large, max-video-preview:-1\" \/>\n<link rel=\"canonical\" href=\"https:\/\/slagerijhamza.be\/tr\/urun\/rundergehakt-met-vet\/\" \/>\n<meta property=\"og:locale\" content=\"tr_TR\" \/>\n<meta property=\"og:type\" content=\"article\" \/>\n<meta property=\"og:title\" content=\"Rundergehakt met vet - Slagerij Hamza\" \/>\n<meta property=\"og:description\" content=\"Ons rundergehakt met vet is vol van smaak en heeft een heerlijke sappige textuur, dankzij het zorgvuldig geselecteerde vlees en het natuurlijke vetgehalte. Dit gehakt is ideaal voor het maken van gehaktballen, burgers of als basis voor een rijke stoofpot. Het vet in het gehakt zorgt ervoor dat het vlees niet uitdroogt tijdens het koken en geeft een rijke smaak die perfect past bij stevige, hartige gerechten.\" \/>\n<meta property=\"og:url\" content=\"https:\/\/slagerijhamza.be\/tr\/urun\/rundergehakt-met-vet\/\" \/>\n<meta property=\"og:site_name\" content=\"Slagerij Hamza\" \/>\n<meta property=\"article:publisher\" content=\"https:\/\/www.facebook.com\/profile.php?id=61566484065698\" \/>\n<meta property=\"article:modified_time\" content=\"2024-09-25T12:57:37+00:00\" \/>\n<meta property=\"og:image\" content=\"https:\/\/slagerijhamza.be\/wp-content\/uploads\/2024\/09\/rundsgehakt-met-vet.webp\" \/>\n\t<meta property=\"og:image:width\" content=\"1000\" \/>\n\t<meta property=\"og:image:height\" content=\"1000\" \/>\n\t<meta property=\"og:image:type\" content=\"image\/webp\" \/>\n<meta name=\"twitter:card\" content=\"summary_large_image\" \/>\n<script type=\"application\/ld+json\" class=\"yoast-schema-graph\">{\"@context\":\"https:\/\/schema.org\",\"@graph\":[{\"@type\":\"WebPage\",\"@id\":\"https:\/\/slagerijhamza.be\/product\/rundergehakt-met-vet\/\",\"url\":\"https:\/\/slagerijhamza.be\/product\/rundergehakt-met-vet\/\",\"name\":\"Rundergehakt met vet - Slagerij Hamza\",\"isPartOf\":{\"@id\":\"https:\/\/slagerijhamza.be\/#website\"},\"primaryImageOfPage\":{\"@id\":\"https:\/\/slagerijhamza.be\/product\/rundergehakt-met-vet\/#primaryimage\"},\"image\":{\"@id\":\"https:\/\/slagerijhamza.be\/product\/rundergehakt-met-vet\/#primaryimage\"},\"thumbnailUrl\":\"https:\/\/slagerijhamza.be\/wp-content\/uploads\/2024\/09\/rundsgehakt-met-vet.webp\",\"datePublished\":\"2024-09-17T15:46:35+00:00\",\"dateModified\":\"2024-09-25T12:57:37+00:00\",\"breadcrumb\":{\"@id\":\"https:\/\/slagerijhamza.be\/product\/rundergehakt-met-vet\/#breadcrumb\"},\"inLanguage\":\"tr\",\"potentialAction\":[{\"@type\":\"ReadAction\",\"target\":[\"https:\/\/slagerijhamza.be\/product\/rundergehakt-met-vet\/\"]}]},{\"@type\":\"ImageObject\",\"inLanguage\":\"tr\",\"@id\":\"https:\/\/slagerijhamza.be\/product\/rundergehakt-met-vet\/#primaryimage\",\"url\":\"https:\/\/slagerijhamza.be\/wp-content\/uploads\/2024\/09\/rundsgehakt-met-vet.webp\",\"contentUrl\":\"https:\/\/slagerijhamza.be\/wp-content\/uploads\/2024\/09\/rundsgehakt-met-vet.webp\",\"width\":1000,\"height\":1000},{\"@type\":\"BreadcrumbList\",\"@id\":\"https:\/\/slagerijhamza.be\/product\/rundergehakt-met-vet\/#breadcrumb\",\"itemListElement\":[{\"@type\":\"ListItem\",\"position\":1,\"name\":\"Home\",\"item\":\"https:\/\/slagerijhamza.be\/\"},{\"@type\":\"ListItem\",\"position\":2,\"name\":\"Aanbod\",\"item\":\"https:\/\/slagerijhamza.be\/aanbod\/\"},{\"@type\":\"ListItem\",\"position\":3,\"name\":\"Rundergehakt met vet\"}]},{\"@type\":\"WebSite\",\"@id\":\"https:\/\/slagerijhamza.be\/#website\",\"url\":\"https:\/\/slagerijhamza.be\/\",\"name\":\"Slagerij Hamza\",\"description\":\"Halal vlees\",\"publisher\":{\"@id\":\"https:\/\/slagerijhamza.be\/#organization\"},\"potentialAction\":[{\"@type\":\"SearchAction\",\"target\":{\"@type\":\"EntryPoint\",\"urlTemplate\":\"https:\/\/slagerijhamza.be\/?s={search_term_string}\"},\"query-input\":{\"@type\":\"PropertyValueSpecification\",\"valueRequired\":true,\"valueName\":\"search_term_string\"}}],\"inLanguage\":\"tr\"},{\"@type\":\"Organization\",\"@id\":\"https:\/\/slagerijhamza.be\/#organization\",\"name\":\"Slagerij Hamza\",\"url\":\"https:\/\/slagerijhamza.be\/\",\"logo\":{\"@type\":\"ImageObject\",\"inLanguage\":\"tr\",\"@id\":\"https:\/\/slagerijhamza.be\/#\/schema\/logo\/image\/\",\"url\":\"https:\/\/slagerijhamza.be\/wp-content\/uploads\/2024\/09\/cropped-Ontwerp-zonder-titel-2024-09-18T143535.224-e1726663018490-1.png\",\"contentUrl\":\"https:\/\/slagerijhamza.be\/wp-content\/uploads\/2024\/09\/cropped-Ontwerp-zonder-titel-2024-09-18T143535.224-e1726663018490-1.png\",\"width\":525,\"height\":400,\"caption\":\"Slagerij Hamza\"},\"image\":{\"@id\":\"https:\/\/slagerijhamza.be\/#\/schema\/logo\/image\/\"},\"sameAs\":[\"https:\/\/www.facebook.com\/profile.php?id=61566484065698\",\"https:\/\/www.instagram.com\/slagerijhamza\"]}]}<\/script>\n<!-- \/ Yoast SEO plugin. -->","yoast_head_json":{"title":"Rundergehakt met vet - Slagerij Hamza","robots":{"index":"index","follow":"follow","max-snippet":"max-snippet:-1","max-image-preview":"max-image-preview:large","max-video-preview":"max-video-preview:-1"},"canonical":"https:\/\/slagerijhamza.be\/tr\/urun\/rundergehakt-met-vet\/","og_locale":"tr_TR","og_type":"article","og_title":"Rundergehakt met vet - Slagerij Hamza","og_description":"Ons rundergehakt met vet is vol van smaak en heeft een heerlijke sappige textuur, dankzij het zorgvuldig geselecteerde vlees en het natuurlijke vetgehalte. Dit gehakt is ideaal voor het maken van gehaktballen, burgers of als basis voor een rijke stoofpot. Het vet in het gehakt zorgt ervoor dat het vlees niet uitdroogt tijdens het koken en geeft een rijke smaak die perfect past bij stevige, hartige gerechten.","og_url":"https:\/\/slagerijhamza.be\/tr\/urun\/rundergehakt-met-vet\/","og_site_name":"Slagerij Hamza","article_publisher":"https:\/\/www.facebook.com\/profile.php?id=61566484065698","article_modified_time":"2024-09-25T12:57:37+00:00","og_image":[{"width":1000,"height":1000,"url":"https:\/\/slagerijhamza.be\/wp-content\/uploads\/2024\/09\/rundsgehakt-met-vet.webp","type":"image\/webp"}],"twitter_card":"summary_large_image","schema":{"@context":"https:\/\/schema.org","@graph":[{"@type":"WebPage","@id":"https:\/\/slagerijhamza.be\/product\/rundergehakt-met-vet\/","url":"https:\/\/slagerijhamza.be\/product\/rundergehakt-met-vet\/","name":"Rundergehakt met vet - Slagerij Hamza","isPartOf":{"@id":"https:\/\/slagerijhamza.be\/#website"},"primaryImageOfPage":{"@id":"https:\/\/slagerijhamza.be\/product\/rundergehakt-met-vet\/#primaryimage"},"image":{"@id":"https:\/\/slagerijhamza.be\/product\/rundergehakt-met-vet\/#primaryimage"},"thumbnailUrl":"https:\/\/slagerijhamza.be\/wp-content\/uploads\/2024\/09\/rundsgehakt-met-vet.webp","datePublished":"2024-09-17T15:46:35+00:00","dateModified":"2024-09-25T12:57:37+00:00","breadcrumb":{"@id":"https:\/\/slagerijhamza.be\/product\/rundergehakt-met-vet\/#breadcrumb"},"inLanguage":"tr","potentialAction":[{"@type":"ReadAction","target":["https:\/\/slagerijhamza.be\/product\/rundergehakt-met-vet\/"]}]},{"@type":"ImageObject","inLanguage":"tr","@id":"https:\/\/slagerijhamza.be\/product\/rundergehakt-met-vet\/#primaryimage","url":"https:\/\/slagerijhamza.be\/wp-content\/uploads\/2024\/09\/rundsgehakt-met-vet.webp","contentUrl":"https:\/\/slagerijhamza.be\/wp-content\/uploads\/2024\/09\/rundsgehakt-met-vet.webp","width":1000,"height":1000},{"@type":"BreadcrumbList","@id":"https:\/\/slagerijhamza.be\/product\/rundergehakt-met-vet\/#breadcrumb","itemListElement":[{"@type":"ListItem","position":1,"name":"Home","item":"https:\/\/slagerijhamza.be\/"},{"@type":"ListItem","position":2,"name":"Aanbod","item":"https:\/\/slagerijhamza.be\/aanbod\/"},{"@type":"ListItem","position":3,"name":"Rundergehakt met vet"}]},{"@type":"WebSite","@id":"https:\/\/slagerijhamza.be\/#website","url":"https:\/\/slagerijhamza.be\/","name":"Kasap Hamza'n\u0131n d\u00fckkan\u0131na","description":"Helal kesim","publisher":{"@id":"https:\/\/slagerijhamza.be\/#organization"},"potentialAction":[{"@type":"SearchAction","target":{"@type":"EntryPoint","urlTemplate":"https:\/\/slagerijhamza.be\/?s={search_term_string}"},"query-input":{"@type":"PropertyValueSpecification","valueRequired":true,"valueName":"search_term_string"}}],"inLanguage":"tr"},{"@type":"Organization","@id":"https:\/\/slagerijhamza.be\/#organization","name":"Kasap Hamza'n\u0131n d\u00fckkan\u0131na","url":"https:\/\/slagerijhamza.be\/","logo":{"@type":"ImageObject","inLanguage":"tr","@id":"https:\/\/slagerijhamza.be\/#\/schema\/logo\/image\/","url":"https:\/\/slagerijhamza.be\/wp-content\/uploads\/2024\/09\/cropped-Ontwerp-zonder-titel-2024-09-18T143535.224-e1726663018490-1.png","contentUrl":"https:\/\/slagerijhamza.be\/wp-content\/uploads\/2024\/09\/cropped-Ontwerp-zonder-titel-2024-09-18T143535.224-e1726663018490-1.png","width":525,"height":400,"caption":"Slagerij Hamza"},"image":{"@id":"https:\/\/slagerijhamza.be\/#\/schema\/logo\/image\/"},"sameAs":["https:\/\/www.facebook.com\/profile.php?id=61566484065698","https:\/\/www.instagram.com\/slagerijhamza"]}]}},"_links":{"self":[{"href":"https:\/\/slagerijhamza.be\/tr\/wp-json\/wp\/v2\/product\/1990","targetHints":{"allow":["GET"]}}],"collection":[{"href":"https:\/\/slagerijhamza.be\/tr\/wp-json\/wp\/v2\/product"}],"about":[{"href":"https:\/\/slagerijhamza.be\/tr\/wp-json\/wp\/v2\/types\/product"}],"wp:featuredmedia":[{"embeddable":true,"href":"https:\/\/slagerijhamza.be\/tr\/wp-json\/wp\/v2\/media\/2249"}],"wp:attachment":[{"href":"https:\/\/slagerijhamza.be\/tr\/wp-json\/wp\/v2\/media?parent=1990"}],"wp:term":[{"taxonomy":"product_brand","embeddable":true,"href":"https:\/\/slagerijhamza.be\/tr\/wp-json\/wp\/v2\/product_brand?post=1990"},{"taxonomy":"product_cat","embeddable":true,"href":"https:\/\/slagerijhamza.be\/tr\/wp-json\/wp\/v2\/product_cat?post=1990"},{"taxonomy":"product_tag","embeddable":true,"href":"https:\/\/slagerijhamza.be\/tr\/wp-json\/wp\/v2\/product_tag?post=1990"}],"curies":[{"name":"wp","href":"https:\/\/api.w.org\/{rel}","templated":true}]}}