{"id":1989,"date":"2024-09-17T15:46:33","date_gmt":"2024-09-17T15:46:33","guid":{"rendered":"https:\/\/slagerijhamza.be\/?post_type=product&#038;p=1989"},"modified":"2024-10-03T06:23:56","modified_gmt":"2024-10-03T06:23:56","slug":"kalfs-filetpure-gemarineerd","status":"publish","type":"product","link":"https:\/\/slagerijhamza.be\/tr\/urun\/kalfs-filetpure-gemarineerd\/","title":{"rendered":"Soslu Dana Bonfile"},"content":{"rendered":"","protected":false},"excerpt":{"rendered":"<p>\u00d6zel g\u00fcnlerin vazge\u00e7ilmezi olan soslu dana bonfile, en se\u00e7kin etlerden \u00f6zenle haz\u0131rlanm\u0131\u015f tek bir par\u00e7a sunuyor. Yumu\u015fak dokusu ve zengin aromas\u0131 ile damaklarda unutulmaz bir tat b\u0131rakan bu bonfile, \u00f6zel sosumuzla bulu\u015farak lezzetini katl\u0131yor. Taze baharatlar ve do\u011fal malzemelerle zenginle\u015ftirilmi\u015f sos, bonfilenin t\u00fcm \u00f6zelliklerini \u00f6n plana \u00e7\u0131kararak, etin kendine has tad\u0131n\u0131 m\u00fckemmel bir \u015fekilde tamamlar. \u0130ster f\u0131r\u0131nlanm\u0131\u015f ister \u0131zgara olarak tercih edin, her lokma sizi daha da b\u00fcy\u00fcleyecek. Sadece kendinize de\u011fil, sevdiklerinize de bu lezzetli deneyimi sunmak i\u00e7in m\u00fckemmel bir se\u00e7im. Soslu dana bonfile ile sofralar\u0131n\u0131z\u0131 \u015f\u0131kl\u0131k ve tat ile donat\u0131n!<\/p>","protected":false},"featured_media":0,"template":"","meta":{"site-sidebar-layout":"default","site-content-layout":"","ast-site-content-layout":"","site-content-style":"default","site-sidebar-style":"default","ast-global-header-display":"","ast-banner-title-visibility":"","ast-main-header-display":"","ast-hfb-above-header-display":"","ast-hfb-below-header-display":"","ast-hfb-mobile-header-display":"","site-post-title":"","ast-breadcrumbs-content":"","ast-featured-img":"","footer-sml-layout":"","theme-transparent-header-meta":"","adv-header-id-meta":"","stick-header-meta":"","header-above-stick-meta":"","header-main-stick-meta":"","header-below-stick-meta":"","astra-migrate-meta-layouts":"default","ast-page-background-enabled":"default","ast-page-background-meta":{"desktop":{"background-color":"","background-image":"","background-repeat":"repeat","background-position":"center center","background-size":"auto","background-attachment":"scroll","background-type":"","background-media":"","overlay-type":"","overlay-color":"","overlay-opacity":"","overlay-gradient":""},"tablet":{"background-color":"","background-image":"","background-repeat":"repeat","background-position":"center center","background-size":"auto","background-attachment":"scroll","background-type":"","background-media":"","overlay-type":"","overlay-color":"","overlay-opacity":"","overlay-gradient":""},"mobile":{"background-color":"","background-image":"","background-repeat":"repeat","background-position":"center center","background-size":"auto","background-attachment":"scroll","background-type":"","background-media":"","overlay-type":"","overlay-color":"","overlay-opacity":"","overlay-gradient":""}},"ast-content-background-meta":{"desktop":{"background-color":"var(--ast-global-color-5)","background-image":"","background-repeat":"repeat","background-position":"center center","background-size":"auto","background-attachment":"scroll","background-type":"","background-media":"","overlay-type":"","overlay-color":"","overlay-opacity":"","overlay-gradient":""},"tablet":{"background-color":"var(--ast-global-color-5)","background-image":"","background-repeat":"repeat","background-position":"center center","background-size":"auto","background-attachment":"scroll","background-type":"","background-media":"","overlay-type":"","overlay-color":"","overlay-opacity":"","overlay-gradient":""},"mobile":{"background-color":"var(--ast-global-color-5)","background-image":"","background-repeat":"repeat","background-position":"center center","background-size":"auto","background-attachment":"scroll","background-type":"","background-media":"","overlay-type":"","overlay-color":"","overlay-opacity":"","overlay-gradient":""}}},"product_brand":[],"product_cat":[32],"product_tag":[],"class_list":{"0":"post-1989","1":"product","2":"type-product","3":"status-publish","5":"product_cat-rundvlees","6":"desktop-align-left","7":"tablet-align-left","8":"mobile-align-left","10":"first","11":"instock","12":"shipping-taxable","13":"product-type-simple"},"yoast_head":"<!-- This site is optimized with the Yoast SEO plugin v23.7 - https:\/\/yoast.com\/wordpress\/plugins\/seo\/ -->\n<title>Kalfs filetpure gemarineerd - Slagerij Hamza<\/title>\n<meta name=\"robots\" content=\"index, follow, max-snippet:-1, max-image-preview:large, max-video-preview:-1\" \/>\n<link rel=\"canonical\" href=\"https:\/\/slagerijhamza.be\/tr\/urun\/kalfs-filetpure-gemarineerd\/\" \/>\n<meta property=\"og:locale\" content=\"tr_TR\" \/>\n<meta property=\"og:type\" content=\"article\" \/>\n<meta property=\"og:title\" content=\"Kalfs filetpure gemarineerd - Slagerij Hamza\" \/>\n<meta property=\"og:description\" content=\"De kalfs filetpure gemarineerd is een luxe stuk vlees dat op smaak is gebracht met een zorgvuldig samengestelde marinade. Deze marinade, met een blend van kruiden en specerijen, dringt diep door in het malse vlees, waardoor elke hap barst van de smaak. De kalfs filetpure blijft sappig en zacht tijdens het bakken of grillen, en de marinade voegt een extra laag van aroma\u2019s toe. Dit stukje vlees is perfect voor een feestelijke maaltijd, waarbij het geserveerd kan worden met gegrilde groenten, aardappelen of een lichte saus. Een culinaire traktatie voor elke vleesliefhebber.\" \/>\n<meta property=\"og:url\" content=\"https:\/\/slagerijhamza.be\/tr\/urun\/kalfs-filetpure-gemarineerd\/\" \/>\n<meta property=\"og:site_name\" content=\"Slagerij Hamza\" \/>\n<meta property=\"article:publisher\" content=\"https:\/\/www.facebook.com\/profile.php?id=61566484065698\" \/>\n<meta property=\"article:modified_time\" content=\"2024-10-03T06:23:56+00:00\" \/>\n<meta name=\"twitter:card\" content=\"summary_large_image\" \/>\n<script type=\"application\/ld+json\" class=\"yoast-schema-graph\">{\"@context\":\"https:\/\/schema.org\",\"@graph\":[{\"@type\":\"WebPage\",\"@id\":\"https:\/\/slagerijhamza.be\/product\/kalfs-filetpure-gemarineerd\/\",\"url\":\"https:\/\/slagerijhamza.be\/product\/kalfs-filetpure-gemarineerd\/\",\"name\":\"Kalfs filetpure gemarineerd - Slagerij Hamza\",\"isPartOf\":{\"@id\":\"https:\/\/slagerijhamza.be\/#website\"},\"datePublished\":\"2024-09-17T15:46:33+00:00\",\"dateModified\":\"2024-10-03T06:23:56+00:00\",\"breadcrumb\":{\"@id\":\"https:\/\/slagerijhamza.be\/product\/kalfs-filetpure-gemarineerd\/#breadcrumb\"},\"inLanguage\":\"tr\",\"potentialAction\":[{\"@type\":\"ReadAction\",\"target\":[\"https:\/\/slagerijhamza.be\/product\/kalfs-filetpure-gemarineerd\/\"]}]},{\"@type\":\"BreadcrumbList\",\"@id\":\"https:\/\/slagerijhamza.be\/product\/kalfs-filetpure-gemarineerd\/#breadcrumb\",\"itemListElement\":[{\"@type\":\"ListItem\",\"position\":1,\"name\":\"Home\",\"item\":\"https:\/\/slagerijhamza.be\/\"},{\"@type\":\"ListItem\",\"position\":2,\"name\":\"Aanbod\",\"item\":\"https:\/\/slagerijhamza.be\/aanbod\/\"},{\"@type\":\"ListItem\",\"position\":3,\"name\":\"Kalfs filetpure gemarineerd\"}]},{\"@type\":\"WebSite\",\"@id\":\"https:\/\/slagerijhamza.be\/#website\",\"url\":\"https:\/\/slagerijhamza.be\/\",\"name\":\"Slagerij Hamza\",\"description\":\"Halal vlees\",\"publisher\":{\"@id\":\"https:\/\/slagerijhamza.be\/#organization\"},\"potentialAction\":[{\"@type\":\"SearchAction\",\"target\":{\"@type\":\"EntryPoint\",\"urlTemplate\":\"https:\/\/slagerijhamza.be\/?s={search_term_string}\"},\"query-input\":{\"@type\":\"PropertyValueSpecification\",\"valueRequired\":true,\"valueName\":\"search_term_string\"}}],\"inLanguage\":\"tr\"},{\"@type\":\"Organization\",\"@id\":\"https:\/\/slagerijhamza.be\/#organization\",\"name\":\"Slagerij Hamza\",\"url\":\"https:\/\/slagerijhamza.be\/\",\"logo\":{\"@type\":\"ImageObject\",\"inLanguage\":\"tr\",\"@id\":\"https:\/\/slagerijhamza.be\/#\/schema\/logo\/image\/\",\"url\":\"https:\/\/slagerijhamza.be\/wp-content\/uploads\/2024\/09\/cropped-Ontwerp-zonder-titel-2024-09-18T143535.224-e1726663018490-1.png\",\"contentUrl\":\"https:\/\/slagerijhamza.be\/wp-content\/uploads\/2024\/09\/cropped-Ontwerp-zonder-titel-2024-09-18T143535.224-e1726663018490-1.png\",\"width\":525,\"height\":400,\"caption\":\"Slagerij Hamza\"},\"image\":{\"@id\":\"https:\/\/slagerijhamza.be\/#\/schema\/logo\/image\/\"},\"sameAs\":[\"https:\/\/www.facebook.com\/profile.php?id=61566484065698\",\"https:\/\/www.instagram.com\/slagerijhamza\"]}]}<\/script>\n<!-- \/ Yoast SEO plugin. -->","yoast_head_json":{"title":"Kalfs filetpure gemarineerd - Slagerij Hamza","robots":{"index":"index","follow":"follow","max-snippet":"max-snippet:-1","max-image-preview":"max-image-preview:large","max-video-preview":"max-video-preview:-1"},"canonical":"https:\/\/slagerijhamza.be\/tr\/urun\/kalfs-filetpure-gemarineerd\/","og_locale":"tr_TR","og_type":"article","og_title":"Kalfs filetpure gemarineerd - Slagerij Hamza","og_description":"De kalfs filetpure gemarineerd is een luxe stuk vlees dat op smaak is gebracht met een zorgvuldig samengestelde marinade. Deze marinade, met een blend van kruiden en specerijen, dringt diep door in het malse vlees, waardoor elke hap barst van de smaak. De kalfs filetpure blijft sappig en zacht tijdens het bakken of grillen, en de marinade voegt een extra laag van aroma\u2019s toe. Dit stukje vlees is perfect voor een feestelijke maaltijd, waarbij het geserveerd kan worden met gegrilde groenten, aardappelen of een lichte saus. Een culinaire traktatie voor elke vleesliefhebber.","og_url":"https:\/\/slagerijhamza.be\/tr\/urun\/kalfs-filetpure-gemarineerd\/","og_site_name":"Slagerij Hamza","article_publisher":"https:\/\/www.facebook.com\/profile.php?id=61566484065698","article_modified_time":"2024-10-03T06:23:56+00:00","twitter_card":"summary_large_image","schema":{"@context":"https:\/\/schema.org","@graph":[{"@type":"WebPage","@id":"https:\/\/slagerijhamza.be\/product\/kalfs-filetpure-gemarineerd\/","url":"https:\/\/slagerijhamza.be\/product\/kalfs-filetpure-gemarineerd\/","name":"Kalfs filetpure gemarineerd - Slagerij Hamza","isPartOf":{"@id":"https:\/\/slagerijhamza.be\/#website"},"datePublished":"2024-09-17T15:46:33+00:00","dateModified":"2024-10-03T06:23:56+00:00","breadcrumb":{"@id":"https:\/\/slagerijhamza.be\/product\/kalfs-filetpure-gemarineerd\/#breadcrumb"},"inLanguage":"tr","potentialAction":[{"@type":"ReadAction","target":["https:\/\/slagerijhamza.be\/product\/kalfs-filetpure-gemarineerd\/"]}]},{"@type":"BreadcrumbList","@id":"https:\/\/slagerijhamza.be\/product\/kalfs-filetpure-gemarineerd\/#breadcrumb","itemListElement":[{"@type":"ListItem","position":1,"name":"Home","item":"https:\/\/slagerijhamza.be\/"},{"@type":"ListItem","position":2,"name":"Aanbod","item":"https:\/\/slagerijhamza.be\/aanbod\/"},{"@type":"ListItem","position":3,"name":"Kalfs filetpure gemarineerd"}]},{"@type":"WebSite","@id":"https:\/\/slagerijhamza.be\/#website","url":"https:\/\/slagerijhamza.be\/","name":"Kasap Hamza'n\u0131n d\u00fckkan\u0131na","description":"Helal kesim","publisher":{"@id":"https:\/\/slagerijhamza.be\/#organization"},"potentialAction":[{"@type":"SearchAction","target":{"@type":"EntryPoint","urlTemplate":"https:\/\/slagerijhamza.be\/?s={search_term_string}"},"query-input":{"@type":"PropertyValueSpecification","valueRequired":true,"valueName":"search_term_string"}}],"inLanguage":"tr"},{"@type":"Organization","@id":"https:\/\/slagerijhamza.be\/#organization","name":"Kasap Hamza'n\u0131n d\u00fckkan\u0131na","url":"https:\/\/slagerijhamza.be\/","logo":{"@type":"ImageObject","inLanguage":"tr","@id":"https:\/\/slagerijhamza.be\/#\/schema\/logo\/image\/","url":"https:\/\/slagerijhamza.be\/wp-content\/uploads\/2024\/09\/cropped-Ontwerp-zonder-titel-2024-09-18T143535.224-e1726663018490-1.png","contentUrl":"https:\/\/slagerijhamza.be\/wp-content\/uploads\/2024\/09\/cropped-Ontwerp-zonder-titel-2024-09-18T143535.224-e1726663018490-1.png","width":525,"height":400,"caption":"Slagerij Hamza"},"image":{"@id":"https:\/\/slagerijhamza.be\/#\/schema\/logo\/image\/"},"sameAs":["https:\/\/www.facebook.com\/profile.php?id=61566484065698","https:\/\/www.instagram.com\/slagerijhamza"]}]}},"_links":{"self":[{"href":"https:\/\/slagerijhamza.be\/tr\/wp-json\/wp\/v2\/product\/1989","targetHints":{"allow":["GET"]}}],"collection":[{"href":"https:\/\/slagerijhamza.be\/tr\/wp-json\/wp\/v2\/product"}],"about":[{"href":"https:\/\/slagerijhamza.be\/tr\/wp-json\/wp\/v2\/types\/product"}],"wp:attachment":[{"href":"https:\/\/slagerijhamza.be\/tr\/wp-json\/wp\/v2\/media?parent=1989"}],"wp:term":[{"taxonomy":"product_brand","embeddable":true,"href":"https:\/\/slagerijhamza.be\/tr\/wp-json\/wp\/v2\/product_brand?post=1989"},{"taxonomy":"product_cat","embeddable":true,"href":"https:\/\/slagerijhamza.be\/tr\/wp-json\/wp\/v2\/product_cat?post=1989"},{"taxonomy":"product_tag","embeddable":true,"href":"https:\/\/slagerijhamza.be\/tr\/wp-json\/wp\/v2\/product_tag?post=1989"}],"curies":[{"name":"wp","href":"https:\/\/api.w.org\/{rel}","templated":true}]}}