{"id":1083,"date":"2024-09-16T14:40:19","date_gmt":"2024-09-16T14:40:19","guid":{"rendered":"https:\/\/slagerijhamza.be\/about-us\/"},"modified":"2024-10-22T18:49:06","modified_gmt":"2024-10-22T18:49:06","slug":"over","status":"publish","type":"page","link":"https:\/\/slagerijhamza.be\/tr\/over\/","title":{"rendered":"Hakk\u0131m\u0131zda"},"content":{"rendered":"<div data-elementor-type=\"wp-post\" data-elementor-id=\"1083\" class=\"elementor elementor-1083\">\n\t\t\t\t<div class=\"elementor-element elementor-element-382155f e-flex e-con-boxed e-con e-parent\" data-id=\"382155f\" data-element_type=\"container\" data-e-type=\"container\" data-settings=\"{&quot;background_background&quot;:&quot;classic&quot;}\">\n\t\t\t\t\t<div class=\"e-con-inner\">\n\t\t<div class=\"elementor-element elementor-element-0d2fdfe e-con-full e-flex e-con e-child\" data-id=\"0d2fdfe\" data-element_type=\"container\" data-e-type=\"container\">\n\t\t\t\t<div class=\"elementor-element elementor-element-b1c7270 elementor-widget elementor-widget-heading\" data-id=\"b1c7270\" data-element_type=\"widget\" data-e-type=\"widget\" data-widget_type=\"heading.default\">\n\t\t\t\t<div class=\"elementor-widget-container\">\n\t\t\t\t\t<h1 class=\"elementor-heading-title elementor-size-default\">Hakk\u0131m\u0131zda<\/h1>\t\t\t\t<\/div>\n\t\t\t\t<\/div>\n\t\t\t\t<\/div>\n\t\t\t\t\t<\/div>\n\t\t\t\t<\/div>\n\t\t<div class=\"elementor-element elementor-element-240c3d6 e-flex e-con-boxed e-con e-parent\" data-id=\"240c3d6\" data-element_type=\"container\" data-e-type=\"container\">\n\t\t\t\t\t<div class=\"e-con-inner\">\n\t\t<div class=\"elementor-element elementor-element-861d6c4 e-con-full e-flex e-con e-child\" data-id=\"861d6c4\" data-element_type=\"container\" data-e-type=\"container\">\n\t\t\t\t<div class=\"elementor-element elementor-element-af8ca01 elementor-widget elementor-widget-heading\" data-id=\"af8ca01\" data-element_type=\"widget\" data-e-type=\"widget\" data-widget_type=\"heading.default\">\n\t\t\t\t<div class=\"elementor-widget-container\">\n\t\t\t\t\t<h3 class=\"elementor-heading-title elementor-size-default\">\u00c7ok \u00e7e\u015fitli i\u015flenmi\u015f etler<\/h3>\t\t\t\t<\/div>\n\t\t\t\t<\/div>\n\t\t\t\t<\/div>\n\t\t<div class=\"elementor-element elementor-element-0420ce5 e-con-full e-flex e-con e-child\" data-id=\"0420ce5\" data-element_type=\"container\" data-e-type=\"container\">\n\t\t\t\t<div class=\"elementor-element elementor-element-134fb17 elementor-widget elementor-widget-text-editor\" data-id=\"134fb17\" data-element_type=\"widget\" data-e-type=\"widget\" data-widget_type=\"text-editor.default\">\n\t\t\t\t<div class=\"elementor-widget-container\">\n\t\t\t\t\t\t\t\t\t<p>Ho\u015f geldiniz <strong>Kasap Hamza'n\u0131n d\u00fckkan\u0131na<\/strong>kalite ve zanaat\u0131n bir araya geldi\u011fi yer. Et tutkusu ve m\u00fc\u015fterilerimize en iyi \u00fcr\u00fcnleri sunma taahh\u00fcd\u00fc olan bir aile i\u015fletmesiyiz. \u0130ster geleneksel et kesimleri, ister \u00f6zenle se\u00e7ilmi\u015f spesiyaliteler veya otantik et yemekleri ar\u0131yor olun, do\u011fru yere geldiniz.<\/p><p>\u00a0<\/p>\t\t\t\t\t\t\t\t<\/div>\n\t\t\t\t<\/div>\n\t\t\t\t<div class=\"elementor-element elementor-element-75a538c elementor-widget elementor-widget-button\" data-id=\"75a538c\" data-element_type=\"widget\" data-e-type=\"widget\" data-widget_type=\"button.default\">\n\t\t\t\t<div class=\"elementor-widget-container\">\n\t\t\t\t\t\t\t\t\t<div class=\"elementor-button-wrapper\">\n\t\t\t\t\t<a class=\"elementor-button elementor-button-link elementor-size-md\" href=\"https:\/\/slagerijhamza.be\/tr\/over\/#meer\">\n\t\t\t\t\t\t<span class=\"elementor-button-content-wrapper\">\n\t\t\t\t\t\t\t\t\t<span class=\"elementor-button-text\">Devam\u0131n\u0131 oku<\/span>\n\t\t\t\t\t<\/span>\n\t\t\t\t\t<\/a>\n\t\t\t\t<\/div>\n\t\t\t\t\t\t\t\t<\/div>\n\t\t\t\t<\/div>\n\t\t\t\t<\/div>\n\t\t\t\t\t<\/div>\n\t\t\t\t<\/div>\n\t\t<div class=\"elementor-element elementor-element-c7bafd9 e-flex e-con-boxed e-con e-parent\" data-id=\"c7bafd9\" data-element_type=\"container\" data-e-type=\"container\" id=\"meer\" data-settings=\"{&quot;background_background&quot;:&quot;classic&quot;}\">\n\t\t\t\t\t<div class=\"e-con-inner\">\n\t\t<div class=\"elementor-element elementor-element-dd6a178 e-con-full e-flex e-con e-child\" data-id=\"dd6a178\" data-element_type=\"container\" data-e-type=\"container\">\n\t\t\t\t<div class=\"elementor-element elementor-element-cb9a59a elementor-widget elementor-widget-heading\" data-id=\"cb9a59a\" data-element_type=\"widget\" data-e-type=\"widget\" data-widget_type=\"heading.default\">\n\t\t\t\t<div class=\"elementor-widget-container\">\n\t\t\t\t\t<h2 class=\"elementor-heading-title elementor-size-default\">Ana \u00f6ncelik olarak tazelik ve kalite<\/h2>\t\t\t\t<\/div>\n\t\t\t\t<\/div>\n\t\t\t\t<div class=\"elementor-element elementor-element-2c013c7 elementor-widget elementor-widget-text-editor\" data-id=\"2c013c7\" data-element_type=\"widget\" data-e-type=\"widget\" data-widget_type=\"text-editor.default\">\n\t\t\t\t<div class=\"elementor-widget-container\">\n\t\t\t\t\t\t\t\t\t<p>Kasap Hamza'da tazeli\u011fin ve kayna\u011f\u0131n \u00f6nemine inan\u0131yoruz. T\u00fcm \u00fcr\u00fcnlerimiz her g\u00fcn taze olarak, azami \u00f6zen ve detaylara dikkat edilerek haz\u0131rlanmaktad\u0131r. Bizden sat\u0131n ald\u0131\u011f\u0131n\u0131z etin yaln\u0131zca en y\u00fcksek kalitede olmas\u0131n\u0131 de\u011fil, ayn\u0131 zamanda s\u00fcrd\u00fcr\u00fclebilir ve sorumlu bir \u015fekilde \u00fcretilmesini sa\u011flamak i\u00e7in g\u00fcvenilir tedarik\u00e7ilerle \u00e7al\u0131\u015f\u0131yoruz.<\/p>\t\t\t\t\t\t\t\t<\/div>\n\t\t\t\t<\/div>\n\t\t\t\t<div class=\"elementor-element elementor-element-ec73f21 elementor-widget elementor-widget-image\" data-id=\"ec73f21\" data-element_type=\"widget\" data-e-type=\"widget\" data-widget_type=\"image.default\">\n\t\t\t\t<div class=\"elementor-widget-container\">\n\t\t\t\t\t\t\t\t\t\t\t\t\t\t\t<img fetchpriority=\"high\" decoding=\"async\" width=\"2560\" height=\"1440\" src=\"https:\/\/slagerijhamza.be\/wp-content\/uploads\/2024\/09\/29-Kuzu-Kaburga-scaled-1.jpg\" class=\"attachment-full size-full wp-image-1914\" alt=\"\" srcset=\"https:\/\/slagerijhamza.be\/wp-content\/uploads\/2024\/09\/29-Kuzu-Kaburga-scaled-1.jpg 2560w, https:\/\/slagerijhamza.be\/wp-content\/uploads\/2024\/09\/29-Kuzu-Kaburga-scaled-1-300x169.jpg 300w, https:\/\/slagerijhamza.be\/wp-content\/uploads\/2024\/09\/29-Kuzu-Kaburga-scaled-1-1024x576.jpg 1024w, https:\/\/slagerijhamza.be\/wp-content\/uploads\/2024\/09\/29-Kuzu-Kaburga-scaled-1-768x432.jpg 768w, https:\/\/slagerijhamza.be\/wp-content\/uploads\/2024\/09\/29-Kuzu-Kaburga-scaled-1-1536x864.jpg 1536w, https:\/\/slagerijhamza.be\/wp-content\/uploads\/2024\/09\/29-Kuzu-Kaburga-scaled-1-2048x1152.jpg 2048w, https:\/\/slagerijhamza.be\/wp-content\/uploads\/2024\/09\/29-Kuzu-Kaburga-scaled-1-600x338.jpg 600w\" sizes=\"(max-width: 2560px) 100vw, 2560px\" \/>\t\t\t\t\t\t\t\t\t\t\t\t\t\t\t<\/div>\n\t\t\t\t<\/div>\n\t\t\t\t<div class=\"elementor-element elementor-element-5406152 elementor-widget elementor-widget-text-editor\" data-id=\"5406152\" data-element_type=\"widget\" data-e-type=\"widget\" data-widget_type=\"text-editor.default\">\n\t\t\t\t<div class=\"elementor-widget-container\">\n\t\t\t\t\t\t\t\t\t<p>Tezg\u00e2h\u0131m\u0131zda yumu\u015fak dana ve kuzu etlerinden etli tavuk ve hindiye kadar geni\u015f bir et yelpazesi bulunmaktad\u0131r. Ayr\u0131ca burger, k\u00f6fte, merguez ve \u0131zgara veya barbek\u00fc i\u00e7in m\u00fckemmel olan marine edilmi\u015f spesiyaliteler gibi \u00e7ok \u00e7e\u015fitli taze yap\u0131lm\u0131\u015f \u00fcr\u00fcnler sunuyoruz. Her \u015fey, \u00fcr\u00fcnlerimizi benzersiz k\u0131lan modern bir dokunu\u015fla geleneksel tariflere g\u00f6re haz\u0131rlanmaktad\u0131r.<\/p><p>Bizi di\u011ferlerinden ay\u0131ran \u015fey ki\u015fisel yakla\u015f\u0131m\u0131m\u0131zd\u0131r. M\u00fc\u015fterilerimizi ve tercihlerini tan\u0131yoruz ve yemekleriniz i\u00e7in en iyi se\u00e7imler konusunda size tavsiyelerde bulunmak i\u00e7in zaman ay\u0131r\u0131yoruz. \u0130ster bayram vesilesiyle ister hafta i\u00e7i bir \u00f6\u011f\u00fcn olsun, ekibimiz her zaman do\u011fru \u00fcr\u00fcnleri se\u00e7menize yard\u0131mc\u0131 olmaya haz\u0131rd\u0131r.<\/p>\t\t\t\t\t\t\t\t<\/div>\n\t\t\t\t<\/div>\n\t\t\t\t<\/div>\n\t\t\t\t\t<\/div>\n\t\t\t\t<\/div>\n\t\t<div class=\"elementor-element elementor-element-5f9cd52c e-flex e-con-boxed e-con e-parent\" data-id=\"5f9cd52c\" data-element_type=\"container\" data-e-type=\"container\" data-settings=\"{&quot;background_background&quot;:&quot;classic&quot;}\">\n\t\t\t\t\t<div class=\"e-con-inner\">\n\t\t<div class=\"elementor-element elementor-element-3a2da230 e-con-full e-flex e-con e-child\" data-id=\"3a2da230\" data-element_type=\"container\" data-e-type=\"container\">\n\t\t\t\t<div class=\"elementor-element elementor-element-49421be elementor-widget elementor-widget-heading\" data-id=\"49421be\" data-element_type=\"widget\" data-e-type=\"widget\" data-widget_type=\"heading.default\">\n\t\t\t\t<div class=\"elementor-widget-container\">\n\t\t\t\t\t<h2 class=\"elementor-heading-title elementor-size-default\">Herhangi bir sorunuz var m\u0131?<\/h2>\t\t\t\t<\/div>\n\t\t\t\t<\/div>\n\t\t\t\t<div class=\"elementor-element elementor-element-5710ec8e elementor-widget elementor-widget-text-editor\" data-id=\"5710ec8e\" data-element_type=\"widget\" data-e-type=\"widget\" data-widget_type=\"text-editor.default\">\n\t\t\t\t<div class=\"elementor-widget-container\">\n\t\t\t\t\t\t\t\t\t<p>Herhangi bir sorunuz varsa, kasab\u0131m\u0131z\u0131 ziyaret etmekten veya posta veya telefon yoluyla bizimle ileti\u015fime ge\u00e7mekten \u00e7ekinmeyin.<\/p>\t\t\t\t\t\t\t\t<\/div>\n\t\t\t\t<\/div>\n\t\t\t\t<div class=\"elementor-element elementor-element-5a1c0257 elementor-mobile-align-center elementor-align-center elementor-widget elementor-widget-button\" data-id=\"5a1c0257\" data-element_type=\"widget\" data-e-type=\"widget\" data-widget_type=\"button.default\">\n\t\t\t\t<div class=\"elementor-widget-container\">\n\t\t\t\t\t\t\t\t\t<div class=\"elementor-button-wrapper\">\n\t\t\t\t\t<a class=\"elementor-button elementor-button-link elementor-size-md\" href=\"https:\/\/slagerijhamza.be\/tr\/contact\/\">\n\t\t\t\t\t\t<span class=\"elementor-button-content-wrapper\">\n\t\t\t\t\t\t\t\t\t<span class=\"elementor-button-text\">\u0130leti\u015fim<\/span>\n\t\t\t\t\t<\/span>\n\t\t\t\t\t<\/a>\n\t\t\t\t<\/div>\n\t\t\t\t\t\t\t\t<\/div>\n\t\t\t\t<\/div>\n\t\t\t\t<\/div>\n\t\t\t\t\t<\/div>\n\t\t\t\t<\/div>\n\t\t\t\t<\/div>","protected":false},"excerpt":{"rendered":"<p>Over ons Uitgebreid Assortiment aan Vleeswaren Welkom bij Slagerij Hamza, waar kwaliteit en ambacht samenkomen. Wij zijn een familiebedrijf met een passie voor vlees en een toewijding aan het leveren van de beste producten aan onze klanten. Of u nu op zoek bent naar traditioneel gesneden stukken vlees, zorgvuldig geselecteerde specialiteiten, of authentieke vleesgerechten, bij [&hellip;]<\/p>\n","protected":false},"author":1,"featured_media":0,"parent":0,"menu_order":0,"comment_status":"closed","ping_status":"closed","template":"","meta":{"site-sidebar-layout":"no-sidebar","site-content-layout":"page-builder","ast-site-content-layout":"full-width-container","site-content-style":"unboxed","site-sidebar-style":"unboxed","ast-global-header-display":"","ast-banner-title-visibility":"","ast-main-header-display":"","ast-hfb-above-header-display":"","ast-hfb-below-header-display":"","ast-hfb-mobile-header-display":"","site-post-title":"disabled","ast-breadcrumbs-content":"","ast-featured-img":"disabled","footer-sml-layout":"","theme-transparent-header-meta":"enabled","adv-header-id-meta":"","stick-header-meta":"","header-above-stick-meta":"","header-main-stick-meta":"","header-below-stick-meta":"","astra-migrate-meta-layouts":"set","ast-page-background-enabled":"default","ast-page-background-meta":{"desktop":{"background-color":"","background-image":"","background-repeat":"repeat","background-position":"center center","background-size":"auto","background-attachment":"scroll","background-type":"","background-media":"","overlay-type":"","overlay-color":"","overlay-opacity":"","overlay-gradient":""},"tablet":{"background-color":"","background-image":"","background-repeat":"repeat","background-position":"center center","background-size":"auto","background-attachment":"scroll","background-type":"","background-media":"","overlay-type":"","overlay-color":"","overlay-opacity":"","overlay-gradient":""},"mobile":{"background-color":"","background-image":"","background-repeat":"repeat","background-position":"center center","background-size":"auto","background-attachment":"scroll","background-type":"","background-media":"","overlay-type":"","overlay-color":"","overlay-opacity":"","overlay-gradient":""}},"ast-content-background-meta":{"desktop":{"background-color":"var(--ast-global-color-5)","background-image":"","background-repeat":"repeat","background-position":"center center","background-size":"auto","background-attachment":"scroll","background-type":"","background-media":"","overlay-type":"","overlay-color":"","overlay-opacity":"","overlay-gradient":""},"tablet":{"background-color":"var(--ast-global-color-5)","background-image":"","background-repeat":"repeat","background-position":"center center","background-size":"auto","background-attachment":"scroll","background-type":"","background-media":"","overlay-type":"","overlay-color":"","overlay-opacity":"","overlay-gradient":""},"mobile":{"background-color":"var(--ast-global-color-5)","background-image":"","background-repeat":"repeat","background-position":"center center","background-size":"auto","background-attachment":"scroll","background-type":"","background-media":"","overlay-type":"","overlay-color":"","overlay-opacity":"","overlay-gradient":""}},"footnotes":""},"class_list":["post-1083","page","type-page","status-publish","hentry"],"yoast_head":"<!-- This site is optimized with the Yoast SEO plugin v23.7 - https:\/\/yoast.com\/wordpress\/plugins\/seo\/ -->\n<title>Over Slagerij Hamza \u2013 Halal Slagerij in Gent met Passie<\/title>\n<meta name=\"description\" content=\"Lees meer over Slagerij Hamza, een halal slagerij in Gent. Wij bieden vers rundvlees, lam, kip en specialiteiten, met zorg geselecteerd.\" \/>\n<meta name=\"robots\" content=\"index, follow, max-snippet:-1, max-image-preview:large, max-video-preview:-1\" \/>\n<link rel=\"canonical\" href=\"https:\/\/slagerijhamza.be\/tr\/over\/\" \/>\n<meta property=\"og:locale\" content=\"tr_TR\" \/>\n<meta property=\"og:type\" content=\"article\" \/>\n<meta property=\"og:title\" content=\"Over Slagerij Hamza \u2013 Halal Slagerij in Gent met Passie\" \/>\n<meta property=\"og:description\" content=\"Lees meer over Slagerij Hamza, een halal slagerij in Gent. Wij bieden vers rundvlees, lam, kip en specialiteiten, met zorg geselecteerd.\" \/>\n<meta property=\"og:url\" content=\"https:\/\/slagerijhamza.be\/tr\/over\/\" \/>\n<meta property=\"og:site_name\" content=\"Slagerij Hamza\" \/>\n<meta property=\"article:publisher\" content=\"https:\/\/www.facebook.com\/profile.php?id=61566484065698\" \/>\n<meta property=\"article:modified_time\" content=\"2024-10-22T18:49:06+00:00\" \/>\n<meta property=\"og:image\" content=\"https:\/\/slagerijhamza.be\/wp-content\/uploads\/2024\/09\/29-Kuzu-Kaburga-scaled-1.jpg\" \/>\n<meta name=\"twitter:card\" content=\"summary_large_image\" \/>\n<meta name=\"twitter:label1\" content=\"Tahmini okuma s\u00fcresi\" \/>\n\t<meta name=\"twitter:data1\" content=\"2 dakika\" \/>\n<script type=\"application\/ld+json\" class=\"yoast-schema-graph\">{\"@context\":\"https:\/\/schema.org\",\"@graph\":[{\"@type\":\"WebPage\",\"@id\":\"https:\/\/slagerijhamza.be\/over\/\",\"url\":\"https:\/\/slagerijhamza.be\/over\/\",\"name\":\"Over Slagerij Hamza \u2013 Halal Slagerij in Gent met Passie\",\"isPartOf\":{\"@id\":\"https:\/\/slagerijhamza.be\/#website\"},\"primaryImageOfPage\":{\"@id\":\"https:\/\/slagerijhamza.be\/over\/#primaryimage\"},\"image\":{\"@id\":\"https:\/\/slagerijhamza.be\/over\/#primaryimage\"},\"thumbnailUrl\":\"https:\/\/slagerijhamza.be\/wp-content\/uploads\/2024\/09\/29-Kuzu-Kaburga-scaled-1.jpg\",\"datePublished\":\"2024-09-16T14:40:19+00:00\",\"dateModified\":\"2024-10-22T18:49:06+00:00\",\"description\":\"Lees meer over Slagerij Hamza, een halal slagerij in Gent. Wij bieden vers rundvlees, lam, kip en specialiteiten, met zorg geselecteerd.\",\"breadcrumb\":{\"@id\":\"https:\/\/slagerijhamza.be\/over\/#breadcrumb\"},\"inLanguage\":\"tr\",\"potentialAction\":[{\"@type\":\"ReadAction\",\"target\":[\"https:\/\/slagerijhamza.be\/over\/\"]}]},{\"@type\":\"ImageObject\",\"inLanguage\":\"tr\",\"@id\":\"https:\/\/slagerijhamza.be\/over\/#primaryimage\",\"url\":\"https:\/\/slagerijhamza.be\/wp-content\/uploads\/2024\/09\/29-Kuzu-Kaburga-scaled-1.jpg\",\"contentUrl\":\"https:\/\/slagerijhamza.be\/wp-content\/uploads\/2024\/09\/29-Kuzu-Kaburga-scaled-1.jpg\"},{\"@type\":\"BreadcrumbList\",\"@id\":\"https:\/\/slagerijhamza.be\/over\/#breadcrumb\",\"itemListElement\":[{\"@type\":\"ListItem\",\"position\":1,\"name\":\"Home\",\"item\":\"https:\/\/slagerijhamza.be\/\"},{\"@type\":\"ListItem\",\"position\":2,\"name\":\"Over\"}]},{\"@type\":\"WebSite\",\"@id\":\"https:\/\/slagerijhamza.be\/#website\",\"url\":\"https:\/\/slagerijhamza.be\/\",\"name\":\"Slagerij Hamza\",\"description\":\"Halal vlees\",\"publisher\":{\"@id\":\"https:\/\/slagerijhamza.be\/#organization\"},\"potentialAction\":[{\"@type\":\"SearchAction\",\"target\":{\"@type\":\"EntryPoint\",\"urlTemplate\":\"https:\/\/slagerijhamza.be\/?s={search_term_string}\"},\"query-input\":{\"@type\":\"PropertyValueSpecification\",\"valueRequired\":true,\"valueName\":\"search_term_string\"}}],\"inLanguage\":\"tr\"},{\"@type\":\"Organization\",\"@id\":\"https:\/\/slagerijhamza.be\/#organization\",\"name\":\"Slagerij Hamza\",\"url\":\"https:\/\/slagerijhamza.be\/\",\"logo\":{\"@type\":\"ImageObject\",\"inLanguage\":\"tr\",\"@id\":\"https:\/\/slagerijhamza.be\/#\/schema\/logo\/image\/\",\"url\":\"https:\/\/slagerijhamza.be\/wp-content\/uploads\/2024\/09\/cropped-Ontwerp-zonder-titel-2024-09-18T143535.224-e1726663018490-1.png\",\"contentUrl\":\"https:\/\/slagerijhamza.be\/wp-content\/uploads\/2024\/09\/cropped-Ontwerp-zonder-titel-2024-09-18T143535.224-e1726663018490-1.png\",\"width\":525,\"height\":400,\"caption\":\"Slagerij Hamza\"},\"image\":{\"@id\":\"https:\/\/slagerijhamza.be\/#\/schema\/logo\/image\/\"},\"sameAs\":[\"https:\/\/www.facebook.com\/profile.php?id=61566484065698\",\"https:\/\/www.instagram.com\/slagerijhamza\"]}]}<\/script>\n<!-- \/ Yoast SEO plugin. -->","yoast_head_json":{"title":"Over Slagerij Hamza \u2013 Halal Slagerij in Gent met Passie","description":"Lees meer over Slagerij Hamza, een halal slagerij in Gent. Wij bieden vers rundvlees, lam, kip en specialiteiten, met zorg geselecteerd.","robots":{"index":"index","follow":"follow","max-snippet":"max-snippet:-1","max-image-preview":"max-image-preview:large","max-video-preview":"max-video-preview:-1"},"canonical":"https:\/\/slagerijhamza.be\/tr\/over\/","og_locale":"tr_TR","og_type":"article","og_title":"Over Slagerij Hamza \u2013 Halal Slagerij in Gent met Passie","og_description":"Lees meer over Slagerij Hamza, een halal slagerij in Gent. Wij bieden vers rundvlees, lam, kip en specialiteiten, met zorg geselecteerd.","og_url":"https:\/\/slagerijhamza.be\/tr\/over\/","og_site_name":"Slagerij Hamza","article_publisher":"https:\/\/www.facebook.com\/profile.php?id=61566484065698","article_modified_time":"2024-10-22T18:49:06+00:00","og_image":[{"url":"https:\/\/slagerijhamza.be\/wp-content\/uploads\/2024\/09\/29-Kuzu-Kaburga-scaled-1.jpg"}],"twitter_card":"summary_large_image","twitter_misc":{"Tahmini okuma s\u00fcresi":"2 dakika"},"schema":{"@context":"https:\/\/schema.org","@graph":[{"@type":"WebPage","@id":"https:\/\/slagerijhamza.be\/over\/","url":"https:\/\/slagerijhamza.be\/over\/","name":"Over Slagerij Hamza \u2013 Halal Slagerij in Gent met Passie","isPartOf":{"@id":"https:\/\/slagerijhamza.be\/#website"},"primaryImageOfPage":{"@id":"https:\/\/slagerijhamza.be\/over\/#primaryimage"},"image":{"@id":"https:\/\/slagerijhamza.be\/over\/#primaryimage"},"thumbnailUrl":"https:\/\/slagerijhamza.be\/wp-content\/uploads\/2024\/09\/29-Kuzu-Kaburga-scaled-1.jpg","datePublished":"2024-09-16T14:40:19+00:00","dateModified":"2024-10-22T18:49:06+00:00","description":"Lees meer over Slagerij Hamza, een halal slagerij in Gent. Wij bieden vers rundvlees, lam, kip en specialiteiten, met zorg geselecteerd.","breadcrumb":{"@id":"https:\/\/slagerijhamza.be\/over\/#breadcrumb"},"inLanguage":"tr","potentialAction":[{"@type":"ReadAction","target":["https:\/\/slagerijhamza.be\/over\/"]}]},{"@type":"ImageObject","inLanguage":"tr","@id":"https:\/\/slagerijhamza.be\/over\/#primaryimage","url":"https:\/\/slagerijhamza.be\/wp-content\/uploads\/2024\/09\/29-Kuzu-Kaburga-scaled-1.jpg","contentUrl":"https:\/\/slagerijhamza.be\/wp-content\/uploads\/2024\/09\/29-Kuzu-Kaburga-scaled-1.jpg"},{"@type":"BreadcrumbList","@id":"https:\/\/slagerijhamza.be\/over\/#breadcrumb","itemListElement":[{"@type":"ListItem","position":1,"name":"Home","item":"https:\/\/slagerijhamza.be\/"},{"@type":"ListItem","position":2,"name":"Over"}]},{"@type":"WebSite","@id":"https:\/\/slagerijhamza.be\/#website","url":"https:\/\/slagerijhamza.be\/","name":"Kasap Hamza'n\u0131n d\u00fckkan\u0131na","description":"Helal kesim","publisher":{"@id":"https:\/\/slagerijhamza.be\/#organization"},"potentialAction":[{"@type":"SearchAction","target":{"@type":"EntryPoint","urlTemplate":"https:\/\/slagerijhamza.be\/?s={search_term_string}"},"query-input":{"@type":"PropertyValueSpecification","valueRequired":true,"valueName":"search_term_string"}}],"inLanguage":"tr"},{"@type":"Organization","@id":"https:\/\/slagerijhamza.be\/#organization","name":"Kasap Hamza'n\u0131n d\u00fckkan\u0131na","url":"https:\/\/slagerijhamza.be\/","logo":{"@type":"ImageObject","inLanguage":"tr","@id":"https:\/\/slagerijhamza.be\/#\/schema\/logo\/image\/","url":"https:\/\/slagerijhamza.be\/wp-content\/uploads\/2024\/09\/cropped-Ontwerp-zonder-titel-2024-09-18T143535.224-e1726663018490-1.png","contentUrl":"https:\/\/slagerijhamza.be\/wp-content\/uploads\/2024\/09\/cropped-Ontwerp-zonder-titel-2024-09-18T143535.224-e1726663018490-1.png","width":525,"height":400,"caption":"Slagerij Hamza"},"image":{"@id":"https:\/\/slagerijhamza.be\/#\/schema\/logo\/image\/"},"sameAs":["https:\/\/www.facebook.com\/profile.php?id=61566484065698","https:\/\/www.instagram.com\/slagerijhamza"]}]}},"_links":{"self":[{"href":"https:\/\/slagerijhamza.be\/tr\/wp-json\/wp\/v2\/pages\/1083","targetHints":{"allow":["GET"]}}],"collection":[{"href":"https:\/\/slagerijhamza.be\/tr\/wp-json\/wp\/v2\/pages"}],"about":[{"href":"https:\/\/slagerijhamza.be\/tr\/wp-json\/wp\/v2\/types\/page"}],"author":[{"embeddable":true,"href":"https:\/\/slagerijhamza.be\/tr\/wp-json\/wp\/v2\/users\/1"}],"replies":[{"embeddable":true,"href":"https:\/\/slagerijhamza.be\/tr\/wp-json\/wp\/v2\/comments?post=1083"}],"version-history":[{"count":14,"href":"https:\/\/slagerijhamza.be\/tr\/wp-json\/wp\/v2\/pages\/1083\/revisions"}],"predecessor-version":[{"id":2159,"href":"https:\/\/slagerijhamza.be\/tr\/wp-json\/wp\/v2\/pages\/1083\/revisions\/2159"}],"wp:attachment":[{"href":"https:\/\/slagerijhamza.be\/tr\/wp-json\/wp\/v2\/media?parent=1083"}],"curies":[{"name":"wp","href":"https:\/\/api.w.org\/{rel}","templated":true}]}}